{"id":26601,"date":"2023-04-27T15:55:20","date_gmt":"2023-04-27T13:55:20","guid":{"rendered":"https:\/\/junts.enproceso.es\/politica-de-cookies\/"},"modified":"2024-05-14T15:57:14","modified_gmt":"2024-05-14T13:57:14","slug":"politica-de-cookies-es","status":"publish","type":"page","link":"https:\/\/juntscontraelcancer.cat\/es\/politica-de-cookies-es\/","title":{"rendered":"Pol\u00edtica de cookies"},"content":{"rendered":"\n\n\t<section class=\"section\" id=\"section_505057672\">\n\t\t<div class=\"section-bg fill\" >\n\t\t\t\t\t\t\t\t\t\n\t\t\t\n\n\t\t<\/div>\n\n\t\t\n\n\t\t<div class=\"section-content relative\">\n\t\t\t\n\n\n  <div class=\"banner has-hover onda-bottom has-parallax\" id=\"banner-808270306\">\n          <div class=\"banner-inner fill\">\n        <div class=\"banner-bg fill\" data-parallax=\"-5\" data-parallax-container=\".banner\" data-parallax-background>\n            <img loading=\"lazy\" decoding=\"async\" width=\"1440\" height=\"243\" src=\"https:\/\/juntscontraelcancer.cat\/wp-content\/uploads\/2023\/03\/factorsderisc_header.jpg\" class=\"bg attachment-original size-original\" alt=\"\" \/>                                    \n                    <\/div>\n\t\t\n        <div class=\"banner-layers container\">\n            <div class=\"fill banner-link\"><\/div>            \n\n   <div id=\"text-box-1250721702\" class=\"text-box banner-layer x50 md-x50 lg-x50 y50 md-y50 lg-y50 res-text\">\n                                <div class=\"text-box-content text dark\">\n              \n              <div class=\"text-inner text-center\">\n                  \n\n<h1>Pol\u00edtica de cookies<\/h1>\n\n              <\/div>\n           <\/div>\n                            \n<style>\n#text-box-1250721702 {\n  width: 100%;\n}\n#text-box-1250721702 .text-box-content {\n  font-size: 100%;\n}\n<\/style>\n    <\/div>\n \n\n        <\/div>\n      <\/div>\n\n            \n<style>\n#banner-808270306 {\n  padding-top: 243px;\n}\n<\/style>\n  <\/div>\n\n\n\n\t\t<\/div>\n\n\t\t\n<style>\n#section_505057672 {\n  padding-top: 0px;\n  padding-bottom: 0px;\n}\n<\/style>\n\t<\/section>\n\t\n\n\t<section class=\"section\" id=\"section_1694176300\">\n\t\t<div class=\"section-bg fill\" >\n\t\t\t\t\t\t\t\t\t\n\t\t\t\n\n\t\t<\/div>\n\n\t\t\n\n\t\t<div class=\"section-content relative\">\n\t\t\t\n\n<div class=\"row row-collapse\"  id=\"row-887060333\">\n\n\n\t<div id=\"col-1971381116\" class=\"col small-12 large-12\"  >\n\t\t\t\t<div class=\"col-inner\"  >\n\t\t\t\n\t\t\t\n\n<span><span><a href=\"https:\/\/juntscontraelcancer.cat\/es\/\">Inicio<\/a><\/span><\/span>\n\n\t\t<\/div>\n\t\t\t\t\t<\/div>\n\n\t\n\n<\/div>\n\n\t\t<\/div>\n\n\t\t\n<style>\n#section_1694176300 {\n  padding-top: 30px;\n  padding-bottom: 30px;\n}\n<\/style>\n\t<\/section>\n\t\n\n\t<section class=\"section\" id=\"section_380060735\">\n\t\t<div class=\"section-bg fill\" >\n\t\t\t\t\t\t\t\t\t\n\t\t\t\n\n\t\t<\/div>\n\n\t\t\n\n\t\t<div class=\"section-content relative\">\n\t\t\t\n\n<div class=\"row row-collapse\"  id=\"row-1380270703\">\n\n\n\t<div id=\"col-573285633\" class=\"col small-12 large-12\"  data-animate=\"fadeInUp\">\n\t\t\t\t<div class=\"col-inner\"  >\n\t\t\t\n\t\t\t\n\n<h2>Pol\u00edtica de cookies<\/h2>\r\n\t<div id=\"gap-1472108872\" class=\"gap-element clearfix\" style=\"display:block; height:auto;\">\n\t\t\n<style>\n#gap-1472108872 {\n  padding-top: 10px;\n}\n<\/style>\n\t<\/div>\n\t\r\n\r\n<div class=\"is-divider divider clearfix\" style=\"max-width:122px;height:4px;\"><\/div>\r\n\r\n\t<div id=\"gap-270544227\" class=\"gap-element clearfix\" style=\"display:block; height:auto;\">\n\t\t\n<style>\n#gap-270544227 {\n  padding-top: 20px;\n}\n<\/style>\n\t<\/div>\n\t\r\n\r\n<span style=\"font-weight: 400;\">El dominio <\/span><b>juntscontraelcancer.cat<\/b><span style=\"font-weight: 400;\"> u<\/span><span style=\"font-weight: 400;\">tiliza procedimientos autom\u00e1ticos de recogida <\/span><b>\u201cCookies\u201d<\/b><span style=\"font-weight: 400;\"> para reunir informaci\u00f3n personal como puede ser el tipo de navegador o sistema operativo, p\u00e1gina de referencia, ruta, dominio ISSP, etc. Todo ello con el fin de mejorar los servicios prestados. Las \u201c<\/span><b>Cookies\u201d, <\/b><span style=\"font-weight: 400;\">nos ayudan a adaptar esta p\u00e1gina web a sus necesidades personales.<\/span>\r\n\r\n<b>\u00bfQu\u00e9 son las Cookies?<\/b>\r\n\r\n<b>\r\n<\/b><span style=\"font-weight: 400;\">Una <\/span><b>\u201cCookie\u201d<\/b><span style=\"font-weight: 400;\"> es un peque\u00f1o archivo que se almacena en el ordenador del usuario y nos permite reconocerle. El conjunto de <\/span><b>\u201cCookies\u201d <\/b><span style=\"font-weight: 400;\">nos ayuda a mejorar la calidad de nuestra web permiti\u00e9ndonos as\u00ed personalizar hasta cierto punto la navegaci\u00f3n de cada usuario por nuestra web. Las <\/span><b>\u201cCookies\u201d <\/b><span style=\"font-weight: 400;\">actualmente son esenciales para el funcionamiento de Internet, aportando innumerables ventajas en la prestaci\u00f3n de servicios interactivos, facilit\u00e1ndole la navegaci\u00f3n y usabilidad de nuestra web.<\/span>\r\n\r\n<span style=\"font-weight: 400;\">Tenga en cuenta que las <\/span><b>\u201cCookies\u201d <\/b><span style=\"font-weight: 400;\">no pueden da\u00f1ar su equipo y que, a cambio, el que est\u00e9n activadas nos ayudan a identificar y resolver los errores y mejorar la navegabilidad de nuestro sitio web proporcionando una mejor experiencia.<\/span>\r\n\r\n<span style=\"font-weight: 400;\">Se utilizan <\/span><b>Cookies<\/b><span style=\"font-weight: 400;\"> para:<\/span>\r\n<ul>\r\n \t<li style=\"font-weight: 400;\" aria-level=\"1\"><span style=\"font-weight: 400;\">Asegurar que las p\u00e1ginas web puedan funcionar correctamente.<\/span><\/li>\r\n \t<li style=\"font-weight: 400;\" aria-level=\"1\"><span style=\"font-weight: 400;\">Almacenar las preferencias, como el idioma o la medida de la letra.<\/span><\/li>\r\n \t<li style=\"font-weight: 400;\" aria-level=\"1\"><span style=\"font-weight: 400;\">Conocer la experiencia de navegaciones del usuario.<\/span><\/li>\r\n \t<li style=\"font-weight: 400;\" aria-level=\"1\"><span style=\"font-weight: 400;\">Recopilar informaci\u00f3n estad\u00edstica an\u00f3nima, como p\u00e1ginas ha visitado el usuario o cu\u00e1nto tiempo ha estado en el sitio web.<\/span>&nbsp;<\/li>\r\n<\/ul>\r\n<b>Tipolog\u00eda, finalidad y funcionamiento<\/b>\r\n\r\n&nbsp;\r\n\r\n<span style=\"font-weight: 400;\">Las Cookies en funci\u00f3n de su permanencia, pueden dividirse en cookies de sesi\u00f3n o permanentes. Las primeras expiran cuando el usuario cierra el navegador. Las segundas expiran cuando se cumple el objetivo por el que sirven o bien cuando se borran manualmente.<\/span>\r\n\r\n<span style=\"font-weight: 400;\">\r\n<\/span><span style=\"font-weight: 400;\">Adem\u00e1s, en funci\u00f3n de su objetivo, los Cookies se pueden clasificar de la siguiente forma:<\/span>\r\n<ul>\r\n \t<li style=\"font-weight: 400;\" aria-level=\"1\"><b>Requeridas: <\/b><span style=\"font-weight: 400;\">son aquellas estrictamente necesarias e imprescindibles para el correcto funcionamiento de la p\u00e1gina web. Normalmente se generan cuando el usuario accede al sitio web o inicia sesi\u00f3n en el mismo y se utiliza para identificar en el sitio web con los siguientes objetivos:<\/span><\/li>\r\n<\/ul>\r\n<ul>\r\n \t<li style=\"font-weight: 400;\" aria-level=\"1\"><span style=\"font-weight: 400;\">Mantienen al usuario identificado de forma que, si abandona el sitio web, el navegador o el dispositivo y en otro momento vuelve a acceder a la misma p\u00e1gina, seguir\u00e1 identificado, facilitando as\u00ed su navegaci\u00f3n sin tener que volver a identificar.<\/span><\/li>\r\n \t<li style=\"font-weight: 400;\" aria-level=\"1\"><span style=\"font-weight: 400;\">Comprobar si el usuario este autorizado para acceder a ciertos servicios o zonas del sitio web<\/span>&nbsp;<\/li>\r\n<\/ul>\r\n<ul>\r\n \t<li style=\"font-weight: 400;\" aria-level=\"1\"><b>De preferencia: <\/b><span style=\"font-weight: 400;\">Permiten registrar en el sitio web toda aquella informaci\u00f3n relacionada con la forma en que se comporta la web o su aspecto, como por ejemplo el idioma o la regi\u00f3n donde se encuentra.<\/span><\/li>\r\n \t<li style=\"font-weight: 400;\" aria-level=\"1\"><b>Estad\u00edsticas \/ anal\u00edticas: <\/b><span style=\"font-weight: 400;\">Se utilizan para analizar y mejorar la experiencia de navegaci\u00f3n, optimizar el funcionamiento del sitio web, y ver como interact\u00faan los visitantes, mediante la recopilaci\u00f3n y notificaci\u00f3n de informaci\u00f3n normalmente de forma an\u00f3nima, aunque en ocasiones tambi\u00e9n permiten identificar de manera \u00fanica e inequ\u00edvoca al usuario para obtener informes sobre los intereses de los usuarios en los servicios que ofrece el sitio web<\/span><span style=\"font-weight: 400;\">.<\/span><\/li>\r\n \t<li style=\"font-weight: 400;\" aria-level=\"1\"><b>De m\u00e1rqueting:\u00a0 <\/b><span style=\"font-weight: 400;\">Son aquellas que recaban informaci\u00f3n sobre los anuncios mostrados a los usuarios del sitio web. Pueden ser de dos tipos:<\/span><\/li>\r\n<\/ul>\r\n&nbsp;\r\n<ul>\r\n \t<li style=\"font-weight: 400;\" aria-level=\"1\"><b>An\u00f3nimas:<\/b><span style=\"font-weight: 400;\"> S\u00f3lo recopilan informaci\u00f3n sobre los espacios publicitarios mostrados en el sitio web, con independencia del usuario que accede sin identificarse expresamente.<\/span><\/li>\r\n \t<li style=\"font-weight: 400;\" aria-level=\"1\"><b>Personalizadas:<\/b><span style=\"font-weight: 400;\"> Recopilan informaci\u00f3n personal del usuario del sitio web por parte de un tercero, para la personalizaci\u00f3n de estos espacios publicitarios.<\/span><\/li>\r\n<\/ul>\r\n&nbsp;\r\n<ul>\r\n \t<li style=\"font-weight: 400;\" aria-level=\"1\"><b>De geolocalizaci\u00f3n: <\/b><span style=\"font-weight: 400;\">Estas cookies se utilizan para averiguar en qu\u00e9 pa\u00eds o regi\u00f3n se encuentra el usuario que accede a un servicio del sitio web, para poder ofrecer contenidos o servicios adecuados a su localizaci\u00f3n.<\/span>&nbsp;<\/li>\r\n<\/ul>\r\n<script id=\"CookieDeclaration\" src=\"https:\/\/consent.cookiebot.com\/6d33aee1-8d21-401e-9203-91da2ffadbff\/cd.js\" data-culture=\"ES\" type=\"text\/javascript\" async><\/script>\r\n<b>Privacidad adecuada \/ Gesti\u00f3n de cookies:<\/b>\r\n\r\n<span style=\"font-weight: 400;\">Para m\u00e1s informaci\u00f3n sobre la configuraci\u00f3n apropiada de las cookies y las opciones de activaci\u00f3n, restricci\u00f3n y\/o inhabilitaci\u00f3n se debe acudir en la secci\u00f3n de ayuda de su navegador para conocer m\u00e1s:<\/span>\r\n<table>\r\n<tbody>\r\n<tr>\r\n<td><b>Google Chrome<\/b><\/td>\r\n<td><a href=\"http:\/\/support.google.com\/chrome\/bin\/answer.py?hl=es&amp;answer=95647\"><span style=\"font-weight: 400;\">http:\/\/support.google.com\/chrome\/bin\/answer.py?hl=es&amp;answer=95647<\/span><\/a><\/td>\r\n<\/tr>\r\n<tr>\r\n<td><b>Internet Explorer<\/b><\/td>\r\n<td><a href=\"http:\/\/support.microsoft.com\/es-es\/help\/17442\/windows-internet-explorer-delete-manage-cookies\"><span style=\"font-weight: 400;\">http:\/\/support.microsoft.com\/es-es\/help\/17442\/windows-internet-explorer-delete-manage-cookies<\/span><\/a><\/td>\r\n<\/tr>\r\n<tr>\r\n<td><b>Mozilla Firefox<\/b><\/td>\r\n<td><a href=\"http:\/\/support.mozilla.org\/es\/kb\/habilitar-y-deshabilitar-cookies-que-los-sitios-we\"><span style=\"font-weight: 400;\">http:\/\/support.mozilla.org\/es\/kb\/habilitar-y-deshabilitar-cookies-que-los-sitios-we<\/span><\/a><\/td>\r\n<\/tr>\r\n<tr>\r\n<td><b>Apple Safari<\/b><\/td>\r\n<td><a href=\"http:\/\/support.apple.com\/kb\/ph5042\"><span style=\"font-weight: 400;\">http:\/\/support.apple.com\/kb\/ph5042<\/span><\/a><\/td>\r\n<\/tr>\r\n<\/tbody>\r\n<\/table>\r\n&nbsp;\r\n\r\n<span style=\"font-weight: 400;\">El usuario debe conocer que, al deshabilitar las Cookies, algunas de las funcionalidades y servicios pueden quedar deshabilitados o tener un comportamiento diferente al esperado, como, por ejemplo, permanecer identificado, mantener las compras en el carrito, su localizaci\u00f3n, etc. entre otros y que se degrade notablemente su navegaci\u00f3n.<\/span>\r\n\r\n&nbsp;\r\n\r\n<b>Actualizaci\u00f3n de la Pol\u00edtica de cookies<\/b>\r\n\r\n<span style=\"font-weight: 400;\">El responsable de tratamiento puede modificar esta Pol\u00edtica de cookies en funci\u00f3n de exigencias legislativas, reglamentarias, o con la finalidad de adaptar dicha pol\u00edtica a las instrucciones dictadas.<\/span>\n\n\n\t\t<\/div>\n\t\t\t\t\t<\/div>\n\n\t\n\n<\/div>\n<div class=\"row\"  id=\"row-1464607207\">\n\n\n\t<div id=\"col-1599570532\" class=\"col small-12 large-12\"  >\n\t\t\t\t<div class=\"col-inner\"  >\n\t\t\t\n\t\t\t\n\n\t<div id=\"gap-1745647708\" class=\"gap-element clearfix\" style=\"display:block; height:auto;\">\n\t\t\n<style>\n#gap-1745647708 {\n  padding-top: 50px;\n}\n<\/style>\n\t<\/div>\n\t\n\n\n\t\t<\/div>\n\t\t\t\t\t<\/div>\n\n\t\n\n<\/div>\n\n\t\t<\/div>\n\n\t\t\n<style>\n#section_380060735 {\n  padding-top: 0px;\n  padding-bottom: 0px;\n}\n<\/style>\n\t<\/section>\n\t\n\n","protected":false},"excerpt":{"rendered":"","protected":false},"author":1,"featured_media":0,"parent":0,"menu_order":0,"comment_status":"closed","ping_status":"closed","template":"page-blank.php","meta":{"_acf_changed":false,"inline_featured_image":false,"footnotes":""},"class_list":["post-26601","page","type-page","status-publish","hentry"],"acf":[],"yoast_head":"<!-- This site is optimized with the Yoast SEO plugin v27.3 - https:\/\/yoast.com\/product\/yoast-seo-wordpress\/ -->\n<title>Pol\u00edtica de cookies - Junts contra el c\u00e0ncer - FECEC<\/title>\n<meta name=\"robots\" content=\"index, follow, max-snippet:-1, max-image-preview:large, max-video-preview:-1\" \/>\n<link rel=\"canonical\" href=\"https:\/\/juntscontraelcancer.cat\/es\/politica-de-cookies-es\/\" \/>\n<meta property=\"og:locale\" content=\"es_ES\" \/>\n<meta property=\"og:type\" content=\"article\" \/>\n<meta property=\"og:title\" content=\"Pol\u00edtica de cookies - Junts contra el c\u00e0ncer - FECEC\" \/>\n<meta property=\"og:url\" content=\"https:\/\/juntscontraelcancer.cat\/es\/politica-de-cookies-es\/\" \/>\n<meta property=\"og:site_name\" content=\"Junts contra el c\u00e0ncer - FECEC\" \/>\n<meta property=\"article:publisher\" content=\"https:\/\/www.facebook.com\/fecec.federacio\/\" \/>\n<meta property=\"article:modified_time\" content=\"2024-05-14T13:57:14+00:00\" \/>\n<meta name=\"twitter:card\" content=\"summary_large_image\" \/>\n<meta name=\"twitter:site\" content=\"@FececFederacio\" \/>\n<meta name=\"twitter:label1\" content=\"Tiempo de lectura\" \/>\n\t<meta name=\"twitter:data1\" content=\"4 minutos\" \/>\n<script type=\"application\/ld+json\" class=\"yoast-schema-graph\">{\"@context\":\"https:\\\/\\\/schema.org\",\"@graph\":[{\"@type\":\"WebPage\",\"@id\":\"https:\\\/\\\/juntscontraelcancer.cat\\\/es\\\/politica-de-cookies-es\\\/\",\"url\":\"https:\\\/\\\/juntscontraelcancer.cat\\\/es\\\/politica-de-cookies-es\\\/\",\"name\":\"Pol\u00edtica de cookies - Junts contra el c\u00e0ncer - FECEC\",\"isPartOf\":{\"@id\":\"https:\\\/\\\/juntscontraelcancer.cat\\\/es\\\/#website\"},\"datePublished\":\"2023-04-27T13:55:20+00:00\",\"dateModified\":\"2024-05-14T13:57:14+00:00\",\"breadcrumb\":{\"@id\":\"https:\\\/\\\/juntscontraelcancer.cat\\\/es\\\/politica-de-cookies-es\\\/#breadcrumb\"},\"inLanguage\":\"es\",\"potentialAction\":[{\"@type\":\"ReadAction\",\"target\":[\"https:\\\/\\\/juntscontraelcancer.cat\\\/es\\\/politica-de-cookies-es\\\/\"]}]},{\"@type\":\"BreadcrumbList\",\"@id\":\"https:\\\/\\\/juntscontraelcancer.cat\\\/es\\\/politica-de-cookies-es\\\/#breadcrumb\",\"itemListElement\":[{\"@type\":\"ListItem\",\"position\":1,\"name\":\"Inicio\",\"item\":\"https:\\\/\\\/juntscontraelcancer.cat\\\/es\\\/\"},{\"@type\":\"ListItem\",\"position\":2,\"name\":\"Pol\u00edtica de cookies\"}]},{\"@type\":\"WebSite\",\"@id\":\"https:\\\/\\\/juntscontraelcancer.cat\\\/es\\\/#website\",\"url\":\"https:\\\/\\\/juntscontraelcancer.cat\\\/es\\\/\",\"name\":\"Junts contra el c\u00e0ncer - FECEC\",\"description\":\"\",\"publisher\":{\"@id\":\"https:\\\/\\\/juntscontraelcancer.cat\\\/es\\\/#organization\"},\"potentialAction\":[{\"@type\":\"SearchAction\",\"target\":{\"@type\":\"EntryPoint\",\"urlTemplate\":\"https:\\\/\\\/juntscontraelcancer.cat\\\/es\\\/?s={search_term_string}\"},\"query-input\":{\"@type\":\"PropertyValueSpecification\",\"valueRequired\":true,\"valueName\":\"search_term_string\"}}],\"inLanguage\":\"es\"},{\"@type\":\"Organization\",\"@id\":\"https:\\\/\\\/juntscontraelcancer.cat\\\/es\\\/#organization\",\"name\":\"Junts contra el c\u00e0ncer - FECEC\",\"url\":\"https:\\\/\\\/juntscontraelcancer.cat\\\/es\\\/\",\"logo\":{\"@type\":\"ImageObject\",\"inLanguage\":\"es\",\"@id\":\"https:\\\/\\\/juntscontraelcancer.cat\\\/es\\\/#\\\/schema\\\/logo\\\/image\\\/\",\"url\":\"https:\\\/\\\/juntscontraelcancer.cat\\\/wp-content\\\/uploads\\\/2023\\\/01\\\/logo-fecec-header.png\",\"contentUrl\":\"https:\\\/\\\/juntscontraelcancer.cat\\\/wp-content\\\/uploads\\\/2023\\\/01\\\/logo-fecec-header.png\",\"width\":126,\"height\":74,\"caption\":\"Junts contra el c\u00e0ncer - FECEC\"},\"image\":{\"@id\":\"https:\\\/\\\/juntscontraelcancer.cat\\\/es\\\/#\\\/schema\\\/logo\\\/image\\\/\"},\"sameAs\":[\"https:\\\/\\\/www.facebook.com\\\/fecec.federacio\\\/\",\"https:\\\/\\\/x.com\\\/FececFederacio\",\"https:\\\/\\\/www.instagram.com\\\/fececfederacio\\\/?hl=es\",\"https:\\\/\\\/www.youtube.com\\\/channel\\\/UCgAC_6c6hmHwMQhSCQyYBdA\"]}]}<\/script>\n<!-- \/ Yoast SEO plugin. -->","yoast_head_json":{"title":"Pol\u00edtica de cookies - Junts contra el c\u00e0ncer - FECEC","robots":{"index":"index","follow":"follow","max-snippet":"max-snippet:-1","max-image-preview":"max-image-preview:large","max-video-preview":"max-video-preview:-1"},"canonical":"https:\/\/juntscontraelcancer.cat\/es\/politica-de-cookies-es\/","og_locale":"es_ES","og_type":"article","og_title":"Pol\u00edtica de cookies - Junts contra el c\u00e0ncer - FECEC","og_url":"https:\/\/juntscontraelcancer.cat\/es\/politica-de-cookies-es\/","og_site_name":"Junts contra el c\u00e0ncer - FECEC","article_publisher":"https:\/\/www.facebook.com\/fecec.federacio\/","article_modified_time":"2024-05-14T13:57:14+00:00","twitter_card":"summary_large_image","twitter_site":"@FececFederacio","twitter_misc":{"Tiempo de lectura":"4 minutos"},"schema":{"@context":"https:\/\/schema.org","@graph":[{"@type":"WebPage","@id":"https:\/\/juntscontraelcancer.cat\/es\/politica-de-cookies-es\/","url":"https:\/\/juntscontraelcancer.cat\/es\/politica-de-cookies-es\/","name":"Pol\u00edtica de cookies - Junts contra el c\u00e0ncer - FECEC","isPartOf":{"@id":"https:\/\/juntscontraelcancer.cat\/es\/#website"},"datePublished":"2023-04-27T13:55:20+00:00","dateModified":"2024-05-14T13:57:14+00:00","breadcrumb":{"@id":"https:\/\/juntscontraelcancer.cat\/es\/politica-de-cookies-es\/#breadcrumb"},"inLanguage":"es","potentialAction":[{"@type":"ReadAction","target":["https:\/\/juntscontraelcancer.cat\/es\/politica-de-cookies-es\/"]}]},{"@type":"BreadcrumbList","@id":"https:\/\/juntscontraelcancer.cat\/es\/politica-de-cookies-es\/#breadcrumb","itemListElement":[{"@type":"ListItem","position":1,"name":"Inicio","item":"https:\/\/juntscontraelcancer.cat\/es\/"},{"@type":"ListItem","position":2,"name":"Pol\u00edtica de cookies"}]},{"@type":"WebSite","@id":"https:\/\/juntscontraelcancer.cat\/es\/#website","url":"https:\/\/juntscontraelcancer.cat\/es\/","name":"Junts contra el c\u00e0ncer - FECEC","description":"","publisher":{"@id":"https:\/\/juntscontraelcancer.cat\/es\/#organization"},"potentialAction":[{"@type":"SearchAction","target":{"@type":"EntryPoint","urlTemplate":"https:\/\/juntscontraelcancer.cat\/es\/?s={search_term_string}"},"query-input":{"@type":"PropertyValueSpecification","valueRequired":true,"valueName":"search_term_string"}}],"inLanguage":"es"},{"@type":"Organization","@id":"https:\/\/juntscontraelcancer.cat\/es\/#organization","name":"Junts contra el c\u00e0ncer - FECEC","url":"https:\/\/juntscontraelcancer.cat\/es\/","logo":{"@type":"ImageObject","inLanguage":"es","@id":"https:\/\/juntscontraelcancer.cat\/es\/#\/schema\/logo\/image\/","url":"https:\/\/juntscontraelcancer.cat\/wp-content\/uploads\/2023\/01\/logo-fecec-header.png","contentUrl":"https:\/\/juntscontraelcancer.cat\/wp-content\/uploads\/2023\/01\/logo-fecec-header.png","width":126,"height":74,"caption":"Junts contra el c\u00e0ncer - FECEC"},"image":{"@id":"https:\/\/juntscontraelcancer.cat\/es\/#\/schema\/logo\/image\/"},"sameAs":["https:\/\/www.facebook.com\/fecec.federacio\/","https:\/\/x.com\/FececFederacio","https:\/\/www.instagram.com\/fececfederacio\/?hl=es","https:\/\/www.youtube.com\/channel\/UCgAC_6c6hmHwMQhSCQyYBdA"]}]}},"_links":{"self":[{"href":"https:\/\/juntscontraelcancer.cat\/es\/wp-json\/wp\/v2\/pages\/26601","targetHints":{"allow":["GET"]}}],"collection":[{"href":"https:\/\/juntscontraelcancer.cat\/es\/wp-json\/wp\/v2\/pages"}],"about":[{"href":"https:\/\/juntscontraelcancer.cat\/es\/wp-json\/wp\/v2\/types\/page"}],"author":[{"embeddable":true,"href":"https:\/\/juntscontraelcancer.cat\/es\/wp-json\/wp\/v2\/users\/1"}],"replies":[{"embeddable":true,"href":"https:\/\/juntscontraelcancer.cat\/es\/wp-json\/wp\/v2\/comments?post=26601"}],"version-history":[{"count":9,"href":"https:\/\/juntscontraelcancer.cat\/es\/wp-json\/wp\/v2\/pages\/26601\/revisions"}],"predecessor-version":[{"id":35563,"href":"https:\/\/juntscontraelcancer.cat\/es\/wp-json\/wp\/v2\/pages\/26601\/revisions\/35563"}],"wp:attachment":[{"href":"https:\/\/juntscontraelcancer.cat\/es\/wp-json\/wp\/v2\/media?parent=26601"}],"curies":[{"name":"wp","href":"https:\/\/api.w.org\/{rel}","templated":true}]}}