{"id":26596,"date":"2023-04-27T15:23:52","date_gmt":"2023-04-27T13:23:52","guid":{"rendered":"https:\/\/junts.enproceso.es\/politica-de-privacidad\/"},"modified":"2024-05-14T16:57:43","modified_gmt":"2024-05-14T14:57:43","slug":"politica-de-privacidad","status":"publish","type":"page","link":"https:\/\/juntscontraelcancer.cat\/es\/politica-de-privacidad\/","title":{"rendered":"Pol\u00edtica de Privacidad"},"content":{"rendered":"\n\n\t<section class=\"section\" id=\"section_1752296148\">\n\t\t<div class=\"section-bg fill\" >\n\t\t\t\t\t\t\t\t\t\n\t\t\t\n\n\t\t<\/div>\n\n\t\t\n\n\t\t<div class=\"section-content relative\">\n\t\t\t\n\n\n  <div class=\"banner has-hover onda-bottom has-parallax\" id=\"banner-2113511080\">\n          <div class=\"banner-inner fill\">\n        <div class=\"banner-bg fill\" data-parallax=\"-5\" data-parallax-container=\".banner\" data-parallax-background>\n            <img loading=\"lazy\" decoding=\"async\" width=\"1440\" height=\"243\" src=\"https:\/\/juntscontraelcancer.cat\/wp-content\/uploads\/2023\/03\/factorsderisc_header.jpg\" class=\"bg attachment-original size-original\" alt=\"\" \/>                                    \n                    <\/div>\n\t\t\n        <div class=\"banner-layers container\">\n            <div class=\"fill banner-link\"><\/div>            \n\n   <div id=\"text-box-1615537975\" class=\"text-box banner-layer x50 md-x50 lg-x50 y50 md-y50 lg-y50 res-text\">\n                                <div class=\"text-box-content text dark\">\n              \n              <div class=\"text-inner text-center\">\n                  \n\n<h1>Pol\u00edtica de privacidad<\/h1>\n\n              <\/div>\n           <\/div>\n                            \n<style>\n#text-box-1615537975 {\n  width: 100%;\n}\n#text-box-1615537975 .text-box-content {\n  font-size: 100%;\n}\n<\/style>\n    <\/div>\n \n\n        <\/div>\n      <\/div>\n\n            \n<style>\n#banner-2113511080 {\n  padding-top: 243px;\n}\n<\/style>\n  <\/div>\n\n\n\n\t\t<\/div>\n\n\t\t\n<style>\n#section_1752296148 {\n  padding-top: 0px;\n  padding-bottom: 0px;\n}\n<\/style>\n\t<\/section>\n\t\n\n\t<section class=\"section\" id=\"section_2044538438\">\n\t\t<div class=\"section-bg fill\" >\n\t\t\t\t\t\t\t\t\t\n\t\t\t\n\n\t\t<\/div>\n\n\t\t\n\n\t\t<div class=\"section-content relative\">\n\t\t\t\n\n<div class=\"row row-collapse\"  id=\"row-2012782140\">\n\n\n\t<div id=\"col-152925417\" class=\"col small-12 large-12\"  >\n\t\t\t\t<div class=\"col-inner\"  >\n\t\t\t\n\t\t\t\n\n<span><span><a href=\"https:\/\/juntscontraelcancer.cat\/es\/\">Inicio<\/a><\/span><\/span>\n\n\t\t<\/div>\n\t\t\t\t\t<\/div>\n\n\t\n\n<\/div>\n\n\t\t<\/div>\n\n\t\t\n<style>\n#section_2044538438 {\n  padding-top: 30px;\n  padding-bottom: 30px;\n}\n<\/style>\n\t<\/section>\n\t\n\n\t<section class=\"section\" id=\"section_992125723\">\n\t\t<div class=\"section-bg fill\" >\n\t\t\t\t\t\t\t\t\t\n\t\t\t\n\n\t\t<\/div>\n\n\t\t\n\n\t\t<div class=\"section-content relative\">\n\t\t\t\n\n<div class=\"row row-collapse\"  id=\"row-1799002408\">\n\n\n\t<div id=\"col-1260945053\" class=\"col small-12 large-12\"  data-animate=\"fadeInUp\">\n\t\t\t\t<div class=\"col-inner\"  >\n\t\t\t\n\t\t\t\n\n<h2>Pol\u00edtica de privacidad<\/h2>\r\n\t<div id=\"gap-569417188\" class=\"gap-element clearfix\" style=\"display:block; height:auto;\">\n\t\t\n<style>\n#gap-569417188 {\n  padding-top: 10px;\n}\n<\/style>\n\t<\/div>\n\t\r\n\r\n<div class=\"is-divider divider clearfix\" style=\"max-width:122px;height:4px;\"><\/div>\r\n\r\n\t<div id=\"gap-1148654722\" class=\"gap-element clearfix\" style=\"display:block; height:auto;\">\n\t\t\n<style>\n#gap-1148654722 {\n  padding-top: 20px;\n}\n<\/style>\n\t<\/div>\n\t\r\n<h3><strong>RESPONSABLE<\/strong><\/h3>\r\nDe conformidad con lo establecido por el <strong>Reglamento General (UE) 2016\/679 de Protecci\u00f3n de datos y la Ley Org\u00e1nica 3\/2018 de Protecci\u00f3n de Datos personales y garant\u00eda de los derechos digitales<\/strong>, le informamos que los datos personales facilitados a trav\u00e9s de los formularios, as\u00ed como su direcci\u00f3n de correo electr\u00f3nico, han sido incluidos en un tratamiento titularidad de <strong>FEDERACI\u00d3 CATALANA D\u2019ENTITATS CONTRA EL C\u00c0NCER, [<\/strong>de ahora en adelante<strong> FECEC], <\/strong>con domicilio social en la C\/ PERE VERG\u00c9S, 1\u00a0 Planta 11\u00aa, despacho 1 &#8211; 08020 BARCELONA, NIF G62599212, registrada con el n.\u00ba 408 al Registro de Asociaciones de la Generalitat de Catalu\u00f1a, registrada con el n.\u00ba 399 al Registro de grupos de inter\u00e9s de la Administraci\u00f3n de la Generalitat, es la encargada de la explotaci\u00f3n, gesti\u00f3n y funcionamiento del portal Web mencionado anteriormente.\r\n\r\nSe informa que los datos pueden ser tratados con la finalidad de facilitar informaci\u00f3n de nuestros productos y \/ o servicios por medios electr\u00f3nicos, siempre que nos autorice a su tratamiento. Sus datos podr\u00e1n ser objeto de la elaboraci\u00f3n de perfiles, con el fin de aplicar un plan de fidelizaci\u00f3n de acuerdo a la vinculaci\u00f3n comercial del cliente y ofrecer ofertas que sean adecuadas a sus preferencias. Usted podr\u00e1 en cualquier momento oponerse a este tipo de comunicaciones, enviando un correo electr\u00f3nico a la direcci\u00f3n <a href=\"mailto:federacio@juntscontraelcancer.cat\"><strong>federacio@juntscontraelcancer.cat<\/strong><\/a> e indicando en el asunto <strong>\u00abBaja de la lista de distribuci\u00f3n\u00bb.<\/strong>\r\n\r\nAs\u00ed mismo, podr\u00e1 ejercer los derechos de <strong>a<\/strong>cceso, <strong>r<\/strong>ectificaci\u00f3n, <strong>s<\/strong>upresi\u00f3n, <strong>o<\/strong>posici\u00f3n, <strong>p<\/strong>ortabilidad y <strong>l<\/strong>imitaci\u00f3n, enviando un escrito acompa\u00f1ado de una fotocopia del D.N.I o documento acreditativo equivalente a la siguiente direcci\u00f3n electr\u00f3nica: <a href=\"mailto:dpd@juntscontraelcancer.cat\"><strong>dpd@juntscontraelcancer.cat <\/strong><\/a>indicando en el asunto \u00ab<strong>Protecci\u00f3n de datos<\/strong>\u00ab.\r\n<h3><strong>POL\u00cdTICA<\/strong><\/h3>\r\n<strong>FECEC<\/strong> est\u00e1 especialmente sensibilizado con la protecci\u00f3n de los datos de los usuarios de los servicios que acceden al sitio web. Mediante la presente Pol\u00edtica de Privacidad se informa a los usuarios de <a href=\"https:\/\/juntscontraelcancer.cat\"><strong>juntscontraelcancer.cat<\/strong> <\/a>del tratamiento y usos a los que se someten los datos personales que se recaban en la web mediante la <strong>informaci\u00f3n adicional<\/strong>, con el fin de que decidan, libre y voluntariamente, si desean facilitar la informaci\u00f3n solicitada.\r\n<h3><strong>MEDIDAS DE SEGURIDAD<\/strong><\/h3>\r\nFinalmente se informa que <strong>FECEC, <\/strong>ha adoptado en el sistema de informaci\u00f3n las medidas t\u00e9cnicas y organizativas adecuadas, con objeto de garantizar la seguridad y confidencialidad de los datos almacenados, evitando as\u00ed, su alteraci\u00f3n, p\u00e9rdida, tratamiento o acceso no autorizado; teniendo en cuenta el estado de la t\u00e9cnica, los costes de aplicaci\u00f3n, y la naturaleza, el alcance, el contexto y las finalidades del tratamiento, as\u00ed como riesgos de probabilidad y gravedad variables asociadas a cada uno de los tratamientos.\r\n<h3><strong>REDES SOCIALES\r\n<\/strong><\/h3>\r\nSe informa que <strong>FECEC <\/strong>puede tener presencia en redes sociales. El tratamiento de los datos que se lleve a cabo de las personas que se hagan seguidoras de las redes sociales (y\/o realicen cualquier v\u00ednculo o acci\u00f3n de conexi\u00f3n a trav\u00e9s de redes sociales) de las p\u00e1ginas web oficiales de <strong>FECEC <\/strong>se regir\u00e1 por este apartado, as\u00ed como por aquellas condiciones de uso, pol\u00edticas de privacidad y normativas de acceso que pertenezcan a la red social que proceda en cada caso y sean aceptadas previamente por el usuario.\r\n\r\n<strong>FECEC <\/strong>tratar\u00e1 sus datos con la finalidad de administrar correctamente su presencia en la red social, informando de actividades, productos o servicios de la empresa, as\u00ed como para cualquier otra finalidad que las normativas de las redes sociales permitan.\r\n\r\nQueda prohibida la publicaci\u00f3n de contenidos:\r\n<ul>\r\n \t<li>Que sean presuntamente il\u00edcitos para la normativa nacional, comunitaria o internacional o que realicen actividades presuntamente il\u00edcitas o contravengan los principios de la buena fe.<\/li>\r\n \t<li>Que atenten contra los derechos fundamentales de las personas, falten a la cortes\u00eda dentro de la red social, molesten o puedan generar opiniones negativas de nuestros usuarios o terceros y en general cualquier contenido que <strong>FECEC\u00a0<\/strong> considere inapropiado.<\/li>\r\n \t<li>Y en general que contravengan los principios de legalidad, honor, responsabilidad, protecci\u00f3n de la dignidad humana, protecci\u00f3n de menores, protecci\u00f3n del orden p\u00fablico, la protecci\u00f3n de la vida privada, la protecci\u00f3n del consumidor y los derechos de propiedad intelectual e industrial.<\/li>\r\n<\/ul>\r\nAs\u00ed mismo, <strong>FECEC\u00a0se reserva la potestad de retirar, sin previo aviso, del Sitio web o de la red social corporativa aquellos contenidos que se consideren inapropiados.<\/strong>\r\n\r\nEn todo caso, si usted remite informaci\u00f3n personal a trav\u00e9s de las redes sociales, <strong>FECEC quedar\u00e1 exenta de responsabilidad en relaci\u00f3n a las medidas de seguridad aplicables en el presente Sitio web y el usuario, en caso de conocerlas, debe consultar las correspondientes condiciones particulares de la red social en cuesti\u00f3n.<\/strong>\r\n<h3><strong>DERECHOS DE LOS USUARIOS<\/strong><\/h3>\r\n<strong>\u00a0<\/strong>El interesado de los datos personales podr\u00e1 ejercitar los derechos que le asisten, de acuerdo con el Reglamento General de Protecci\u00f3n de Datos y la Ley Org\u00e1nica 3\/2018 de Protecci\u00f3n de datos personales y garant\u00eda de los derechos digitales, y que son:\r\n\r\n<strong>A<\/strong>.- El derecho de <strong>acceso<\/strong>, se podr\u00e1 ejercitar con periodicidad anual, excepto inter\u00e9s leg\u00edtimo acreditado.\r\n\r\n<strong>FECEC<\/strong><strong>, <\/strong>proceder\u00e1 a notificar su decisi\u00f3n en el plazo de un mes. Si fuera en sentido afirmativo, el interesado podr\u00e1 acceder a la referida informaci\u00f3n en el plazo de los 10 d\u00edas siguientes a su notificaci\u00f3n.\r\n\r\n<strong>B<\/strong>.- Los derechos de <strong>rectificaci\u00f3n <\/strong>y <strong>supresi\u00f3n<\/strong> podr\u00e1n ser ejercitados, con arreglo a las siguientes previsiones, siempre que el interesado considere que los datos recogidos en nuestros tratamientos son <em>inexactos, incompletos, inadecuados o excesivos.<\/em> En este caso, podr\u00e1 ejercitarlos a trav\u00e9s de alguno de los medios anteriormente previstos.\r\n<strong>FECEC<\/strong><strong>, <\/strong>proceder\u00e1 a la rectificaci\u00f3n o supresi\u00f3n dentro de los 10 d\u00edas siguientes al de la recepci\u00f3n de la solicitud.\r\n\r\n<strong>C<\/strong>.- El derecho de <strong>oposici\u00f3n <\/strong>podr\u00e1 ser ejercitado, con arreglo a las siguientes previsiones, siempre que el interesado quiera oponerse al tratamiento de sus datos personales tanto si los datos se tratan l\u00edcitamente por inter\u00e9s leg\u00edtimo o consentimiento relativo a fines publicitarios.\r\n\r\n<strong>D<\/strong>.- El derecho de <strong>portabilidad<\/strong> podr\u00e1 ser ejercitado, con arreglo a las siguientes previsiones, siempre que el interesado considere que los datos recogidos en nuestros tratamientos tienen que ser devueltos al titular de los datos, o en su caso a un tercero (Encargado de tratamiento).\r\n\r\n<strong>E<\/strong>.- El derecho de <strong>limitaci\u00f3n del tratamiento <\/strong>podr\u00e1 ser ejercitado, previamente el derecho de oposici\u00f3n al tratamiento de sus datos, y que mientras no se resuelva el derecho de oposici\u00f3n, se limite el tratamiento de los datos.\r\n<h3><strong>CAMBIO DE NORMATIVA<\/strong><\/h3>\r\n<strong>FECEC, <\/strong>se reserva el derecho de modificar la presente pol\u00edtica con el objeto de adaptarla a las novedades legislativas o jurisprudenciales. Tales cambios ser\u00e1n comunicados con la antelaci\u00f3n que sea necesaria en nuestra p\u00e1gina web, sin perjuicio de reclamar el consentimiento necesario de los afectados cuando este no se considere otorgado con arreglo a los t\u00e9rminos de la presente pol\u00edtica.\r\n\r\nCualquier duda, pregunta o comentario que pudiera tener en referencia a la presente normativa, no dude en consultarlo dirigiendo su comunicaci\u00f3n a: <a href=\"mailto:federacio@juntscontraelcancer.cat\"><strong>federacio@juntscontraelcancer.cat<\/strong><\/a>\r\n\r\n&nbsp;\r\n<table width=\"671\">\r\n<tbody>\r\n<tr>\r\n<td colspan=\"3\" width=\"671\"><strong>PROTECCI\u00d3N DE DATOS PERSONALES RGPDUE 2016\/679 &#8211; LOPDGDD 3\/2018 <\/strong>\r\n\r\n<strong>Informaci\u00f3n adicional<\/strong><\/td>\r\n<\/tr>\r\n<tr>\r\n<td rowspan=\"2\" width=\"95\"><strong>Responsable\r\n\r\n<\/strong><\/td>\r\n<td width=\"168\"><strong>Identidad del responsable de tratamiento <\/strong><\/td>\r\n<td width=\"408\"><strong>FEDERACI\u00d3 CATALANA D\u2019ENTITATS CONTRA EL C\u00c0NCER <\/strong>\r\n\r\nG62599212\r\nC\/ PERE VERG\u00c9S, 1\u00a0 Planta 11\u00aa, despacho 1 &#8211; 08020 BARCELONA\r\n\r\n933 14 87 53\r\n\r\n<a href=\"mailto:federacio@juntscontraelcancer.cat\">federacio@juntscontraelcancer.cat<\/a><\/td>\r\n<\/tr>\r\n<tr>\r\n<td width=\"168\"><strong>Contacto del DPD<\/strong><\/td>\r\n<td width=\"408\"><a href=\"mailto:dpd@juntscontraelcancer.cat\">dpd@juntscontraelcancer.cat<\/a><\/td>\r\n<\/tr>\r\n<tr>\r\n<td rowspan=\"3\" width=\"95\"><strong>Finalidad<\/strong><\/td>\r\n<td width=\"168\"><strong>Descripci\u00f3n del tratamiento<\/strong><\/td>\r\n<td width=\"408\">Atendiendo al <em>\u201cprincipio de limitaci\u00f3n de la finalidad\u201d<\/em> los datos recogidos ser\u00e1n tratados exclusivamente para fines determinados, expl\u00edcitos y leg\u00edtimos y no ser\u00e1n tratados ulteriormente de manera incompatible a dichos fines.<\/td>\r\n<\/tr>\r\n<tr>\r\n<td width=\"168\"><strong>Periodo de conservaci\u00f3n<\/strong><\/td>\r\n<td width=\"408\">Los datos personales proporcionados se conservar\u00e1n mientras se mantenga la relaci\u00f3n mercantil\/ comercial siempre y cuando, usted no nos solicite su supresi\u00f3n. Le informamos que, atendiendo a la previsi\u00f3n legal, nos vemos obligados a conservarlos por razones fiscales y contables, y a ponerlos a disposici\u00f3n de una entidad p\u00fablica competente que as\u00ed lo solicitase.<\/td>\r\n<\/tr>\r\n<tr>\r\n<td width=\"168\"><strong>Decisiones automatizadas<\/strong><\/td>\r\n<td width=\"408\">Le informamos de la existencia de decisiones automatizadas, incluida la elaboraci\u00f3n de perfiles con el fin de mejorar su experiencia de usuario y facilitarles informaci\u00f3n, servicios o productos adecuados a sus preferencias.<\/td>\r\n<\/tr>\r\n<tr>\r\n<td width=\"95\"><strong>Legitimaci\u00f3n<\/strong><\/td>\r\n<td width=\"168\"><strong>Bases jur\u00eddicas de tratamiento<\/strong><\/td>\r\n<td width=\"408\">Sus datos personales ser\u00e1n tratados, seg\u00fan se le ha informado en su recogida, atendiendo a las Bases jur\u00eddicas identificadas en el RGPDUE 2016\/679.<\/td>\r\n<\/tr>\r\n<tr>\r\n<td rowspan=\"3\" width=\"95\"><strong>Destinatarios<\/strong><\/td>\r\n<td width=\"168\"><strong>Destinatarios de la cesi\u00f3n<\/strong><\/td>\r\n<td width=\"408\">No se ceder\u00e1n o comunicar\u00e1n los datos personales recogidos a terceros excepto por obligaci\u00f3n legal.<\/td>\r\n<\/tr>\r\n<tr>\r\n<td width=\"168\"><strong>Transferencias internacionales de datos<\/strong><\/td>\r\n<td width=\"408\">S\u00ed se prev\u00e9n, y estas aportan todas las garant\u00edas apropiadas asumidas por el responsable o encargado de tratamiento establecidas seg\u00fan lo previsto en el art.46 del RGPDUE 2016\/679.<\/td>\r\n<\/tr>\r\n<tr>\r\n<td width=\"168\"><strong>Encargados de tratamiento<\/strong><\/td>\r\n<td width=\"408\">Los datos podr\u00e1n ser cedidos a Encargados de tratamiento con acceso a datos, con quienes se formalizan las obligaciones y responsabilidades exigidas por el RGPDUE 2016\/679 y que ofrezcan las garant\u00edas suficientes.<\/td>\r\n<\/tr>\r\n<tr>\r\n<td width=\"95\"><strong>Derechos <\/strong><\/td>\r\n<td width=\"168\"><strong>Ejercicio de derechos<\/strong><\/td>\r\n<td width=\"408\">El interesado podr\u00e1 ejercitar los derechos que le asisten, de acuerdo con el RGPDUE 2016\/679 y que son:\r\n\r\n&nbsp;\r\n\r\n\u00b7\u00a0\u00a0\u00a0\u00a0\u00a0\u00a0\u00a0\u00a0 Derecho a solicitar el acceso a los datos personales relativos al interesado.\r\n<ul>\r\n \t<li>Derecho a solicitar su rectificado o supresi\u00f3n.<\/li>\r\n \t<li>Derecho a solicitar la limitaci\u00f3n de su tratamiento.<\/li>\r\n \t<li>Derecho a oponerse al tratamiento.<\/li>\r\n \t<li>Derecho a la portabilidad de sus datos.<\/li>\r\n<\/ul>\r\n&nbsp;\r\n\r\nEl interesado podr\u00e1 ejercer tales derechos presentando un escrito en la direcci\u00f3n del responsable de tratamiento o enviando un comunicado al correo electr\u00f3nico <a href=\"mailto:pd@nom-domini.com\">pd@nom-domini.com<\/a> acompa\u00f1ado de un documento identificativo. En el caso que el interesado act\u00fae a trav\u00e9s de un representante legal, este deber\u00e1 aportar el documento identificativo y acreditativo de su representaci\u00f3n legal. En el caso de considerar vulnerados sus derechos y quiere conocer m\u00e1s informaci\u00f3n y\/o como ejercerlo puede dirigirse a la APDCAT: <a href=\"http:\/\/www.apdcat.cat\/\">http:\/\/www.apdcat.cat\/<\/a> Tel. 93 552 78 00 C\/ Rossell\u00f3, 214 Esc. A 1r 1A \u2013 08008 Barcelona.<\/td>\r\n<\/tr>\r\n<\/tbody>\r\n<\/table>\n\n\t\t<\/div>\n\t\t\t\t\t<\/div>\n\n\t\n\n<\/div>\n<div class=\"row\"  id=\"row-1528092875\">\n\n\n\t<div id=\"col-1260017065\" class=\"col small-12 large-12\"  >\n\t\t\t\t<div class=\"col-inner\"  >\n\t\t\t\n\t\t\t\n\n\t<div id=\"gap-52087920\" class=\"gap-element clearfix\" style=\"display:block; height:auto;\">\n\t\t\n<style>\n#gap-52087920 {\n  padding-top: 50px;\n}\n<\/style>\n\t<\/div>\n\t\n\n\n\t\t<\/div>\n\t\t\t\t\t<\/div>\n\n\t\n\n<\/div>\n\n\t\t<\/div>\n\n\t\t\n<style>\n#section_992125723 {\n  padding-top: 0px;\n  padding-bottom: 0px;\n}\n<\/style>\n\t<\/section>\n\t\n\n","protected":false},"excerpt":{"rendered":"","protected":false},"author":1,"featured_media":0,"parent":0,"menu_order":0,"comment_status":"closed","ping_status":"closed","template":"page-blank.php","meta":{"_acf_changed":false,"inline_featured_image":false,"footnotes":""},"class_list":["post-26596","page","type-page","status-publish","hentry"],"acf":[],"yoast_head":"<!-- This site is optimized with the Yoast SEO plugin v27.3 - https:\/\/yoast.com\/product\/yoast-seo-wordpress\/ -->\n<title>Pol\u00edtica de Privacidad - Junts contra el c\u00e0ncer - FECEC<\/title>\n<meta name=\"robots\" content=\"index, follow, max-snippet:-1, max-image-preview:large, max-video-preview:-1\" \/>\n<link rel=\"canonical\" href=\"https:\/\/juntscontraelcancer.cat\/es\/politica-de-privacidad\/\" \/>\n<meta property=\"og:locale\" content=\"es_ES\" \/>\n<meta property=\"og:type\" content=\"article\" \/>\n<meta property=\"og:title\" content=\"Pol\u00edtica de Privacidad - Junts contra el c\u00e0ncer - FECEC\" \/>\n<meta property=\"og:url\" content=\"https:\/\/juntscontraelcancer.cat\/es\/politica-de-privacidad\/\" \/>\n<meta property=\"og:site_name\" content=\"Junts contra el c\u00e0ncer - FECEC\" \/>\n<meta property=\"article:publisher\" content=\"https:\/\/www.facebook.com\/fecec.federacio\/\" \/>\n<meta property=\"article:modified_time\" content=\"2024-05-14T14:57:43+00:00\" \/>\n<meta name=\"twitter:card\" content=\"summary_large_image\" \/>\n<meta name=\"twitter:site\" content=\"@FececFederacio\" \/>\n<meta name=\"twitter:label1\" content=\"Tiempo de lectura\" \/>\n\t<meta name=\"twitter:data1\" content=\"9 minutos\" \/>\n<script type=\"application\/ld+json\" class=\"yoast-schema-graph\">{\"@context\":\"https:\\\/\\\/schema.org\",\"@graph\":[{\"@type\":\"WebPage\",\"@id\":\"https:\\\/\\\/juntscontraelcancer.cat\\\/es\\\/politica-de-privacidad\\\/\",\"url\":\"https:\\\/\\\/juntscontraelcancer.cat\\\/es\\\/politica-de-privacidad\\\/\",\"name\":\"Pol\u00edtica de Privacidad - Junts contra el c\u00e0ncer - FECEC\",\"isPartOf\":{\"@id\":\"https:\\\/\\\/juntscontraelcancer.cat\\\/es\\\/#website\"},\"datePublished\":\"2023-04-27T13:23:52+00:00\",\"dateModified\":\"2024-05-14T14:57:43+00:00\",\"breadcrumb\":{\"@id\":\"https:\\\/\\\/juntscontraelcancer.cat\\\/es\\\/politica-de-privacidad\\\/#breadcrumb\"},\"inLanguage\":\"es\",\"potentialAction\":[{\"@type\":\"ReadAction\",\"target\":[\"https:\\\/\\\/juntscontraelcancer.cat\\\/es\\\/politica-de-privacidad\\\/\"]}]},{\"@type\":\"BreadcrumbList\",\"@id\":\"https:\\\/\\\/juntscontraelcancer.cat\\\/es\\\/politica-de-privacidad\\\/#breadcrumb\",\"itemListElement\":[{\"@type\":\"ListItem\",\"position\":1,\"name\":\"Inicio\",\"item\":\"https:\\\/\\\/juntscontraelcancer.cat\\\/es\\\/\"},{\"@type\":\"ListItem\",\"position\":2,\"name\":\"Pol\u00edtica de Privacidad\"}]},{\"@type\":\"WebSite\",\"@id\":\"https:\\\/\\\/juntscontraelcancer.cat\\\/es\\\/#website\",\"url\":\"https:\\\/\\\/juntscontraelcancer.cat\\\/es\\\/\",\"name\":\"Junts contra el c\u00e0ncer - FECEC\",\"description\":\"\",\"publisher\":{\"@id\":\"https:\\\/\\\/juntscontraelcancer.cat\\\/es\\\/#organization\"},\"potentialAction\":[{\"@type\":\"SearchAction\",\"target\":{\"@type\":\"EntryPoint\",\"urlTemplate\":\"https:\\\/\\\/juntscontraelcancer.cat\\\/es\\\/?s={search_term_string}\"},\"query-input\":{\"@type\":\"PropertyValueSpecification\",\"valueRequired\":true,\"valueName\":\"search_term_string\"}}],\"inLanguage\":\"es\"},{\"@type\":\"Organization\",\"@id\":\"https:\\\/\\\/juntscontraelcancer.cat\\\/es\\\/#organization\",\"name\":\"Junts contra el c\u00e0ncer - FECEC\",\"url\":\"https:\\\/\\\/juntscontraelcancer.cat\\\/es\\\/\",\"logo\":{\"@type\":\"ImageObject\",\"inLanguage\":\"es\",\"@id\":\"https:\\\/\\\/juntscontraelcancer.cat\\\/es\\\/#\\\/schema\\\/logo\\\/image\\\/\",\"url\":\"https:\\\/\\\/juntscontraelcancer.cat\\\/wp-content\\\/uploads\\\/2023\\\/01\\\/logo-fecec-header.png\",\"contentUrl\":\"https:\\\/\\\/juntscontraelcancer.cat\\\/wp-content\\\/uploads\\\/2023\\\/01\\\/logo-fecec-header.png\",\"width\":126,\"height\":74,\"caption\":\"Junts contra el c\u00e0ncer - FECEC\"},\"image\":{\"@id\":\"https:\\\/\\\/juntscontraelcancer.cat\\\/es\\\/#\\\/schema\\\/logo\\\/image\\\/\"},\"sameAs\":[\"https:\\\/\\\/www.facebook.com\\\/fecec.federacio\\\/\",\"https:\\\/\\\/x.com\\\/FececFederacio\",\"https:\\\/\\\/www.instagram.com\\\/fececfederacio\\\/?hl=es\",\"https:\\\/\\\/www.youtube.com\\\/channel\\\/UCgAC_6c6hmHwMQhSCQyYBdA\"]}]}<\/script>\n<!-- \/ Yoast SEO plugin. -->","yoast_head_json":{"title":"Pol\u00edtica de Privacidad - Junts contra el c\u00e0ncer - FECEC","robots":{"index":"index","follow":"follow","max-snippet":"max-snippet:-1","max-image-preview":"max-image-preview:large","max-video-preview":"max-video-preview:-1"},"canonical":"https:\/\/juntscontraelcancer.cat\/es\/politica-de-privacidad\/","og_locale":"es_ES","og_type":"article","og_title":"Pol\u00edtica de Privacidad - Junts contra el c\u00e0ncer - FECEC","og_url":"https:\/\/juntscontraelcancer.cat\/es\/politica-de-privacidad\/","og_site_name":"Junts contra el c\u00e0ncer - FECEC","article_publisher":"https:\/\/www.facebook.com\/fecec.federacio\/","article_modified_time":"2024-05-14T14:57:43+00:00","twitter_card":"summary_large_image","twitter_site":"@FececFederacio","twitter_misc":{"Tiempo de lectura":"9 minutos"},"schema":{"@context":"https:\/\/schema.org","@graph":[{"@type":"WebPage","@id":"https:\/\/juntscontraelcancer.cat\/es\/politica-de-privacidad\/","url":"https:\/\/juntscontraelcancer.cat\/es\/politica-de-privacidad\/","name":"Pol\u00edtica de Privacidad - Junts contra el c\u00e0ncer - FECEC","isPartOf":{"@id":"https:\/\/juntscontraelcancer.cat\/es\/#website"},"datePublished":"2023-04-27T13:23:52+00:00","dateModified":"2024-05-14T14:57:43+00:00","breadcrumb":{"@id":"https:\/\/juntscontraelcancer.cat\/es\/politica-de-privacidad\/#breadcrumb"},"inLanguage":"es","potentialAction":[{"@type":"ReadAction","target":["https:\/\/juntscontraelcancer.cat\/es\/politica-de-privacidad\/"]}]},{"@type":"BreadcrumbList","@id":"https:\/\/juntscontraelcancer.cat\/es\/politica-de-privacidad\/#breadcrumb","itemListElement":[{"@type":"ListItem","position":1,"name":"Inicio","item":"https:\/\/juntscontraelcancer.cat\/es\/"},{"@type":"ListItem","position":2,"name":"Pol\u00edtica de Privacidad"}]},{"@type":"WebSite","@id":"https:\/\/juntscontraelcancer.cat\/es\/#website","url":"https:\/\/juntscontraelcancer.cat\/es\/","name":"Junts contra el c\u00e0ncer - FECEC","description":"","publisher":{"@id":"https:\/\/juntscontraelcancer.cat\/es\/#organization"},"potentialAction":[{"@type":"SearchAction","target":{"@type":"EntryPoint","urlTemplate":"https:\/\/juntscontraelcancer.cat\/es\/?s={search_term_string}"},"query-input":{"@type":"PropertyValueSpecification","valueRequired":true,"valueName":"search_term_string"}}],"inLanguage":"es"},{"@type":"Organization","@id":"https:\/\/juntscontraelcancer.cat\/es\/#organization","name":"Junts contra el c\u00e0ncer - FECEC","url":"https:\/\/juntscontraelcancer.cat\/es\/","logo":{"@type":"ImageObject","inLanguage":"es","@id":"https:\/\/juntscontraelcancer.cat\/es\/#\/schema\/logo\/image\/","url":"https:\/\/juntscontraelcancer.cat\/wp-content\/uploads\/2023\/01\/logo-fecec-header.png","contentUrl":"https:\/\/juntscontraelcancer.cat\/wp-content\/uploads\/2023\/01\/logo-fecec-header.png","width":126,"height":74,"caption":"Junts contra el c\u00e0ncer - FECEC"},"image":{"@id":"https:\/\/juntscontraelcancer.cat\/es\/#\/schema\/logo\/image\/"},"sameAs":["https:\/\/www.facebook.com\/fecec.federacio\/","https:\/\/x.com\/FececFederacio","https:\/\/www.instagram.com\/fececfederacio\/?hl=es","https:\/\/www.youtube.com\/channel\/UCgAC_6c6hmHwMQhSCQyYBdA"]}]}},"_links":{"self":[{"href":"https:\/\/juntscontraelcancer.cat\/es\/wp-json\/wp\/v2\/pages\/26596","targetHints":{"allow":["GET"]}}],"collection":[{"href":"https:\/\/juntscontraelcancer.cat\/es\/wp-json\/wp\/v2\/pages"}],"about":[{"href":"https:\/\/juntscontraelcancer.cat\/es\/wp-json\/wp\/v2\/types\/page"}],"author":[{"embeddable":true,"href":"https:\/\/juntscontraelcancer.cat\/es\/wp-json\/wp\/v2\/users\/1"}],"replies":[{"embeddable":true,"href":"https:\/\/juntscontraelcancer.cat\/es\/wp-json\/wp\/v2\/comments?post=26596"}],"version-history":[{"count":9,"href":"https:\/\/juntscontraelcancer.cat\/es\/wp-json\/wp\/v2\/pages\/26596\/revisions"}],"predecessor-version":[{"id":35583,"href":"https:\/\/juntscontraelcancer.cat\/es\/wp-json\/wp\/v2\/pages\/26596\/revisions\/35583"}],"wp:attachment":[{"href":"https:\/\/juntscontraelcancer.cat\/es\/wp-json\/wp\/v2\/media?parent=26596"}],"curies":[{"name":"wp","href":"https:\/\/api.w.org\/{rel}","templated":true}]}}