{"id":25656,"date":"2023-04-27T15:41:32","date_gmt":"2023-04-27T13:41:32","guid":{"rendered":"https:\/\/junts.enproceso.es\/aviso-legal\/"},"modified":"2024-05-14T16:52:22","modified_gmt":"2024-05-14T14:52:22","slug":"aviso-legal","status":"publish","type":"page","link":"https:\/\/juntscontraelcancer.cat\/es\/aviso-legal\/","title":{"rendered":"Aviso legal"},"content":{"rendered":"\n\n\t<section class=\"section\" id=\"section_1178465750\">\n\t\t<div class=\"section-bg fill\" >\n\t\t\t\t\t\t\t\t\t\n\t\t\t\n\n\t\t<\/div>\n\n\t\t\n\n\t\t<div class=\"section-content relative\">\n\t\t\t\n\n\n  <div class=\"banner has-hover onda-bottom has-parallax\" id=\"banner-1058621936\">\n          <div class=\"banner-inner fill\">\n        <div class=\"banner-bg fill\" data-parallax=\"-5\" data-parallax-container=\".banner\" data-parallax-background>\n            <img loading=\"lazy\" decoding=\"async\" width=\"1440\" height=\"243\" src=\"https:\/\/juntscontraelcancer.cat\/wp-content\/uploads\/2023\/03\/factorsderisc_header.jpg\" class=\"bg attachment-original size-original\" alt=\"\" \/>                                    \n                    <\/div>\n\t\t\n        <div class=\"banner-layers container\">\n            <div class=\"fill banner-link\"><\/div>            \n\n   <div id=\"text-box-45112826\" class=\"text-box banner-layer x50 md-x50 lg-x50 y50 md-y50 lg-y50 res-text\">\n                                <div class=\"text-box-content text dark\">\n              \n              <div class=\"text-inner text-center\">\n                  \n\n<h1>Aviso legal<\/h1>\n\n              <\/div>\n           <\/div>\n                            \n<style>\n#text-box-45112826 {\n  width: 100%;\n}\n#text-box-45112826 .text-box-content {\n  font-size: 100%;\n}\n<\/style>\n    <\/div>\n \n\n        <\/div>\n      <\/div>\n\n            \n<style>\n#banner-1058621936 {\n  padding-top: 243px;\n}\n<\/style>\n  <\/div>\n\n\n\n\t\t<\/div>\n\n\t\t\n<style>\n#section_1178465750 {\n  padding-top: 0px;\n  padding-bottom: 0px;\n}\n<\/style>\n\t<\/section>\n\t\n\n\t<section class=\"section\" id=\"section_307839098\">\n\t\t<div class=\"section-bg fill\" >\n\t\t\t\t\t\t\t\t\t\n\t\t\t\n\n\t\t<\/div>\n\n\t\t\n\n\t\t<div class=\"section-content relative\">\n\t\t\t\n\n<div class=\"row row-collapse\"  id=\"row-2055431293\">\n\n\n\t<div id=\"col-1180286391\" class=\"col small-12 large-12\"  >\n\t\t\t\t<div class=\"col-inner\"  >\n\t\t\t\n\t\t\t\n\n<span><span><a href=\"https:\/\/juntscontraelcancer.cat\/es\/\">Inicio<\/a><\/span><\/span>\n\n\t\t<\/div>\n\t\t\t\t\t<\/div>\n\n\t\n\n<\/div>\n\n\t\t<\/div>\n\n\t\t\n<style>\n#section_307839098 {\n  padding-top: 30px;\n  padding-bottom: 30px;\n}\n<\/style>\n\t<\/section>\n\t\n\n\t<section class=\"section\" id=\"section_1793624629\">\n\t\t<div class=\"section-bg fill\" >\n\t\t\t\t\t\t\t\t\t\n\t\t\t\n\n\t\t<\/div>\n\n\t\t\n\n\t\t<div class=\"section-content relative\">\n\t\t\t\n\n<div class=\"row row-collapse\"  id=\"row-1926317639\">\n\n\n\t<div id=\"col-2036974010\" class=\"col small-12 large-12\"  data-animate=\"fadeInUp\">\n\t\t\t\t<div class=\"col-inner\"  >\n\t\t\t\n\t\t\t\n\n<h2>Aviso legal<\/h2>\r\n\t<div id=\"gap-2987350\" class=\"gap-element clearfix\" style=\"display:block; height:auto;\">\n\t\t\n<style>\n#gap-2987350 {\n  padding-top: 10px;\n}\n<\/style>\n\t<\/div>\n\t\r\n\r\n<div class=\"is-divider divider clearfix\" style=\"max-width:122px;height:4px;\"><\/div>\r\n\r\n\t<div id=\"gap-207594981\" class=\"gap-element clearfix\" style=\"display:block; height:auto;\">\n\t\t\n<style>\n#gap-207594981 {\n  padding-top: 20px;\n}\n<\/style>\n\t<\/div>\n\t\r\n\r\n<strong>DATOS IDENTIFICATIVOS DEL PRESTADOR DE SERVICIOS DE LA SOCIEDAD DE LA INFORMACI\u00d3N<\/strong>\r\n\r\nDe conformidad con el art\u00edculo 10 de la <strong>Ley 34\/2002<\/strong>, de 11 de julio, de \u201c<strong>Servicios de la Sociedad de la Informaci\u00f3n y Comercio Electr\u00f3nico (LSSI)\u201d<\/strong>, ponemos en su conocimiento la siguiente informaci\u00f3n:\r\n\r\n<strong>FEDERACI\u00d3 CATALANA D\u2019ENTITATS CONTRA EL C\u00c0NCER, [<\/strong>de ahora en adelante <strong>FECEC], <\/strong>es el titular del portal Web <a href=\"https:\/\/juntscontraelcancer.cat\"><strong>juntscontraelcancer.cat<\/strong><\/a>, que act\u00faa exclusivamente como explotadora, y gestora de los contenidos del portal Web domiciliada en: C\/ PERE VERG\u00c9S, 1\u00a0 Planta 11\u00aa, despacho 1 &#8211; 08020 BARCELONA, NIF G62599212, registrada con el n.\u00ba 408 al Registro de Asociaciones de la Generalitat de Catalu\u00f1a, registrada con el n.\u00ba 399 al Registro de grupos de inter\u00e9s de la Administraci\u00f3n de la Generalitat, es la encargada de la explotaci\u00f3n, gesti\u00f3n y funcionamiento del portal Web mencionado anteriormente.\r\nSi quiere contactar con nosotros, puede hacerlo mediante el correo electr\u00f3nico <a href=\"mailto:federacio@juntscontraelcancer.cat\"><strong>federacio@juntscontraelcancer.cat<\/strong><\/a>\r\n\r\n<strong>INTRODUCCI\u00d3N<\/strong>\r\n\r\nEl presente Aviso legal regula el uso de esta p\u00e1gina web. El acceso a la web es gratuito excepto en lo relativo al coste de la conexi\u00f3n a trav\u00e9s de la red de telecomunicaciones suministrada por el proveedor de acceso contratado por los usuarios.\r\n\r\n<strong>ACEPTACI\u00d3N<\/strong>\r\n\r\nLa utilizaci\u00f3n del portal Web atribuye la condici\u00f3n de usuario, e implica la aceptaci\u00f3n total y sin reservas de todas y cada una de las disposiciones incluidas en este Aviso Legal, en la versi\u00f3n publicada para <strong>FECEC<\/strong> en el mismo momento en que el usuario acceda a la Web. En consecuencia, el usuario tiene que leer atentamente el presente <strong>Aviso Legal<\/strong> en cada una de las ocasiones en que se proponga utilizar la Web, puesto que puede sufrir modificaciones.\r\n\r\n<strong>INFORMACI\u00d3N SOBRE LOS V\u00cdNCULOS \u201cLINKS\u201d<\/strong>\r\n\r\n<strong>FECEC<\/strong> no se hace responsable de las webs no propias o de terceros, a las cuales se puede acceder mediante v\u00ednculos \u201clinks\u201d o de cualquier contenido puesto a disposici\u00f3n por terceros.\r\nCualquier uso de un v\u00ednculo o acceso a una Web no propia es realizado por voluntad y riesgo exclusivo del usuario, <strong>FECEC<\/strong> no recomienda ni garantiza ninguna informaci\u00f3n obtenida a trav\u00e9s de un v\u00ednculo ajeno a la web de <strong><a href=\"https:\/\/juntscontraelcancer.cat\">juntscontraelcancer.cat<\/a>,<\/strong> ni se responsabiliza de ninguna p\u00e9rdida, reclamaci\u00f3n o perjuicio derivada del uso o mal uso de un v\u00ednculo, o de la informaci\u00f3n obtenida a trav\u00e9s de \u00e9l, incluyendo otros v\u00ednculos o webs, de la interrupci\u00f3n en el servicio o en el acceso, o del uso\u00a0 o mal uso de un v\u00ednculo, tanto al conectar al portal Web <a href=\"https:\/\/juntscontraelcancer.cat\"><strong>juntscontraelcancer.cat<\/strong> <\/a>c\u00f3mo al acceder a la informaci\u00f3n de otras webs desde el mismo portal Web.\r\n\r\n<strong>LIMITACI\u00d3N DE GARANT\u00cdAS Y RESPONSABILIDADES<\/strong>\r\n\r\n<strong>FECEC <\/strong>hace todo lo posible para evitar cualquier error en relaci\u00f3n con los contenidos de esta p\u00e1gina web.<strong>\u00a0<\/strong>\r\n\r\n<strong>FECEC <\/strong>adopta las medidas y los mecanismos necesarios para garantizar la seguridad de las comunicaciones y las transacciones que se produzcan mediante el portal web, seg\u00fan el estado de la tecnolog\u00eda y de acuerdo con la tipolog\u00eda de las transacciones y los servicios que se ponen a disposici\u00f3n de los usuarios.<strong>\u00a0<\/strong>\r\n\r\n<strong>FECEC <\/strong>no ser\u00e1 responsable de los da\u00f1os que se puedan ocasionar al sistema inform\u00e1tico de los usuarios por cualquier causa ajena o no imputable a este sitio web, incluidos, sin limitaciones, los da\u00f1os ocasionados a causa de interferencias, omisiones, interrupciones, virus inform\u00e1ticos, aver\u00edas telef\u00f3nicas o desconexiones en el funcionamiento operativo del sistema electr\u00f3nico. Asimismo, <strong>FECEC<\/strong> tampoco responder\u00e1 de ninguna interrupci\u00f3n, error o fallo que se produzca en el sistema, debido a un mal funcionamiento de la red o de los servidores que est\u00e1n conectados.\r\n\r\n<strong>PROPIEDAD INTELECTUAL E INDUSTRIAL, MARCAS REGISTRADAS<\/strong><strong>\u00a0<\/strong>\r\n\r\nLa estructura, dise\u00f1o y forma de presentaci\u00f3n de los elementos (gr\u00e1ficos, im\u00e1genes, ficheros logotipos, combinaciones de colores y cualquier elemento susceptible de protecci\u00f3n) est\u00e1n protegidos por derechos de propiedad intelectual, titularidad de <strong>FECEC.<\/strong>\r\n\r\nEst\u00e1 prohibida la reproducci\u00f3n, la transformaci\u00f3n, la distribuci\u00f3n, la comunicaci\u00f3n p\u00fablica, y en general cualquier otra forma de explotaci\u00f3n, parcial o total de los elementos referidos en el apartado anterior. Estos actos de explotaci\u00f3n s\u00f3lo podr\u00e1n ser realizados en virtud de la autorizaci\u00f3n expresa de <strong>FECEC<\/strong> y que, en todo caso, tendr\u00e1n que hacer referencia expl\u00edcita a la titularidad de los citados derechos de propiedad intelectual de <strong>FECEC.<\/strong>\r\n\r\nS\u00f3lo est\u00e1 autorizado para el uso privado del material documental elaborado para <strong>FECEC.<\/strong> En ning\u00fan caso, podr\u00e1 suprimir, alterar, eludir o manipular cualquier dispositivo de protecci\u00f3n o sistemas de seguridad que pueda estar instalado.\r\n\r\nExcepto autorizaci\u00f3n expresa de <strong>FECEC<\/strong> no se permite el enlace a \u201cp\u00e1ginas finales\u201d, el \u201cframe\u201d y cualquier otra manipulaci\u00f3n similar. Los enlaces tienen que ser siempre en la p\u00e1gina principal o \u201chome page\u201d de<a href=\"https:\/\/juntscontraelcancer.cat\"> <strong>juntscontraelcancer.cat<\/strong><\/a>\r\n\r\nLos signos distintivos (marcas, nombres comerciales) de <strong>FECEC<\/strong> est\u00e1n protegidos por derechos de propiedad industrial, quedando prohibida la utilizaci\u00f3n o manipulaci\u00f3n de cualquiera de \u00e9stos, excepto autorizaci\u00f3n expresa y por escrito de <strong>FECEC.<\/strong>\r\n\r\n<strong>NO COMPARTA SU INFORMACI\u00d3N PERSONAL<\/strong>\r\n\r\n<strong>FECEC<\/strong> nunca le enviar\u00e1 un correo electr\u00f3nico ni le llamar\u00e1 por tel\u00e9fono para pedirle que revele o verifique la contrase\u00f1a de su cuenta, ni sus n\u00fameros de cuenta bancaria o tarjeta de cr\u00e9dito, ni cualquier otro tipo de informaci\u00f3n personal. En caso de que alguien contacte con usted o de recibir un correo electr\u00f3nico no solicitado que le pida alguno de los datos anteriores, no responda y comun\u00edquelo inmediatamente a <strong>FECEC<\/strong>, para que procedan a la investigaci\u00f3n del incidente.\r\n\r\n<strong>IDENTIFIQUE LOS CORREOS ELECTR\u00d3NICOS FALSOS (intentos de &#8216;spoofing&#8217; o &#8216;phishing&#8217;)<\/strong>\r\n\r\nIgnore todo correo electr\u00f3nico que reciba en el que se le solicite informaci\u00f3n personal o que le redirija en otra p\u00e1gina web que no sea propiedad de <strong>FECEC<\/strong>, o de sociedades del grupo, o que le pida que pague por un medio diferente del autorizado por <strong>FECEC<\/strong>, puesto que podr\u00eda ser un intento de suplantaci\u00f3n de personalidad (&#8216;spoofing&#8217; o &#8216;phishing&#8217;), y tendr\u00e1 que considerarlo fraudulento.\r\n\r\n<strong>FECEC<\/strong> utiliza el dominio <strong>\u201c<\/strong><a href=\"https:\/\/juntscontraelcancer.cat\"><strong>juntscontraelcancer.cat<\/strong><\/a><strong>\u201d<\/strong> para sus correos electr\u00f3nicos. Si usted recibe un correo electr\u00f3nico con un formato diferente, por ejemplo: federaci\u00f3catalanadentitatscontraelc\u00e0ncer.security@hotmail.com, puede estar seguro de que es un correo falso.\r\n\r\nAlgunos correos electr\u00f3nicos que practican phishing contienen enlaces a sitios web que utilizan la palabra \u00ab<strong>FECEC<\/strong>\u201d en su URL, pero le dirigir\u00e1n a un sitio web completamente diferente. Si desplaza el rat\u00f3n por encima del enlace, podr\u00e1 ver la URL asociada, que probablemente tendr\u00e1 un formato diferente a las enlazadas en los sitios web aut\u00e9nticos de <strong>FECEC<\/strong><strong>.<\/strong>\r\n\r\nSi aun as\u00ed usted hace clic en un correo electr\u00f3nico que practica phishing y es redirigido a una p\u00e1gina que se asemeje a \u00abA su Cuenta\u00bb o a cualquiera que le solicite verificar o modificar su informaci\u00f3n personal, ign\u00f3rela y consid\u00e9rela como fraudulenta.\r\n\r\n<strong>COMUNIQUE LOS INTENTOS DE &#8216;phishing&#8217;<\/strong>\r\n\r\nEnv\u00ede un correo electr\u00f3nico a la direcci\u00f3n <a href=\"mailto:federacio@juntscontraelcancer.cat\"><strong>federacio@juntscontraelcancer.cat<\/strong><\/a> y adjunte el correo electr\u00f3nico que considere falso. Al facilitarnos esta informaci\u00f3n nos est\u00e1 ayudando a localizar su origen.\r\n\r\nSi no puede adjuntar el correo electr\u00f3nico falso, reenv\u00edelo a <a href=\"mailto:dpd@juntscontraelcancer.cat\"><strong>dpd@juntscontraelcancer.cat <\/strong><\/a>e incluya la mayor cantidad de informaci\u00f3n posible sobre el mismo.\n\n\t\t<\/div>\n\t\t\t\t\t<\/div>\n\n\t\n\n<\/div>\n<div class=\"row\"  id=\"row-685613140\">\n\n\n\t<div id=\"col-2032675662\" class=\"col small-12 large-12\"  >\n\t\t\t\t<div class=\"col-inner\"  >\n\t\t\t\n\t\t\t\n\n\t<div id=\"gap-1431382455\" class=\"gap-element clearfix\" style=\"display:block; height:auto;\">\n\t\t\n<style>\n#gap-1431382455 {\n  padding-top: 50px;\n}\n<\/style>\n\t<\/div>\n\t\n\n\n\t\t<\/div>\n\t\t\t\t\t<\/div>\n\n\t\n\n<\/div>\n\n\t\t<\/div>\n\n\t\t\n<style>\n#section_1793624629 {\n  padding-top: 0px;\n  padding-bottom: 0px;\n}\n<\/style>\n\t<\/section>\n\t\n\n","protected":false},"excerpt":{"rendered":"","protected":false},"author":1,"featured_media":0,"parent":0,"menu_order":0,"comment_status":"closed","ping_status":"closed","template":"page-blank.php","meta":{"_acf_changed":false,"inline_featured_image":false,"footnotes":""},"class_list":["post-25656","page","type-page","status-publish","hentry"],"acf":[],"yoast_head":"<!-- This site is optimized with the Yoast SEO plugin v27.3 - https:\/\/yoast.com\/product\/yoast-seo-wordpress\/ -->\n<title>Aviso legal - Junts contra el c\u00e0ncer - FECEC<\/title>\n<meta name=\"robots\" content=\"index, follow, max-snippet:-1, max-image-preview:large, max-video-preview:-1\" \/>\n<link rel=\"canonical\" href=\"https:\/\/juntscontraelcancer.cat\/es\/aviso-legal\/\" \/>\n<meta property=\"og:locale\" content=\"es_ES\" \/>\n<meta property=\"og:type\" content=\"article\" \/>\n<meta property=\"og:title\" content=\"Aviso legal - Junts contra el c\u00e0ncer - FECEC\" \/>\n<meta property=\"og:url\" content=\"https:\/\/juntscontraelcancer.cat\/es\/aviso-legal\/\" \/>\n<meta property=\"og:site_name\" content=\"Junts contra el c\u00e0ncer - FECEC\" \/>\n<meta property=\"article:publisher\" content=\"https:\/\/www.facebook.com\/fecec.federacio\/\" \/>\n<meta property=\"article:modified_time\" content=\"2024-05-14T14:52:22+00:00\" \/>\n<meta name=\"twitter:card\" content=\"summary_large_image\" \/>\n<meta name=\"twitter:site\" content=\"@FececFederacio\" \/>\n<meta name=\"twitter:label1\" content=\"Tiempo de lectura\" \/>\n\t<meta name=\"twitter:data1\" content=\"7 minutos\" \/>\n<script type=\"application\/ld+json\" class=\"yoast-schema-graph\">{\"@context\":\"https:\\\/\\\/schema.org\",\"@graph\":[{\"@type\":\"WebPage\",\"@id\":\"https:\\\/\\\/juntscontraelcancer.cat\\\/es\\\/aviso-legal\\\/\",\"url\":\"https:\\\/\\\/juntscontraelcancer.cat\\\/es\\\/aviso-legal\\\/\",\"name\":\"Aviso legal - Junts contra el c\u00e0ncer - FECEC\",\"isPartOf\":{\"@id\":\"https:\\\/\\\/juntscontraelcancer.cat\\\/es\\\/#website\"},\"datePublished\":\"2023-04-27T13:41:32+00:00\",\"dateModified\":\"2024-05-14T14:52:22+00:00\",\"breadcrumb\":{\"@id\":\"https:\\\/\\\/juntscontraelcancer.cat\\\/es\\\/aviso-legal\\\/#breadcrumb\"},\"inLanguage\":\"es\",\"potentialAction\":[{\"@type\":\"ReadAction\",\"target\":[\"https:\\\/\\\/juntscontraelcancer.cat\\\/es\\\/aviso-legal\\\/\"]}]},{\"@type\":\"BreadcrumbList\",\"@id\":\"https:\\\/\\\/juntscontraelcancer.cat\\\/es\\\/aviso-legal\\\/#breadcrumb\",\"itemListElement\":[{\"@type\":\"ListItem\",\"position\":1,\"name\":\"Inicio\",\"item\":\"https:\\\/\\\/juntscontraelcancer.cat\\\/es\\\/\"},{\"@type\":\"ListItem\",\"position\":2,\"name\":\"Aviso legal\"}]},{\"@type\":\"WebSite\",\"@id\":\"https:\\\/\\\/juntscontraelcancer.cat\\\/es\\\/#website\",\"url\":\"https:\\\/\\\/juntscontraelcancer.cat\\\/es\\\/\",\"name\":\"Junts contra el c\u00e0ncer - FECEC\",\"description\":\"\",\"publisher\":{\"@id\":\"https:\\\/\\\/juntscontraelcancer.cat\\\/es\\\/#organization\"},\"potentialAction\":[{\"@type\":\"SearchAction\",\"target\":{\"@type\":\"EntryPoint\",\"urlTemplate\":\"https:\\\/\\\/juntscontraelcancer.cat\\\/es\\\/?s={search_term_string}\"},\"query-input\":{\"@type\":\"PropertyValueSpecification\",\"valueRequired\":true,\"valueName\":\"search_term_string\"}}],\"inLanguage\":\"es\"},{\"@type\":\"Organization\",\"@id\":\"https:\\\/\\\/juntscontraelcancer.cat\\\/es\\\/#organization\",\"name\":\"Junts contra el c\u00e0ncer - FECEC\",\"url\":\"https:\\\/\\\/juntscontraelcancer.cat\\\/es\\\/\",\"logo\":{\"@type\":\"ImageObject\",\"inLanguage\":\"es\",\"@id\":\"https:\\\/\\\/juntscontraelcancer.cat\\\/es\\\/#\\\/schema\\\/logo\\\/image\\\/\",\"url\":\"https:\\\/\\\/juntscontraelcancer.cat\\\/wp-content\\\/uploads\\\/2023\\\/01\\\/logo-fecec-header.png\",\"contentUrl\":\"https:\\\/\\\/juntscontraelcancer.cat\\\/wp-content\\\/uploads\\\/2023\\\/01\\\/logo-fecec-header.png\",\"width\":126,\"height\":74,\"caption\":\"Junts contra el c\u00e0ncer - FECEC\"},\"image\":{\"@id\":\"https:\\\/\\\/juntscontraelcancer.cat\\\/es\\\/#\\\/schema\\\/logo\\\/image\\\/\"},\"sameAs\":[\"https:\\\/\\\/www.facebook.com\\\/fecec.federacio\\\/\",\"https:\\\/\\\/x.com\\\/FececFederacio\",\"https:\\\/\\\/www.instagram.com\\\/fececfederacio\\\/?hl=es\",\"https:\\\/\\\/www.youtube.com\\\/channel\\\/UCgAC_6c6hmHwMQhSCQyYBdA\"]}]}<\/script>\n<!-- \/ Yoast SEO plugin. -->","yoast_head_json":{"title":"Aviso legal - Junts contra el c\u00e0ncer - FECEC","robots":{"index":"index","follow":"follow","max-snippet":"max-snippet:-1","max-image-preview":"max-image-preview:large","max-video-preview":"max-video-preview:-1"},"canonical":"https:\/\/juntscontraelcancer.cat\/es\/aviso-legal\/","og_locale":"es_ES","og_type":"article","og_title":"Aviso legal - Junts contra el c\u00e0ncer - FECEC","og_url":"https:\/\/juntscontraelcancer.cat\/es\/aviso-legal\/","og_site_name":"Junts contra el c\u00e0ncer - FECEC","article_publisher":"https:\/\/www.facebook.com\/fecec.federacio\/","article_modified_time":"2024-05-14T14:52:22+00:00","twitter_card":"summary_large_image","twitter_site":"@FececFederacio","twitter_misc":{"Tiempo de lectura":"7 minutos"},"schema":{"@context":"https:\/\/schema.org","@graph":[{"@type":"WebPage","@id":"https:\/\/juntscontraelcancer.cat\/es\/aviso-legal\/","url":"https:\/\/juntscontraelcancer.cat\/es\/aviso-legal\/","name":"Aviso legal - Junts contra el c\u00e0ncer - FECEC","isPartOf":{"@id":"https:\/\/juntscontraelcancer.cat\/es\/#website"},"datePublished":"2023-04-27T13:41:32+00:00","dateModified":"2024-05-14T14:52:22+00:00","breadcrumb":{"@id":"https:\/\/juntscontraelcancer.cat\/es\/aviso-legal\/#breadcrumb"},"inLanguage":"es","potentialAction":[{"@type":"ReadAction","target":["https:\/\/juntscontraelcancer.cat\/es\/aviso-legal\/"]}]},{"@type":"BreadcrumbList","@id":"https:\/\/juntscontraelcancer.cat\/es\/aviso-legal\/#breadcrumb","itemListElement":[{"@type":"ListItem","position":1,"name":"Inicio","item":"https:\/\/juntscontraelcancer.cat\/es\/"},{"@type":"ListItem","position":2,"name":"Aviso legal"}]},{"@type":"WebSite","@id":"https:\/\/juntscontraelcancer.cat\/es\/#website","url":"https:\/\/juntscontraelcancer.cat\/es\/","name":"Junts contra el c\u00e0ncer - FECEC","description":"","publisher":{"@id":"https:\/\/juntscontraelcancer.cat\/es\/#organization"},"potentialAction":[{"@type":"SearchAction","target":{"@type":"EntryPoint","urlTemplate":"https:\/\/juntscontraelcancer.cat\/es\/?s={search_term_string}"},"query-input":{"@type":"PropertyValueSpecification","valueRequired":true,"valueName":"search_term_string"}}],"inLanguage":"es"},{"@type":"Organization","@id":"https:\/\/juntscontraelcancer.cat\/es\/#organization","name":"Junts contra el c\u00e0ncer - FECEC","url":"https:\/\/juntscontraelcancer.cat\/es\/","logo":{"@type":"ImageObject","inLanguage":"es","@id":"https:\/\/juntscontraelcancer.cat\/es\/#\/schema\/logo\/image\/","url":"https:\/\/juntscontraelcancer.cat\/wp-content\/uploads\/2023\/01\/logo-fecec-header.png","contentUrl":"https:\/\/juntscontraelcancer.cat\/wp-content\/uploads\/2023\/01\/logo-fecec-header.png","width":126,"height":74,"caption":"Junts contra el c\u00e0ncer - FECEC"},"image":{"@id":"https:\/\/juntscontraelcancer.cat\/es\/#\/schema\/logo\/image\/"},"sameAs":["https:\/\/www.facebook.com\/fecec.federacio\/","https:\/\/x.com\/FececFederacio","https:\/\/www.instagram.com\/fececfederacio\/?hl=es","https:\/\/www.youtube.com\/channel\/UCgAC_6c6hmHwMQhSCQyYBdA"]}]}},"_links":{"self":[{"href":"https:\/\/juntscontraelcancer.cat\/es\/wp-json\/wp\/v2\/pages\/25656","targetHints":{"allow":["GET"]}}],"collection":[{"href":"https:\/\/juntscontraelcancer.cat\/es\/wp-json\/wp\/v2\/pages"}],"about":[{"href":"https:\/\/juntscontraelcancer.cat\/es\/wp-json\/wp\/v2\/types\/page"}],"author":[{"embeddable":true,"href":"https:\/\/juntscontraelcancer.cat\/es\/wp-json\/wp\/v2\/users\/1"}],"replies":[{"embeddable":true,"href":"https:\/\/juntscontraelcancer.cat\/es\/wp-json\/wp\/v2\/comments?post=25656"}],"version-history":[{"count":9,"href":"https:\/\/juntscontraelcancer.cat\/es\/wp-json\/wp\/v2\/pages\/25656\/revisions"}],"predecessor-version":[{"id":35578,"href":"https:\/\/juntscontraelcancer.cat\/es\/wp-json\/wp\/v2\/pages\/25656\/revisions\/35578"}],"wp:attachment":[{"href":"https:\/\/juntscontraelcancer.cat\/es\/wp-json\/wp\/v2\/media?parent=25656"}],"curies":[{"name":"wp","href":"https:\/\/api.w.org\/{rel}","templated":true}]}}