{"id":16586,"date":"2023-07-27T12:42:48","date_gmt":"2023-07-27T10:42:48","guid":{"rendered":"https:\/\/junts.enproceso.es\/haz-un-donativo\/voluntariado\/"},"modified":"2024-04-23T09:09:39","modified_gmt":"2024-04-23T07:09:39","slug":"colabora-voluntariado","status":"publish","type":"page","link":"https:\/\/juntscontraelcancer.cat\/es\/colabora\/colabora-voluntariado\/","title":{"rendered":"Voluntariado"},"content":{"rendered":"\n\n\t<section class=\"section\" id=\"section_774957403\">\n\t\t<div class=\"section-bg fill\" >\n\t\t\t\t\t\t\t\t\t\n\t\t\t\n\n\t\t<\/div>\n\n\t\t\n\n\t\t<div class=\"section-content relative\">\n\t\t\t\n\n\n  <div class=\"banner has-hover onda-top-interior\" id=\"banner-820741406\">\n          <div class=\"banner-inner fill\">\n        <div class=\"banner-bg fill\" >\n            <img loading=\"lazy\" decoding=\"async\" width=\"2560\" height=\"1707\" src=\"https:\/\/juntscontraelcancer.cat\/wp-content\/uploads\/2023\/05\/mujer-sorda-asia-lenguaje-senas-scaled.jpg\" class=\"bg attachment-original size-original\" alt=\"\" \/>                        <div class=\"overlay\"><\/div>            \n                    <\/div>\n\t\t\n        <div class=\"banner-layers container\">\n            <div class=\"fill banner-link\"><\/div>            \n\n   <div id=\"text-box-430003465\" class=\"text-box banner-layer x50 md-x50 lg-x50 y50 md-y50 lg-y50 res-text\">\n                                <div class=\"text-box-content text dark\">\n              \n              <div class=\"text-inner text-center\">\n                  \n\n<h1>Colabora<\/h1>\n\n              <\/div>\n           <\/div>\n                            \n<style>\n#text-box-430003465 {\n  width: 60%;\n}\n#text-box-430003465 .text-box-content {\n  font-size: 100%;\n}\n<\/style>\n    <\/div>\n \n\n        <\/div>\n      <\/div>\n\n            \n<style>\n#banner-820741406 {\n  padding-top: 243px;\n}\n#banner-820741406 .overlay {\n  background-color: rgba(0, 0, 0, 0.17);\n}\n#banner-820741406 .banner-bg img {\n  object-position: 30% 74%;\n}\n<\/style>\n  <\/div>\n\n\n\n\t\t<\/div>\n\n\t\t\n<style>\n#section_774957403 {\n  padding-top: 0px;\n  padding-bottom: 0px;\n  min-height: 243px;\n}\n<\/style>\n\t<\/section>\n\t\n\n\t<section class=\"section\" id=\"section_1561125905\">\n\t\t<div class=\"section-bg fill\" >\n\t\t\t\t\t\t\t\t\t\n\t\t\t\n\n\t\t<\/div>\n\n\t\t\n\n\t\t<div class=\"section-content relative\">\n\t\t\t\n\n<div class=\"row\"  id=\"row-2049087866\">\n\n\n\t<div id=\"col-141347920\" class=\"col small-12 large-12\"  >\n\t\t\t\t<div class=\"col-inner\"  >\n\t\t\t\n\t\t\t\n\n<span><span><a href=\"https:\/\/juntscontraelcancer.cat\/es\/\">Inicio<\/a><\/span><\/span>\n\n\t\t<\/div>\n\t\t\t\t\t<\/div>\n\n\t\n\n<\/div>\n\n\t\t<\/div>\n\n\t\t\n<style>\n#section_1561125905 {\n  padding-top: 30px;\n  padding-bottom: 30px;\n}\n<\/style>\n\t<\/section>\n\t\n\n\t<section class=\"section\" id=\"section_1718368691\">\n\t\t<div class=\"section-bg fill\" >\n\t\t\t\t\t\t\t\t\t\n\t\t\t\n\n\t\t<\/div>\n\n\t\t\n\n\t\t<div class=\"section-content relative\">\n\t\t\t\n\n<div class=\"row\"  id=\"row-738861871\">\n\n\n\t<div id=\"col-57333783\" class=\"col small-12 large-12\"  >\n\t\t\t\t<div class=\"col-inner\"  >\n\t\t\t\n\t\t\t\n\n\t<div id=\"text-3521130360\" class=\"text\">\n\t\t\n\n<h2><strong><span style=\"color: #373737;\">Voluntariado<\/span><\/strong><\/h2>\n\t\t\n<style>\n#text-3521130360 {\n  font-size: 2.55rem;\n  line-height: 2.15;\n}\n<\/style>\n\t<\/div>\n\t\n<div class=\"is-divider divider clearfix\" style=\"margin-top:24px;margin-bottom:24px;max-width:123px;\"><\/div>\n\n<p><span style=\"font-weight: 400;\">Si tienes ganas de involucrarte en la mejora de la calidad de vida de los pacientes con c\u00e1ncer y sus familias y dispones de tiempo libre para contribuir, puedes formar parte del voluntariado en el \u00e1mbito oncol\u00f3gico, <\/span><span style=\"font-weight: 400;\"><a href=\"https:\/\/juntscontraelcancer.cat\/es\/voluntariado\/#tipus-voluntariat\">en cualquier de sus tipos<\/a>.<\/span><\/p>\n<p>Llena este formulario y te ayudaremos a encontrar la opci\u00f3n que mejor se adecue al que puedes ofrecer. Solo hace falta que seas mayor de edad.<\/p>\n\n\t\t<\/div>\n\t\t\t\t\t<\/div>\n\n\t\n\n<\/div>\n\n\t\t<\/div>\n\n\t\t\n<style>\n#section_1718368691 {\n  padding-top: 0px;\n  padding-bottom: 0px;\n}\n<\/style>\n\t<\/section>\n\t\n\n\t<section class=\"section\" id=\"section_38938370\">\n\t\t<div class=\"section-bg fill\" >\n\t\t\t\t\t\t\t\t\t\n\t\t\t\n\n\t\t<\/div>\n\n\t\t\n\n\t\t<div class=\"section-content relative\">\n\t\t\t\n\n<div class=\"row align-middle\"  id=\"row-1848854715\">\n\n\n\t<div id=\"col-2135687049\" class=\"col small-12 large-12\"  >\n\t\t\t\t<div class=\"col-inner text-center\"  >\n\t\t\t\n\t\t\t\n\n\r\n\r\n<!-- TODO ???\r\n\t<script type=\"text\/javascript\" src='https:\/\/juntscontraelcancer.sinergiacrm.org\/cache\/include\/javascript\/sugar_grp1.js?v=J2cwX7gUdK_WHxof93KmgQ'><\/script>\r\n-->\r\n\r\n<form class=\"fecec-form festevoluntari\" id=\"WebToLeadForm\" action=\"https:\/\/juntscontraelcancer.sinergiacrm.org\/index.php?entryPoint=WebToPersonCapture\" method=\"POST\" name=\"WebToLeadForm\">\r\n\r\n\t\r\n\t<div class=\"row\">\t\t\r\n\t\t<div class=\"col medium-3 small-12 large-3\">\r\n\t\t\t<input id=\"first_name\" name=\"first_name\" type=\"text\" required=\"\" placeholder=\"Nombre*\" \/>\r\n\t\t<\/div>\r\n\t\t<div class=\"col medium-3 small-12 large-3\">\r\n\t\t\t<input id=\"last_name\" name=\"last_name\"  type=\"text\" required=\"\" placeholder=\"Apellidos*\" \/>\r\n\t\t<\/div>\r\n\t\t<div class=\"col medium-3 small-12 large-3\">\r\n\t\t\t<div class=\"col\"><input id=\"email1\" name=\"email1\" type=\"email\"  required=\"\" placeholder=\"Correo*\" \/><\/div>\r\n\t\t<\/div>\r\n\t\t<div class=\"col medium-3 small-12 large-3\">\r\n\t\t\t<input id=\"phone_mobile\" name=\"phone_mobile\" type=\"text\" required=\"\" placeholder=\"M\u00f3vil*\" \/>\r\n\t\t<\/div>\r\n\t\t<div class=\"col medium-3 small-12 large-3\">\r\n\t\t\t<input id=\"Contacts___stic_identification_number_c\" name=\"Contacts___stic_identification_number_c\" placeholder=\"NIF*\" type=\"text\" required=\"\">\r\n\t\t<\/div>\r\n\t\t\r\n\t<div class=\"col medium-3 small-12 large-3\">\r\n\t\t<select id=\"primary_address_state\" tabindex=\"1\" name=\"primary_address_state\" required=\"\">\r\n<option selected=\"selected\" value=\"\">Provincia<\/option>\r\n<option value=\"02\">Albacete<\/option>\r\n<option value=\"03\">Alicante<\/option>\r\n<option value=\"04\">Almer\u00eda<\/option>\r\n<option value=\"01\">\u00c1lava<\/option>\r\n<option value=\"33\">Asturias<\/option>\r\n<option value=\"05\">\u00c1vila<\/option>\r\n<option value=\"06\">Badajoz<\/option>\r\n<option value=\"07\">Islas Baleares<\/option>\r\n<option value=\"08\">Barcelona<\/option>\r\n<option value=\"48\">Vizcaya<\/option>\r\n<option value=\"09\">Burgos<\/option>\r\n<option value=\"10\">C\u00e1ceres<\/option>\r\n<option value=\"11\">C\u00e1diz<\/option>\r\n<option value=\"39\">Cantabria<\/option>\r\n<option value=\"12\">Castell\u00f3n de la Plana<\/option>\r\n<option value=\"51\">Ceuta<\/option>\r\n<option value=\"13\">Ciudad Real<\/option>\r\n<option value=\"14\">C\u00f3rdoba<\/option>\r\n<option value=\"15\">Coru\u00f1a, la<\/option>\r\n<option value=\"16\">Cuenca<\/option>\r\n<option value=\"20\">Guip\u00fazcoa<\/option>\r\n<option value=\"17\">Girona<\/option>\r\n<option value=\"18\">Granada<\/option>\r\n<option value=\"19\">Guadalajara<\/option>\r\n<option value=\"21\">Huelva<\/option>\r\n<option value=\"22\">Muesca<\/option>\r\n<option value=\"23\">Ja\u00e9n<\/option>\r\n<option value=\"24\">Le\u00f3n<\/option>\r\n<option value=\"25\">L\u00e9rida<\/option>\r\n<option value=\"27\">Lugo<\/option>\r\n<option value=\"28\">Madrid<\/option>\r\n<option value=\"29\">M\u00e1laga<\/option>\r\n<option value=\"52\">Melilla<\/option>\r\n<option value=\"30\">Murcia<\/option>\r\n<option value=\"31\">Navarra<\/option>\r\n<option value=\"32\">Ourense<\/option>\r\n<option value=\"34\">Palencia<\/option>\r\n<option value=\"35\">Palmas, Las<\/option>\r\n<option value=\"36\">Pontevedra<\/option>\r\n<option value=\"26\">Rioja, La<\/option>\r\n<option value=\"37\">Salamanca<\/option>\r\n<option value=\"38\">Santa Cruz de Tenerife<\/option>\r\n<option value=\"40\">Segovia<\/option>\r\n<option value=\"41\">Sevilla<\/option>\r\n<option value=\"42\">Soria<\/option>\r\n<option value=\"43\">Tarragona<\/option>\r\n<option value=\"44\">Teruel<\/option>\r\n<option value=\"45\">Toledo<\/option>\r\n<option value=\"46\">Valencia<\/option>\r\n<option value=\"47\">Valladolid<\/option>\r\n<option value=\"49\">Zamora<\/option>\r\n<option value=\"50\">Zaragoza<\/option>\r\n<option value=\"99\">No residentes<\/option>\r\n\t\t<\/select>\r\n\t<\/div>\r\n<\/div>\r\n<div class=\"row\">\r\n\t<div class=\"col medium-12 small-12 large-12\">\r\n\t\t<input name=\"fecec_butlleti_accio_fecec_c\" id=\"fecec_butlleti_accio_fecec_c\" type=\"checkbox\" \/>\r\n\t\t<label>Quiero recibir las comunicaciones de FECEC, Junts contra el C\u00e0ncer <\/label>\r\n\t<\/div>\r\n\t<div class=\"col medium-12 small-12 large-12\">\r\n\t\t<input name=\"llegitiaccepto_c\" id=\"llegitiaccepto_c\" type=\"checkbox\" required \/>\r\n\t\t<label>He le\u00eddo y acepto <a href=\"https:\/\/www.juntscontraelcancer.cat\/wp-content\/uploads\/2020\/07\/ca-03-INFORMACI%C3%93-b%C3%A0sica-formulari-1-RGPDUE-LOPDGDD-Ver.-19.1-Fes-te-voluntari-en-l%C3%A0mbit-oncol%C3%B2gic.pdf\" target=\"_BLANK\" rel=\"noopener\">la cl\u00e1usula de informaci\u00f3n sobre Protecci\u00f3n de Datos.<\/a><\/label>\r\n\t<\/div>\r\n<\/div>\r\n<div class=\"row center buttons\">\r\n\t<div class=\"col medium-3 small-12 large-3\">\r\n\t\t<input onclick=\"return checkDNI();\"  class=\"button\" name=\"Submit\" type=\"submit\" id=\"Submit\" value=\"Enviar\" \/>\r\n\t<\/div>\r\n<\/div>\r\n\r\n<input id=\"campaign_id\" name=\"campaign_id\" type=\"hidden\" value=\"341c96c2-75b5-6594-3d94-617c08a61cad\" \/> \r\n<input id=\"redirect_url\" name=\"redirect_url\" type=\"hidden\" value=\"https:\/\/junts.enproceso.es\/redireccion-formulario\/\" \/> \r\n<input id=\"assigned_user_id\" name=\"assigned_user_id\" type=\"hidden\" value=\"1\" \/> \r\n<input id=\"moduleDir\" name=\"moduleDir\" type=\"hidden\" value=\"Contacts\" \/>\r\n<input id=\"validate_identification_number\" name=\"validate_identification_number\" type=\"hidden\" value=\"0\" \/> \r\n<input id=\"req_id\" name=\"req_id\" type=\"hidden\" value=\"Contacts___stic_identification_number_c\" \/> \r\n<\/form>\r\n\r\n<script type=\"text\/javascript\">\r\n\tfunction checkDNI() {\r\n\t\tvar elemDni = document.getElementById(\"Contacts___stic_identification_number_c\");\r\n\t\tvar dni = elemDni.value;\t\t\t\r\n\t\t\/\/ The nif field may not be required so it can be empty. If so, it is not necessary to validate it\r\n\t\tvar number, lett, letter;\r\n\t\tvar regular_expression_dni = \/^[XYZ]?d{5,8}[A-Z]$\/;\r\n\t\tdni = dni.toUpperCase();\r\n\t\tconsole.log('dni: ' + dni);\r\n\t\tconsole.log('regular: ' + regular_expression_dni);\r\n\t\tconsole.log('result1: ' + regular_expression_dni.test('46994173K'));\r\n\t\tif (regular_expression_dni.test(dni) === true) {\r\n\t\t\tnumber = dni.substr(0, dni.length - 1);\r\n\t\t\tnumber = number.replace(\"X\", 0);\r\n\t\t\tnumber = number.replace(\"Y\", 1);\r\n\t\t\tnumber = number.replace(\"Z\", 2);\r\n\t\t\tlett = dni.substr(dni.length - 1, 1);\r\n\t\t\tnumber = number % 23;\r\n\r\n\t\t\tletter = \"TRWAGMYFPDXBNJZSQVHLCKET\";\r\n\t\t\tletter = letter.substring(number, number + 1);\r\n\r\n\t\t\treturn letter == lett;\r\n\t\t} else {\r\n\t\t\telemDni.focus();\r\n\t\t\talert('Formato DNI incorrecto');\r\n\t\t\treturn false;\t\t\t\t\r\n\t\t}\r\n\t}\r\n<\/script>\r\n\n\n\n\t\t<\/div>\n\t\t\t\t\t<\/div>\n\n\t\n\n<\/div>\n\n\t\t<\/div>\n\n\t\t\n<style>\n#section_38938370 {\n  padding-top: 0px;\n  padding-bottom: 0px;\n}\n<\/style>\n\t<\/section>\n\t\n\t<div id=\"gap-772163854\" class=\"gap-element clearfix\" style=\"display:block; height:auto;\">\n\t\t\n<style>\n#gap-772163854 {\n  padding-top: 80px;\n}\n<\/style>\n\t<\/div>\n\t\n","protected":false},"excerpt":{"rendered":"","protected":false},"author":1,"featured_media":0,"parent":16579,"menu_order":0,"comment_status":"closed","ping_status":"closed","template":"page-blank.php","meta":{"_acf_changed":false,"inline_featured_image":false,"footnotes":""},"class_list":["post-16586","page","type-page","status-publish","hentry"],"acf":[],"yoast_head":"<!-- This site is optimized with the Yoast SEO plugin v27.3 - https:\/\/yoast.com\/product\/yoast-seo-wordpress\/ -->\n<title>Voluntariado - Junts contra el c\u00e0ncer - FECEC<\/title>\n<meta name=\"robots\" content=\"index, follow, max-snippet:-1, max-image-preview:large, max-video-preview:-1\" \/>\n<link rel=\"canonical\" href=\"https:\/\/juntscontraelcancer.cat\/es\/colabora\/colabora-voluntariado\/\" \/>\n<meta property=\"og:locale\" content=\"es_ES\" \/>\n<meta property=\"og:type\" content=\"article\" \/>\n<meta property=\"og:title\" content=\"Voluntariado - Junts contra el c\u00e0ncer - FECEC\" \/>\n<meta property=\"og:url\" content=\"https:\/\/juntscontraelcancer.cat\/es\/colabora\/colabora-voluntariado\/\" \/>\n<meta property=\"og:site_name\" content=\"Junts contra el c\u00e0ncer - FECEC\" \/>\n<meta property=\"article:publisher\" content=\"https:\/\/www.facebook.com\/fecec.federacio\/\" \/>\n<meta property=\"article:modified_time\" content=\"2024-04-23T07:09:39+00:00\" \/>\n<meta name=\"twitter:card\" content=\"summary_large_image\" \/>\n<meta name=\"twitter:site\" content=\"@FececFederacio\" \/>\n<meta name=\"twitter:label1\" content=\"Tiempo de lectura\" \/>\n\t<meta name=\"twitter:data1\" content=\"1 minuto\" \/>\n<script type=\"application\/ld+json\" class=\"yoast-schema-graph\">{\"@context\":\"https:\\\/\\\/schema.org\",\"@graph\":[{\"@type\":\"WebPage\",\"@id\":\"https:\\\/\\\/juntscontraelcancer.cat\\\/es\\\/colabora\\\/colabora-voluntariado\\\/\",\"url\":\"https:\\\/\\\/juntscontraelcancer.cat\\\/es\\\/colabora\\\/colabora-voluntariado\\\/\",\"name\":\"Voluntariado - Junts contra el c\u00e0ncer - FECEC\",\"isPartOf\":{\"@id\":\"https:\\\/\\\/juntscontraelcancer.cat\\\/es\\\/#website\"},\"datePublished\":\"2023-07-27T10:42:48+00:00\",\"dateModified\":\"2024-04-23T07:09:39+00:00\",\"breadcrumb\":{\"@id\":\"https:\\\/\\\/juntscontraelcancer.cat\\\/es\\\/colabora\\\/colabora-voluntariado\\\/#breadcrumb\"},\"inLanguage\":\"es\",\"potentialAction\":[{\"@type\":\"ReadAction\",\"target\":[\"https:\\\/\\\/juntscontraelcancer.cat\\\/es\\\/colabora\\\/colabora-voluntariado\\\/\"]}]},{\"@type\":\"BreadcrumbList\",\"@id\":\"https:\\\/\\\/juntscontraelcancer.cat\\\/es\\\/colabora\\\/colabora-voluntariado\\\/#breadcrumb\",\"itemListElement\":[{\"@type\":\"ListItem\",\"position\":1,\"name\":\"Inicio\",\"item\":\"https:\\\/\\\/juntscontraelcancer.cat\\\/es\\\/\"},{\"@type\":\"ListItem\",\"position\":2,\"name\":\"Colabora\",\"item\":\"https:\\\/\\\/juntscontraelcancer.cat\\\/es\\\/colabora\\\/\"},{\"@type\":\"ListItem\",\"position\":3,\"name\":\"Voluntariado\"}]},{\"@type\":\"WebSite\",\"@id\":\"https:\\\/\\\/juntscontraelcancer.cat\\\/es\\\/#website\",\"url\":\"https:\\\/\\\/juntscontraelcancer.cat\\\/es\\\/\",\"name\":\"Junts contra el c\u00e0ncer - FECEC\",\"description\":\"\",\"publisher\":{\"@id\":\"https:\\\/\\\/juntscontraelcancer.cat\\\/es\\\/#organization\"},\"potentialAction\":[{\"@type\":\"SearchAction\",\"target\":{\"@type\":\"EntryPoint\",\"urlTemplate\":\"https:\\\/\\\/juntscontraelcancer.cat\\\/es\\\/?s={search_term_string}\"},\"query-input\":{\"@type\":\"PropertyValueSpecification\",\"valueRequired\":true,\"valueName\":\"search_term_string\"}}],\"inLanguage\":\"es\"},{\"@type\":\"Organization\",\"@id\":\"https:\\\/\\\/juntscontraelcancer.cat\\\/es\\\/#organization\",\"name\":\"Junts contra el c\u00e0ncer - FECEC\",\"url\":\"https:\\\/\\\/juntscontraelcancer.cat\\\/es\\\/\",\"logo\":{\"@type\":\"ImageObject\",\"inLanguage\":\"es\",\"@id\":\"https:\\\/\\\/juntscontraelcancer.cat\\\/es\\\/#\\\/schema\\\/logo\\\/image\\\/\",\"url\":\"https:\\\/\\\/juntscontraelcancer.cat\\\/wp-content\\\/uploads\\\/2023\\\/01\\\/logo-fecec-header.png\",\"contentUrl\":\"https:\\\/\\\/juntscontraelcancer.cat\\\/wp-content\\\/uploads\\\/2023\\\/01\\\/logo-fecec-header.png\",\"width\":126,\"height\":74,\"caption\":\"Junts contra el c\u00e0ncer - FECEC\"},\"image\":{\"@id\":\"https:\\\/\\\/juntscontraelcancer.cat\\\/es\\\/#\\\/schema\\\/logo\\\/image\\\/\"},\"sameAs\":[\"https:\\\/\\\/www.facebook.com\\\/fecec.federacio\\\/\",\"https:\\\/\\\/x.com\\\/FececFederacio\",\"https:\\\/\\\/www.instagram.com\\\/fececfederacio\\\/?hl=es\",\"https:\\\/\\\/www.youtube.com\\\/channel\\\/UCgAC_6c6hmHwMQhSCQyYBdA\"]}]}<\/script>\n<!-- \/ Yoast SEO plugin. -->","yoast_head_json":{"title":"Voluntariado - Junts contra el c\u00e0ncer - FECEC","robots":{"index":"index","follow":"follow","max-snippet":"max-snippet:-1","max-image-preview":"max-image-preview:large","max-video-preview":"max-video-preview:-1"},"canonical":"https:\/\/juntscontraelcancer.cat\/es\/colabora\/colabora-voluntariado\/","og_locale":"es_ES","og_type":"article","og_title":"Voluntariado - Junts contra el c\u00e0ncer - FECEC","og_url":"https:\/\/juntscontraelcancer.cat\/es\/colabora\/colabora-voluntariado\/","og_site_name":"Junts contra el c\u00e0ncer - FECEC","article_publisher":"https:\/\/www.facebook.com\/fecec.federacio\/","article_modified_time":"2024-04-23T07:09:39+00:00","twitter_card":"summary_large_image","twitter_site":"@FececFederacio","twitter_misc":{"Tiempo de lectura":"1 minuto"},"schema":{"@context":"https:\/\/schema.org","@graph":[{"@type":"WebPage","@id":"https:\/\/juntscontraelcancer.cat\/es\/colabora\/colabora-voluntariado\/","url":"https:\/\/juntscontraelcancer.cat\/es\/colabora\/colabora-voluntariado\/","name":"Voluntariado - Junts contra el c\u00e0ncer - FECEC","isPartOf":{"@id":"https:\/\/juntscontraelcancer.cat\/es\/#website"},"datePublished":"2023-07-27T10:42:48+00:00","dateModified":"2024-04-23T07:09:39+00:00","breadcrumb":{"@id":"https:\/\/juntscontraelcancer.cat\/es\/colabora\/colabora-voluntariado\/#breadcrumb"},"inLanguage":"es","potentialAction":[{"@type":"ReadAction","target":["https:\/\/juntscontraelcancer.cat\/es\/colabora\/colabora-voluntariado\/"]}]},{"@type":"BreadcrumbList","@id":"https:\/\/juntscontraelcancer.cat\/es\/colabora\/colabora-voluntariado\/#breadcrumb","itemListElement":[{"@type":"ListItem","position":1,"name":"Inicio","item":"https:\/\/juntscontraelcancer.cat\/es\/"},{"@type":"ListItem","position":2,"name":"Colabora","item":"https:\/\/juntscontraelcancer.cat\/es\/colabora\/"},{"@type":"ListItem","position":3,"name":"Voluntariado"}]},{"@type":"WebSite","@id":"https:\/\/juntscontraelcancer.cat\/es\/#website","url":"https:\/\/juntscontraelcancer.cat\/es\/","name":"Junts contra el c\u00e0ncer - FECEC","description":"","publisher":{"@id":"https:\/\/juntscontraelcancer.cat\/es\/#organization"},"potentialAction":[{"@type":"SearchAction","target":{"@type":"EntryPoint","urlTemplate":"https:\/\/juntscontraelcancer.cat\/es\/?s={search_term_string}"},"query-input":{"@type":"PropertyValueSpecification","valueRequired":true,"valueName":"search_term_string"}}],"inLanguage":"es"},{"@type":"Organization","@id":"https:\/\/juntscontraelcancer.cat\/es\/#organization","name":"Junts contra el c\u00e0ncer - FECEC","url":"https:\/\/juntscontraelcancer.cat\/es\/","logo":{"@type":"ImageObject","inLanguage":"es","@id":"https:\/\/juntscontraelcancer.cat\/es\/#\/schema\/logo\/image\/","url":"https:\/\/juntscontraelcancer.cat\/wp-content\/uploads\/2023\/01\/logo-fecec-header.png","contentUrl":"https:\/\/juntscontraelcancer.cat\/wp-content\/uploads\/2023\/01\/logo-fecec-header.png","width":126,"height":74,"caption":"Junts contra el c\u00e0ncer - FECEC"},"image":{"@id":"https:\/\/juntscontraelcancer.cat\/es\/#\/schema\/logo\/image\/"},"sameAs":["https:\/\/www.facebook.com\/fecec.federacio\/","https:\/\/x.com\/FececFederacio","https:\/\/www.instagram.com\/fececfederacio\/?hl=es","https:\/\/www.youtube.com\/channel\/UCgAC_6c6hmHwMQhSCQyYBdA"]}]}},"_links":{"self":[{"href":"https:\/\/juntscontraelcancer.cat\/es\/wp-json\/wp\/v2\/pages\/16586","targetHints":{"allow":["GET"]}}],"collection":[{"href":"https:\/\/juntscontraelcancer.cat\/es\/wp-json\/wp\/v2\/pages"}],"about":[{"href":"https:\/\/juntscontraelcancer.cat\/es\/wp-json\/wp\/v2\/types\/page"}],"author":[{"embeddable":true,"href":"https:\/\/juntscontraelcancer.cat\/es\/wp-json\/wp\/v2\/users\/1"}],"replies":[{"embeddable":true,"href":"https:\/\/juntscontraelcancer.cat\/es\/wp-json\/wp\/v2\/comments?post=16586"}],"version-history":[{"count":17,"href":"https:\/\/juntscontraelcancer.cat\/es\/wp-json\/wp\/v2\/pages\/16586\/revisions"}],"predecessor-version":[{"id":35175,"href":"https:\/\/juntscontraelcancer.cat\/es\/wp-json\/wp\/v2\/pages\/16586\/revisions\/35175"}],"up":[{"embeddable":true,"href":"https:\/\/juntscontraelcancer.cat\/es\/wp-json\/wp\/v2\/pages\/16579"}],"wp:attachment":[{"href":"https:\/\/juntscontraelcancer.cat\/es\/wp-json\/wp\/v2\/media?parent=16586"}],"curies":[{"name":"wp","href":"https:\/\/api.w.org\/{rel}","templated":true}]}}