{"id":16572,"date":"2023-05-03T12:47:32","date_gmt":"2023-05-03T10:47:32","guid":{"rendered":"https:\/\/junts.enproceso.es\/empresas-solidarias\/"},"modified":"2023-06-12T09:44:51","modified_gmt":"2023-06-12T07:44:51","slug":"empresas-solidarias","status":"publish","type":"page","link":"https:\/\/juntscontraelcancer.cat\/es\/colabora\/empresas-solidarias\/","title":{"rendered":"Empresas solidarias"},"content":{"rendered":"\n\n\t<section class=\"section\" id=\"section_671536035\">\n\t\t<div class=\"section-bg fill\" >\n\t\t\t\t\t\t\t\t\t\n\t\t\t\n\n\t\t<\/div>\n\n\t\t\n\n\t\t<div class=\"section-content relative\">\n\t\t\t\n\n\n  <div class=\"banner has-hover onda-bottom has-parallax\" id=\"banner-1811133809\">\n          <div class=\"banner-inner fill\">\n        <div class=\"banner-bg fill\" data-parallax=\"-3\" data-parallax-container=\".banner\" data-parallax-background>\n            <img loading=\"lazy\" decoding=\"async\" width=\"2560\" height=\"1707\" src=\"https:\/\/juntscontraelcancer.cat\/wp-content\/uploads\/2023\/05\/mujer-sorda-asia-lenguaje-senas-scaled.jpg\" class=\"bg attachment-original size-original\" alt=\"\" \/>                        <div class=\"overlay\"><\/div>            \n                    <\/div>\n\t\t\n        <div class=\"banner-layers container\">\n            <div class=\"fill banner-link\"><\/div>            \n\n   <div id=\"text-box-1164013919\" class=\"text-box banner-layer x50 md-x50 lg-x50 y50 md-y50 lg-y50 res-text\">\n                                <div class=\"text-box-content text dark\">\n              \n              <div class=\"text-inner text-center\">\n                  \n\n<h1>Colabora<\/h1>\n\n              <\/div>\n           <\/div>\n                            \n<style>\n#text-box-1164013919 {\n  width: 60%;\n}\n#text-box-1164013919 .text-box-content {\n  font-size: 100%;\n}\n<\/style>\n    <\/div>\n \n\n        <\/div>\n      <\/div>\n\n            \n<style>\n#banner-1811133809 {\n  padding-top: 243px;\n}\n#banner-1811133809 .overlay {\n  background-color: rgba(0, 0, 0, 0.1);\n}\n#banner-1811133809 .banner-bg img {\n  object-position: 40% 81%;\n}\n<\/style>\n  <\/div>\n\n\n\n\t\t<\/div>\n\n\t\t\n<style>\n#section_671536035 {\n  padding-top: 0px;\n  padding-bottom: 0px;\n}\n<\/style>\n\t<\/section>\n\t\n\n\t<section class=\"section\" id=\"section_1506968705\">\n\t\t<div class=\"section-bg fill\" >\n\t\t\t\t\t\t\t\t\t\n\t\t\t\n\n\t\t<\/div>\n\n\t\t\n\n\t\t<div class=\"section-content relative\">\n\t\t\t\n\n<div class=\"row row-collapse\"  id=\"row-1145442912\">\n\n\n\t<div id=\"col-545637557\" class=\"col small-12 large-12\"  >\n\t\t\t\t<div class=\"col-inner\"  >\n\t\t\t\n\t\t\t\n\n<span><span><a href=\"https:\/\/juntscontraelcancer.cat\/es\/\">Inicio<\/a><\/span><\/span>\n\n\t\t<\/div>\n\t\t\t\t\t<\/div>\n\n\t\n\n<\/div>\n\n\t\t<\/div>\n\n\t\t\n<style>\n#section_1506968705 {\n  padding-top: 30px;\n  padding-bottom: 30px;\n}\n<\/style>\n\t<\/section>\n\t\n\n\t<section class=\"section\" id=\"section_2123475087\">\n\t\t<div class=\"section-bg fill\" >\n\t\t\t\t\t\t\t\t\t\n\t\t\t\n\n\t\t<\/div>\n\n\t\t\n\n\t\t<div class=\"section-content relative\">\n\t\t\t\n\n<div class=\"row row-collapse\"  id=\"row-383614718\">\n\n\n\t<div id=\"col-1215563357\" class=\"col small-12 large-12\"  >\n\t\t\t\t<div class=\"col-inner\"  >\n\t\t\t\n\t\t\t\n\n\t<div id=\"text-1945981358\" class=\"text\">\n\t\t\n\n<h2><strong><span style=\"color: #373737;\">Empresas solidarias<\/span><\/strong><\/h2>\n\t\t\n<style>\n#text-1945981358 {\n  font-size: 2.55rem;\n  line-height: 2.15;\n}\n<\/style>\n\t<\/div>\n\t\n<div class=\"is-divider divider clearfix\" style=\"margin-top:24px;margin-bottom:24px;max-width:123px;\"><\/div>\n\n\n\t\t<\/div>\n\t\t\t\t\t<\/div>\n\n\t\n\n<\/div>\n\n\t\t<\/div>\n\n\t\t\n<style>\n#section_2123475087 {\n  padding-top: 0px;\n  padding-bottom: 0px;\n}\n<\/style>\n\t<\/section>\n\t\n\n\t<section class=\"section\" id=\"section_186117905\">\n\t\t<div class=\"section-bg fill\" >\n\t\t\t\t\t\t\t\t\t\n\t\t\t\n\n\t\t<\/div>\n\n\t\t\n\n\t\t<div class=\"section-content relative\">\n\t\t\t\n\n<div class=\"row\"  id=\"row-298649457\">\n\n\n\t<div id=\"col-1185275387\" class=\"col small-12 large-12\"  >\n\t\t\t\t<div class=\"col-inner\"  >\n\t\t\t\n\t\t\t\n\n<p><span style=\"font-weight: 400;\">Las empresas solidarias y OncoResponsables tejen alianzas y se implican para mejorar la calidad de vida de los pacientes con c\u00e1ncer.<\/span><\/p>\n\n\t\t<\/div>\n\t\t\t\t\t<\/div>\n\n\t\n\n<\/div>\n\n\t\t<\/div>\n\n\t\t\n<style>\n#section_186117905 {\n  padding-top: 30px;\n  padding-bottom: 30px;\n}\n<\/style>\n\t<\/section>\n\t\n\n\t<section class=\"section bg-section-top-right-organitzacio\" id=\"section_911277811\">\n\t\t<div class=\"section-bg fill\" >\n\t\t\t<img loading=\"lazy\" decoding=\"async\" width=\"2500\" height=\"851\" src=\"https:\/\/juntscontraelcancer.cat\/wp-content\/uploads\/2023\/02\/FECEC-Ondas-Corporativas-Granate-1-1.png\" class=\"bg attachment-original size-original\" alt=\"\" \/>\t\t\t\t\t\t\n\t\t\t\n\n\t\t<\/div>\n\n\t\t\n\n\t\t<div class=\"section-content relative\">\n\t\t\t\n\n<div class=\"row row-collapse align-middle\"  id=\"row-121774584\">\n\n\n\t<div id=\"col-1974610066\" class=\"col small-12 large-12\"  >\n\t\t\t\t<div class=\"col-inner\"  >\n\t\t\t\n\t\t\t\n\n\t<div id=\"gap-1004617530\" class=\"gap-element clearfix\" style=\"display:block; height:auto;\">\n\t\t\n<style>\n#gap-1004617530 {\n  padding-top: 30px;\n}\n<\/style>\n\t<\/div>\n\t\r\n\r\n<h3><b>\u00bfQu\u00e9 aporta este compromiso?<\/b><\/h3>\r\n<p><b>Compartir unos valores:<\/b><\/p>\r\n<ul>\r\n<li style=\"font-weight: 400;\" aria-level=\"1\"><b>Compromiso social<\/b><span style=\"font-weight: 400;\">\u00a0hacia las personas que tienen o han superado un c\u00e1ncer, ofreciendo apoyo, detectando y cubriendo sus necesidades para mejorar la calidad de vida.<\/span><\/li>\r\n<li style=\"font-weight: 400;\" aria-level=\"1\"><b>Compartir y formar parte de una uni\u00f3n.<\/b><span style=\"font-weight: 400;\">\u00a0La uni\u00f3n hace la fuerza cuando se comparte un mismo objetivo. <\/span><\/li>\r\n<li style=\"font-weight: 400;\" aria-level=\"1\"><b>Transparencia.<\/b><span style=\"font-weight: 400;\">\u00a0Recibir\u00e1s puntualmente informaci\u00f3n sobre todas las acciones que llevamos a cabo a la\u00a0FECEC, Junts contra el C\u00e0ncer gracias a colaboraciones como la tuya.<\/span><\/li>\r\n<\/ul>\r\n<p><b>Beneficios fiscales:<\/b><br><span style=\"font-weight: 400;\">Las empresas que colaboren con la\u00a0FECEC, Juntos contra el C\u00e1ncer, pueden obtener los siguientes <\/span><a href=\"https:\/\/juntscontraelcancer.cat\/wp-content\/uploads\/2023\/06\/Beneficis_fiscals.pdf\"><span style=\"font-weight: 400;\">beneficios fiscales<\/span><\/a><span style=\"font-weight: 400;\">.<\/span><\/p>\r\n<h3><b>Tipo de aportaciones<\/b><\/h3>\r\n<p><b>Donativos: <\/b><span style=\"font-weight: 400;\">Las aportaciones econ\u00f3micas de las empresas nos permiten desarrollar nuestra tarea y proyecto para poder lograr nuestra misi\u00f3n: mejorar la calidad de vida de los\r\npacientes con c\u00e1ncer y avanzar Juntos contra el C\u00e1ncer.<\/span><\/p>\n\n\n\t\t<\/div>\n\t\t\t\t\t<\/div>\n\n\t\n\n\t<div id=\"col-1281327443\" class=\"col small-12 large-12\"  >\n\t\t\t\t<div class=\"col-inner text-center\"  >\n\t\t\t\n\t\t\t\n\n<a href=\"https:\/\/juntscontraelcancer.cat\/es\/colabora\/\" class=\"button primary is-outline\" >\n\t\t<span>Haz un donativo<\/span>\n\t<\/a>\n\n\n\n\t\t<\/div>\n\t\t\t\t\t<\/div>\n\n\t\n\n\t<div id=\"col-2032982316\" class=\"col small-12 large-12\"  >\n\t\t\t\t<div class=\"col-inner\"  >\n\t\t\t\n\t\t\t\n\n\t<div id=\"gap-1881539052\" class=\"gap-element clearfix\" style=\"display:block; height:auto;\">\n\t\t\n<style>\n#gap-1881539052 {\n  padding-top: 30px;\n}\n<\/style>\n\t<\/div>\n\t\n\n\n\t\t<\/div>\n\t\t\t\t\t<\/div>\n\n\t\n\n<\/div>\n\n\t\t<\/div>\n\n\t\t\n<style>\n#section_911277811 {\n  padding-top: 30px;\n  padding-bottom: 30px;\n  background-color: rgb(243, 243, 243);\n}\n<\/style>\n\t<\/section>\n\t\n\n\t<section class=\"section bg-section-bottom-left\" id=\"section_1125729300\">\n\t\t<div class=\"section-bg fill\" >\n\t\t\t<img loading=\"lazy\" decoding=\"async\" width=\"2500\" height=\"851\" src=\"https:\/\/juntscontraelcancer.cat\/wp-content\/uploads\/2023\/02\/FECEC-Ondas-Corporativas-Granate-1-1.png\" class=\"bg attachment-original size-original\" alt=\"\" \/>\t\t\t\t\t\t\n\t\t\t\n\n\t\t<\/div>\n\n\t\t\n\n\t\t<div class=\"section-content relative\">\n\t\t\t\n\n<div class=\"row\"  id=\"row-1070979825\">\n\n\n\t<div id=\"col-1840937152\" class=\"col small-12 large-12\"  >\n\t\t\t\t<div class=\"col-inner\"  >\n\t\t\t\n\t\t\t\n\n<p><b>Financiar proyectos<\/b><span style=\"font-weight: 400;\"><br \/><\/span><span style=\"font-weight: 400;\">Si las empresas est\u00e1n especialmente sensibilizadas en un proyecto, nos pueden ayudar a realizarlo a trav\u00e9s de su financiaci\u00f3n.<\/span><\/p>\r\n<p><b>Dar productos o servicios<\/b><span style=\"font-weight: 400;\"><br \/><\/span><span style=\"font-weight: 400;\">La empresa puede colaborar dando productos o bienes, as\u00ed como cediendo personal calificado para asesoramiento en los \u00e1mbitos de actuaci\u00f3n de la empresa. As\u00ed la\u00a0FECEC, Junts contra el C\u00e0ncer ahorra costes y puede destinar m\u00e1s recursos a sus proyectos.\u00a0<\/span><\/p>\r\n<p><b>Implicar a los trabajadores<\/b><span style=\"font-weight: 400;\"><br \/><\/span><span style=\"font-weight: 400;\">La implicaci\u00f3n conjunta entre empresa y empleados en un proyecto solidario con un objetivo com\u00fan refuerza los lazos de pertenencia de los trabajadores. Se puede sensibilizar sobre la causa a trav\u00e9s de los canales de comunicaci\u00f3n internos, promover el voluntariado corporativo, hacer un donativo compartido (matching\u00a0gift): los trabajadores realizan donativos a favor de un proyecto de la\u00a0FECEC\u00a0y la empresa colabora doblando la cantidad recaudada por los trabajadores.<\/span><\/p>\n\n\t\t<\/div>\n\t\t\t\t\t<\/div>\n\n\t\n\n\t<div id=\"col-1959136326\" class=\"col small-12 large-12\"  >\n\t\t\t\t<div class=\"col-inner text-center\"  >\n\t\t\t\n\t\t\t\n\n<a href=\"https:\/\/juntscontraelcancer.cat\/es\/contacta\/\" class=\"button primary is-outline\" >\n\t\t<span>EXPL\u00cdCANOS TU INICIATIVA<\/span>\n\t<\/a>\n\n\n\n\t\t<\/div>\n\t\t\t\t\t<\/div>\n\n\t\n\n<\/div>\n\n\t\t<\/div>\n\n\t\t\n<style>\n#section_1125729300 {\n  padding-top: 30px;\n  padding-bottom: 30px;\n  background-color: rgb(243, 243, 243);\n}\n<\/style>\n\t<\/section>\n\t\n\n\t<section class=\"section\" id=\"section_1131549464\">\n\t\t<div class=\"section-bg fill\" >\n\t\t\t\t\t\t\t\t\t\n\t\t\t\n\n\t\t<\/div>\n\n\t\t\n\n\t\t<div class=\"section-content relative\">\n\t\t\t\n\n<div class=\"row\"  id=\"row-190794049\">\n\n\n\t<div id=\"col-1986318889\" class=\"col small-12 large-12\"  >\n\t\t\t\t<div class=\"col-inner\"  >\n\t\t\t\n\t\t\t\n\n<h3>Empresas solidarias<\/h3>\r\n<div class=\"wrapper\"><div class=\"carousel-colaboradores\" data-flickity-options='{\"imagesLoaded\": true, \"groupCells\": false, \"dragThreshold\" : 1, \"cellAlign\": \"left\",\"wrapAround\": true,\"prevNextButtons\": true,\"percentPosition\": true,\"pageDots\": false, \"rightToLeft\": false, \"autoPlay\" : 1500}'><img loading=\"lazy\" decoding=\"async\" width=\"200\" height=\"84\" src=\"https:\/\/juntscontraelcancer.cat\/wp-content\/uploads\/2023\/02\/Logo_Novartis-removebg-preview.png\" class=\"attachment-200x150 size-200x150 wp-post-image\" alt=\"\" \/><img loading=\"lazy\" decoding=\"async\" width=\"200\" height=\"84\" src=\"https:\/\/juntscontraelcancer.cat\/wp-content\/uploads\/2023\/03\/Logo_caprabo.png\" class=\"attachment-200x150 size-200x150 wp-post-image\" alt=\"\" \/><img loading=\"lazy\" decoding=\"async\" width=\"200\" height=\"84\" src=\"https:\/\/juntscontraelcancer.cat\/wp-content\/uploads\/2023\/03\/Logo_Condis.png\" class=\"attachment-200x150 size-200x150 wp-post-image\" alt=\"\" \/><img loading=\"lazy\" decoding=\"async\" width=\"200\" height=\"84\" src=\"https:\/\/juntscontraelcancer.cat\/wp-content\/uploads\/2023\/05\/Logo_Fidelitis.png\" class=\"attachment-200x150 size-200x150 wp-post-image\" alt=\"\" \/><img loading=\"lazy\" decoding=\"async\" width=\"200\" height=\"84\" src=\"https:\/\/juntscontraelcancer.cat\/wp-content\/uploads\/2023\/05\/Logo_Godo.png\" class=\"attachment-200x150 size-200x150 wp-post-image\" alt=\"\" \/><img loading=\"lazy\" decoding=\"async\" width=\"200\" height=\"84\" src=\"https:\/\/juntscontraelcancer.cat\/wp-content\/uploads\/2023\/05\/Logo_iGrobe.png\" class=\"attachment-200x150 size-200x150 wp-post-image\" alt=\"\" \/><img loading=\"lazy\" decoding=\"async\" width=\"200\" height=\"81\" src=\"https:\/\/juntscontraelcancer.cat\/wp-content\/uploads\/2023\/05\/janssen-copia.png\" class=\"attachment-200x150 size-200x150 wp-post-image\" alt=\"\" srcset=\"https:\/\/juntscontraelcancer.cat\/wp-content\/uploads\/2023\/05\/janssen-copia.png 1592w, https:\/\/juntscontraelcancer.cat\/wp-content\/uploads\/2023\/05\/janssen-copia-300x121.png 300w, https:\/\/juntscontraelcancer.cat\/wp-content\/uploads\/2023\/05\/janssen-copia-1024x414.png 1024w, https:\/\/juntscontraelcancer.cat\/wp-content\/uploads\/2023\/05\/janssen-copia-768x311.png 768w, https:\/\/juntscontraelcancer.cat\/wp-content\/uploads\/2023\/05\/janssen-copia-1536x621.png 1536w\" sizes=\"auto, (max-width: 200px) 100vw, 200px\" \/><img loading=\"lazy\" decoding=\"async\" width=\"200\" height=\"84\" src=\"https:\/\/juntscontraelcancer.cat\/wp-content\/uploads\/2023\/05\/xarxa.png\" class=\"attachment-200x150 size-200x150 wp-post-image\" alt=\"\" \/><img loading=\"lazy\" decoding=\"async\" width=\"200\" height=\"84\" src=\"https:\/\/juntscontraelcancer.cat\/wp-content\/uploads\/2023\/05\/Logo_mallafre.png\" class=\"attachment-200x150 size-200x150 wp-post-image\" alt=\"\" \/><img loading=\"lazy\" decoding=\"async\" width=\"200\" height=\"84\" src=\"https:\/\/juntscontraelcancer.cat\/wp-content\/uploads\/2023\/05\/Logo_matchtrial.png\" class=\"attachment-200x150 size-200x150 wp-post-image\" alt=\"\" \/><img loading=\"lazy\" decoding=\"async\" width=\"200\" height=\"84\" src=\"https:\/\/juntscontraelcancer.cat\/wp-content\/uploads\/2023\/05\/pierre_fabre.png\" class=\"attachment-200x150 size-200x150 wp-post-image\" alt=\"\" \/><img loading=\"lazy\" decoding=\"async\" width=\"200\" height=\"84\" src=\"https:\/\/juntscontraelcancer.cat\/wp-content\/uploads\/2023\/05\/Logo_roche.png\" class=\"attachment-200x150 size-200x150 wp-post-image\" alt=\"\" \/><img loading=\"lazy\" decoding=\"async\" width=\"200\" height=\"99\" src=\"https:\/\/juntscontraelcancer.cat\/wp-content\/uploads\/2023\/05\/tram-prensa_aw-4.jpg\" class=\"attachment-200x150 size-200x150 wp-post-image\" alt=\"\" \/><\/div><\/div>\r\n\t<div id=\"gap-1453369289\" class=\"gap-element clearfix\" style=\"display:block; height:auto;\">\n\t\t\n<style>\n#gap-1453369289 {\n  padding-top: 100px;\n}\n<\/style>\n\t<\/div>\n\t\r\n\r\n<h3>Empresas OncoResponsables<br \/>\r\n<\/h3>\r\n\t<div id=\"gap-166444308\" class=\"gap-element clearfix\" style=\"display:block; height:auto;\">\n\t\t\n<style>\n#gap-166444308 {\n  padding-top: 100px;\n}\n<\/style>\n\t<\/div>\n\t\n\n\t\t<\/div>\n\t\t\t\t\t<\/div>\n\n\t\n\n<\/div>\n<div class=\"row\"  id=\"row-2052870409\">\n\n\n\t<div id=\"col-790919177\" class=\"col medium-4 small-12 large-4\"  >\n\t\t\t\t<div class=\"col-inner\"  >\n\t\t\t\n\t\t\t\n\n\t<div class=\"img has-hover x md-x lg-x y md-y lg-y\" id=\"image_869068440\">\n\t\t\t\t\t\t\t\t<div class=\"img-inner dark\" >\n\t\t\t<img loading=\"lazy\" decoding=\"async\" width=\"263\" height=\"111\" src=\"https:\/\/juntscontraelcancer.cat\/wp-content\/uploads\/2023\/05\/Logo_tapla.png\" class=\"attachment-original size-original\" alt=\"\" \/>\t\t\t\t\t\t\n\t\t\t\t\t<\/div>\n\t\t\t\t\t\t\t\t\n<style>\n#image_869068440 {\n  width: 100%;\n}\n<\/style>\n\t<\/div>\n\t\n\n\n\t\t<\/div>\n\t\t\t\t\t<\/div>\n\n\t\n\n\t<div id=\"col-101040261\" class=\"col medium-4 small-12 large-4\"  >\n\t\t\t\t<div class=\"col-inner\"  >\n\t\t\t\n\t\t\t\n\n\t<div class=\"img has-hover x md-x lg-x y md-y lg-y\" id=\"image_748621680\">\n\t\t\t\t\t\t\t\t<div class=\"img-inner dark\" >\n\t\t\t<img loading=\"lazy\" decoding=\"async\" width=\"263\" height=\"111\" src=\"https:\/\/juntscontraelcancer.cat\/wp-content\/uploads\/2023\/06\/logo-apenok.png\" class=\"attachment-original size-original\" alt=\"\" \/>\t\t\t\t\t\t\n\t\t\t\t\t<\/div>\n\t\t\t\t\t\t\t\t\n<style>\n#image_748621680 {\n  width: 100%;\n}\n<\/style>\n\t<\/div>\n\t\n\n\n\t\t<\/div>\n\t\t\t\t\t<\/div>\n\n\t\n\n\t<div id=\"col-1219174008\" class=\"col medium-4 small-12 large-4\"  >\n\t\t\t\t<div class=\"col-inner\"  >\n\t\t\t\n\t\t\t\n\n\t<div class=\"img has-hover x md-x lg-x y md-y lg-y\" id=\"image_1673375635\">\n\t\t\t\t\t\t\t\t<div class=\"img-inner dark\" >\n\t\t\t<img loading=\"lazy\" decoding=\"async\" width=\"263\" height=\"111\" src=\"https:\/\/juntscontraelcancer.cat\/wp-content\/uploads\/2023\/06\/logo-appen.png\" class=\"attachment-original size-original\" alt=\"\" \/>\t\t\t\t\t\t\n\t\t\t\t\t<\/div>\n\t\t\t\t\t\t\t\t\n<style>\n#image_1673375635 {\n  width: 100%;\n}\n<\/style>\n\t<\/div>\n\t\n\n\n\t\t<\/div>\n\t\t\t\t\t<\/div>\n\n\t\n\n<\/div>\n\n\t\t<\/div>\n\n\t\t\n<style>\n#section_1131549464 {\n  padding-top: 30px;\n  padding-bottom: 30px;\n}\n<\/style>\n\t<\/section>\n\t\n\t<div id=\"gap-1331163183\" class=\"gap-element clearfix\" style=\"display:block; height:auto;\">\n\t\t\n<style>\n#gap-1331163183 {\n  padding-top: 80px;\n}\n<\/style>\n\t<\/div>\n\t\n\n\n","protected":false},"excerpt":{"rendered":"","protected":false},"author":1,"featured_media":0,"parent":16579,"menu_order":0,"comment_status":"closed","ping_status":"closed","template":"page-blank.php","meta":{"_acf_changed":false,"inline_featured_image":false,"footnotes":""},"class_list":["post-16572","page","type-page","status-publish","hentry"],"acf":[],"yoast_head":"<!-- This site is optimized with the Yoast SEO plugin v27.3 - https:\/\/yoast.com\/product\/yoast-seo-wordpress\/ -->\n<title>Empresas solidarias - Junts contra el c\u00e0ncer - FECEC<\/title>\n<meta name=\"robots\" content=\"index, follow, max-snippet:-1, max-image-preview:large, max-video-preview:-1\" \/>\n<link rel=\"canonical\" href=\"https:\/\/juntscontraelcancer.cat\/es\/colabora\/empresas-solidarias\/\" \/>\n<meta property=\"og:locale\" content=\"es_ES\" \/>\n<meta property=\"og:type\" content=\"article\" \/>\n<meta property=\"og:title\" content=\"Empresas solidarias - Junts contra el c\u00e0ncer - FECEC\" \/>\n<meta property=\"og:url\" content=\"https:\/\/juntscontraelcancer.cat\/es\/colabora\/empresas-solidarias\/\" \/>\n<meta property=\"og:site_name\" content=\"Junts contra el c\u00e0ncer - FECEC\" \/>\n<meta property=\"article:publisher\" content=\"https:\/\/www.facebook.com\/fecec.federacio\/\" \/>\n<meta property=\"article:modified_time\" content=\"2023-06-12T07:44:51+00:00\" \/>\n<meta name=\"twitter:card\" content=\"summary_large_image\" \/>\n<meta name=\"twitter:site\" content=\"@FececFederacio\" \/>\n<meta name=\"twitter:label1\" content=\"Tiempo de lectura\" \/>\n\t<meta name=\"twitter:data1\" content=\"3 minutos\" \/>\n<script type=\"application\/ld+json\" class=\"yoast-schema-graph\">{\"@context\":\"https:\\\/\\\/schema.org\",\"@graph\":[{\"@type\":\"WebPage\",\"@id\":\"https:\\\/\\\/juntscontraelcancer.cat\\\/es\\\/colabora\\\/empresas-solidarias\\\/\",\"url\":\"https:\\\/\\\/juntscontraelcancer.cat\\\/es\\\/colabora\\\/empresas-solidarias\\\/\",\"name\":\"Empresas solidarias - Junts contra el c\u00e0ncer - FECEC\",\"isPartOf\":{\"@id\":\"https:\\\/\\\/juntscontraelcancer.cat\\\/es\\\/#website\"},\"datePublished\":\"2023-05-03T10:47:32+00:00\",\"dateModified\":\"2023-06-12T07:44:51+00:00\",\"breadcrumb\":{\"@id\":\"https:\\\/\\\/juntscontraelcancer.cat\\\/es\\\/colabora\\\/empresas-solidarias\\\/#breadcrumb\"},\"inLanguage\":\"es\",\"potentialAction\":[{\"@type\":\"ReadAction\",\"target\":[\"https:\\\/\\\/juntscontraelcancer.cat\\\/es\\\/colabora\\\/empresas-solidarias\\\/\"]}]},{\"@type\":\"BreadcrumbList\",\"@id\":\"https:\\\/\\\/juntscontraelcancer.cat\\\/es\\\/colabora\\\/empresas-solidarias\\\/#breadcrumb\",\"itemListElement\":[{\"@type\":\"ListItem\",\"position\":1,\"name\":\"Inicio\",\"item\":\"https:\\\/\\\/juntscontraelcancer.cat\\\/es\\\/\"},{\"@type\":\"ListItem\",\"position\":2,\"name\":\"Colabora\",\"item\":\"https:\\\/\\\/juntscontraelcancer.cat\\\/es\\\/colabora\\\/\"},{\"@type\":\"ListItem\",\"position\":3,\"name\":\"Empresas solidarias\"}]},{\"@type\":\"WebSite\",\"@id\":\"https:\\\/\\\/juntscontraelcancer.cat\\\/es\\\/#website\",\"url\":\"https:\\\/\\\/juntscontraelcancer.cat\\\/es\\\/\",\"name\":\"Junts contra el c\u00e0ncer - FECEC\",\"description\":\"\",\"publisher\":{\"@id\":\"https:\\\/\\\/juntscontraelcancer.cat\\\/es\\\/#organization\"},\"potentialAction\":[{\"@type\":\"SearchAction\",\"target\":{\"@type\":\"EntryPoint\",\"urlTemplate\":\"https:\\\/\\\/juntscontraelcancer.cat\\\/es\\\/?s={search_term_string}\"},\"query-input\":{\"@type\":\"PropertyValueSpecification\",\"valueRequired\":true,\"valueName\":\"search_term_string\"}}],\"inLanguage\":\"es\"},{\"@type\":\"Organization\",\"@id\":\"https:\\\/\\\/juntscontraelcancer.cat\\\/es\\\/#organization\",\"name\":\"Junts contra el c\u00e0ncer - FECEC\",\"url\":\"https:\\\/\\\/juntscontraelcancer.cat\\\/es\\\/\",\"logo\":{\"@type\":\"ImageObject\",\"inLanguage\":\"es\",\"@id\":\"https:\\\/\\\/juntscontraelcancer.cat\\\/es\\\/#\\\/schema\\\/logo\\\/image\\\/\",\"url\":\"https:\\\/\\\/juntscontraelcancer.cat\\\/wp-content\\\/uploads\\\/2023\\\/01\\\/logo-fecec-header.png\",\"contentUrl\":\"https:\\\/\\\/juntscontraelcancer.cat\\\/wp-content\\\/uploads\\\/2023\\\/01\\\/logo-fecec-header.png\",\"width\":126,\"height\":74,\"caption\":\"Junts contra el c\u00e0ncer - FECEC\"},\"image\":{\"@id\":\"https:\\\/\\\/juntscontraelcancer.cat\\\/es\\\/#\\\/schema\\\/logo\\\/image\\\/\"},\"sameAs\":[\"https:\\\/\\\/www.facebook.com\\\/fecec.federacio\\\/\",\"https:\\\/\\\/x.com\\\/FececFederacio\",\"https:\\\/\\\/www.instagram.com\\\/fececfederacio\\\/?hl=es\",\"https:\\\/\\\/www.youtube.com\\\/channel\\\/UCgAC_6c6hmHwMQhSCQyYBdA\"]}]}<\/script>\n<!-- \/ Yoast SEO plugin. -->","yoast_head_json":{"title":"Empresas solidarias - Junts contra el c\u00e0ncer - FECEC","robots":{"index":"index","follow":"follow","max-snippet":"max-snippet:-1","max-image-preview":"max-image-preview:large","max-video-preview":"max-video-preview:-1"},"canonical":"https:\/\/juntscontraelcancer.cat\/es\/colabora\/empresas-solidarias\/","og_locale":"es_ES","og_type":"article","og_title":"Empresas solidarias - Junts contra el c\u00e0ncer - FECEC","og_url":"https:\/\/juntscontraelcancer.cat\/es\/colabora\/empresas-solidarias\/","og_site_name":"Junts contra el c\u00e0ncer - FECEC","article_publisher":"https:\/\/www.facebook.com\/fecec.federacio\/","article_modified_time":"2023-06-12T07:44:51+00:00","twitter_card":"summary_large_image","twitter_site":"@FececFederacio","twitter_misc":{"Tiempo de lectura":"3 minutos"},"schema":{"@context":"https:\/\/schema.org","@graph":[{"@type":"WebPage","@id":"https:\/\/juntscontraelcancer.cat\/es\/colabora\/empresas-solidarias\/","url":"https:\/\/juntscontraelcancer.cat\/es\/colabora\/empresas-solidarias\/","name":"Empresas solidarias - Junts contra el c\u00e0ncer - FECEC","isPartOf":{"@id":"https:\/\/juntscontraelcancer.cat\/es\/#website"},"datePublished":"2023-05-03T10:47:32+00:00","dateModified":"2023-06-12T07:44:51+00:00","breadcrumb":{"@id":"https:\/\/juntscontraelcancer.cat\/es\/colabora\/empresas-solidarias\/#breadcrumb"},"inLanguage":"es","potentialAction":[{"@type":"ReadAction","target":["https:\/\/juntscontraelcancer.cat\/es\/colabora\/empresas-solidarias\/"]}]},{"@type":"BreadcrumbList","@id":"https:\/\/juntscontraelcancer.cat\/es\/colabora\/empresas-solidarias\/#breadcrumb","itemListElement":[{"@type":"ListItem","position":1,"name":"Inicio","item":"https:\/\/juntscontraelcancer.cat\/es\/"},{"@type":"ListItem","position":2,"name":"Colabora","item":"https:\/\/juntscontraelcancer.cat\/es\/colabora\/"},{"@type":"ListItem","position":3,"name":"Empresas solidarias"}]},{"@type":"WebSite","@id":"https:\/\/juntscontraelcancer.cat\/es\/#website","url":"https:\/\/juntscontraelcancer.cat\/es\/","name":"Junts contra el c\u00e0ncer - FECEC","description":"","publisher":{"@id":"https:\/\/juntscontraelcancer.cat\/es\/#organization"},"potentialAction":[{"@type":"SearchAction","target":{"@type":"EntryPoint","urlTemplate":"https:\/\/juntscontraelcancer.cat\/es\/?s={search_term_string}"},"query-input":{"@type":"PropertyValueSpecification","valueRequired":true,"valueName":"search_term_string"}}],"inLanguage":"es"},{"@type":"Organization","@id":"https:\/\/juntscontraelcancer.cat\/es\/#organization","name":"Junts contra el c\u00e0ncer - FECEC","url":"https:\/\/juntscontraelcancer.cat\/es\/","logo":{"@type":"ImageObject","inLanguage":"es","@id":"https:\/\/juntscontraelcancer.cat\/es\/#\/schema\/logo\/image\/","url":"https:\/\/juntscontraelcancer.cat\/wp-content\/uploads\/2023\/01\/logo-fecec-header.png","contentUrl":"https:\/\/juntscontraelcancer.cat\/wp-content\/uploads\/2023\/01\/logo-fecec-header.png","width":126,"height":74,"caption":"Junts contra el c\u00e0ncer - FECEC"},"image":{"@id":"https:\/\/juntscontraelcancer.cat\/es\/#\/schema\/logo\/image\/"},"sameAs":["https:\/\/www.facebook.com\/fecec.federacio\/","https:\/\/x.com\/FececFederacio","https:\/\/www.instagram.com\/fececfederacio\/?hl=es","https:\/\/www.youtube.com\/channel\/UCgAC_6c6hmHwMQhSCQyYBdA"]}]}},"_links":{"self":[{"href":"https:\/\/juntscontraelcancer.cat\/es\/wp-json\/wp\/v2\/pages\/16572","targetHints":{"allow":["GET"]}}],"collection":[{"href":"https:\/\/juntscontraelcancer.cat\/es\/wp-json\/wp\/v2\/pages"}],"about":[{"href":"https:\/\/juntscontraelcancer.cat\/es\/wp-json\/wp\/v2\/types\/page"}],"author":[{"embeddable":true,"href":"https:\/\/juntscontraelcancer.cat\/es\/wp-json\/wp\/v2\/users\/1"}],"replies":[{"embeddable":true,"href":"https:\/\/juntscontraelcancer.cat\/es\/wp-json\/wp\/v2\/comments?post=16572"}],"version-history":[{"count":47,"href":"https:\/\/juntscontraelcancer.cat\/es\/wp-json\/wp\/v2\/pages\/16572\/revisions"}],"predecessor-version":[{"id":25998,"href":"https:\/\/juntscontraelcancer.cat\/es\/wp-json\/wp\/v2\/pages\/16572\/revisions\/25998"}],"up":[{"embeddable":true,"href":"https:\/\/juntscontraelcancer.cat\/es\/wp-json\/wp\/v2\/pages\/16579"}],"wp:attachment":[{"href":"https:\/\/juntscontraelcancer.cat\/es\/wp-json\/wp\/v2\/media?parent=16572"}],"curies":[{"name":"wp","href":"https:\/\/api.w.org\/{rel}","templated":true}]}}