{"id":16338,"date":"2023-03-08T12:44:00","date_gmt":"2023-03-08T10:44:00","guid":{"rendered":"https:\/\/junts.enproceso.es\/voluntariado\/curs-de-profundizacion-de-voluntariado-en-el-ambito-oncologico\/"},"modified":"2023-09-04T12:23:40","modified_gmt":"2023-09-04T10:23:40","slug":"curs-de-profundizacion-de-voluntariado-en-el-ambito-oncologico","status":"publish","type":"page","link":"https:\/\/juntscontraelcancer.cat\/es\/voluntariado\/curs-de-profundizacion-de-voluntariado-en-el-ambito-oncologico\/","title":{"rendered":"Curso de profundizaci\u00f3n de voluntariado en el \u00e1mbito oncol\u00f3gico"},"content":{"rendered":"\n\n\t<section class=\"section\" id=\"section_1029749797\">\n\t\t<div class=\"section-bg fill\" >\n\t\t\t\t\t\t\t\t\t\n\t\t\t\n\n\t\t<\/div>\n\n\t\t\n\n\t\t<div class=\"section-content relative\">\n\t\t\t\n\n\n  <div class=\"banner has-hover onda-top-interior\" id=\"banner-719654811\">\n          <div class=\"banner-inner fill\">\n        <div class=\"banner-bg fill\" >\n            <img loading=\"lazy\" decoding=\"async\" width=\"1440\" height=\"243\" src=\"https:\/\/juntscontraelcancer.cat\/wp-content\/uploads\/2023\/03\/Slide-3.png\" class=\"bg attachment-original size-original\" alt=\"\" \/>                                    \n                    <\/div>\n\t\t\n        <div class=\"banner-layers container\">\n            <div class=\"fill banner-link\"><\/div>            \n\n   <div id=\"text-box-269917185\" class=\"text-box banner-layer x50 md-x50 lg-x50 y50 md-y50 lg-y50 res-text\">\n                                <div class=\"text-box-content text dark\">\n              \n              <div class=\"text-inner text-center\">\n                  \n\n<h1>Cursos<\/h1>\n\n              <\/div>\n           <\/div>\n                            \n<style>\n#text-box-269917185 {\n  width: 60%;\n}\n#text-box-269917185 .text-box-content {\n  font-size: 100%;\n}\n<\/style>\n    <\/div>\n \n\n        <\/div>\n      <\/div>\n\n            \n<style>\n#banner-719654811 {\n  padding-top: 243px;\n}\n<\/style>\n  <\/div>\n\n\n\n\t\t<\/div>\n\n\t\t\n<style>\n#section_1029749797 {\n  padding-top: 0px;\n  padding-bottom: 0px;\n}\n<\/style>\n\t<\/section>\n\t\n\n\t<section class=\"section\" id=\"section_1461247585\">\n\t\t<div class=\"section-bg fill\" >\n\t\t\t\t\t\t\t\t\t\n\t\t\t\n\n\t\t<\/div>\n\n\t\t\n\n\t\t<div class=\"section-content relative\">\n\t\t\t\n\n<div class=\"row row-collapse\"  id=\"row-1066237452\">\n\n\n\t<div id=\"col-794479654\" class=\"col small-12 large-12\"  >\n\t\t\t\t<div class=\"col-inner\"  >\n\t\t\t\n\t\t\t\n\n\t<div id=\"text-850374502\" class=\"text p3\">\n\t\t\n\n<span><span><a href=\"https:\/\/juntscontraelcancer.cat\/es\/\">Inicio<\/a><\/span><\/span>\n\t\t\t<\/div>\n\t\n\n\t\t<\/div>\n\t\t\t\t\t<\/div>\n\n\t\n\n<\/div>\n\n\t\t<\/div>\n\n\t\t\n<style>\n#section_1461247585 {\n  padding-top: 30px;\n  padding-bottom: 30px;\n}\n<\/style>\n\t<\/section>\n\t\n\n\t<section class=\"section\" id=\"section_1555957664\">\n\t\t<div class=\"section-bg fill\" >\n\t\t\t\t\t\t\t\t\t\n\t\t\t\n\n\t\t<\/div>\n\n\t\t\n\n\t\t<div class=\"section-content relative\">\n\t\t\t\n\n<div class=\"row\"  id=\"row-106850767\">\n\n\n\t<div id=\"col-110894429\" class=\"col small-12 large-12\"  >\n\t\t\t\t<div class=\"col-inner\"  >\n\t\t\t\n\t\t\t\n\n<h2>Curso de profundizaci\u00f3n de voluntariado en el \u00e1mbito oncol\u00f3gico<\/h2>\r\n<div class=\"is-divider divider clearfix\" style=\"margin-top:24px;margin-bottom:24px;max-width:123px;background-color:rgb(165, 45, 56);\"><\/div>\n\n\t<div id=\"text-299002801\" class=\"text\">\n\t\t\n\n<p>Curso de profundizaci\u00f3n para voluntarios que est\u00e9n llevando a cabo su actuaci\u00f3n en el campo de la oncolog\u00eda y del acompa\u00f1amiento a enfermos oncol\u00f3gicos.<\/p>\n\t\t\n<style>\n#text-299002801 {\n  font-size: 4rem;\n}\n<\/style>\n\t<\/div>\n\t\n\n\t\t<\/div>\n\t\t\t\t\t<\/div>\n\n\t\n\n<\/div>\n\n\t\t<\/div>\n\n\t\t\n<style>\n#section_1555957664 {\n  padding-top: 0px;\n  padding-bottom: 0px;\n}\n<\/style>\n\t<\/section>\n\t\n\n\t<section class=\"section\" id=\"section_204015235\">\n\t\t<div class=\"section-bg fill\" >\n\t\t\t\t\t\t\t\t\t\n\t\t\t\n\n\t\t<\/div>\n\n\t\t\n\n\t\t<div class=\"section-content relative\">\n\t\t\t\n\n<div class=\"row\"  id=\"row-692565969\">\n\n\n\t<div id=\"col-782104403\" class=\"col small-12 large-12\"  >\n\t\t\t\t<div class=\"col-inner\"  >\n\t\t\t\n\t\t\t\n\n<h3>Objectivos del curso:<\/h3>\n\n\t\t<\/div>\n\t\t\t\t\t<\/div>\n\n\t\n\n<\/div>\n<div class=\"row\"  id=\"row-1416673057\">\n\n\n\t<div id=\"col-861171129\" class=\"col medium-4 small-12 large-4\"  >\n\t\t\t\t<div class=\"col-inner text-left\" style=\"background-color:rgb(165, 45, 56);\" >\n\t\t\t\n\t\t\t\n\n\n  <div class=\"banner has-hover onda-top\" id=\"banner-1657502699\">\n          <div class=\"banner-inner fill\">\n        <div class=\"banner-bg fill\" >\n                                                \n                    <\/div>\n\t\t\n        <div class=\"banner-layers container\">\n            <div class=\"fill banner-link\"><\/div>            \n\n   <div id=\"text-box-2061510097\" class=\"text-box banner-layer x50 md-x50 lg-x50 y50 md-y50 lg-y50 res-text\">\n                                <div class=\"text-box-content text dark\">\n              \n              <div class=\"text-inner text-center\">\n                  \n\n\t<div id=\"text-1029746030\" class=\"text banners-body\">\n\t\t\n\n<h2>1.<\/h2>\r\n<p><strong>Ofrecer conocimientos, herramientas y recursos<\/strong> para enmarcar correctamente su actuaci\u00f3n a voluntarios con experiencia.<\/p>\n\t\t\n<style>\n#text-1029746030 {\n  text-align: center;\n  color: rgb(255, 255, 255);\n}\n#text-1029746030 > * {\n  color: rgb(255, 255, 255);\n}\n<\/style>\n\t<\/div>\n\t\n\n              <\/div>\n           <\/div>\n                            \n<style>\n#text-box-2061510097 {\n  width: 90%;\n}\n#text-box-2061510097 .text-box-content {\n  font-size: 100%;\n}\n<\/style>\n    <\/div>\n \n\n        <\/div>\n      <\/div>\n\n            \n<style>\n#banner-1657502699 {\n  padding-top: 317px;\n}\n<\/style>\n  <\/div>\n\n\n\n\t\t<\/div>\n\t\t\t\t\n<style>\n#col-861171129 > .col-inner {\n  padding: 0px 0px 0px 0px;\n}\n<\/style>\n\t<\/div>\n\n\t\n\n\t<div id=\"col-853357110\" class=\"col medium-4 small-12 large-4\"  >\n\t\t\t\t<div class=\"col-inner text-left\" style=\"background-color:rgb(165, 45, 56);\" >\n\t\t\t\n\t\t\t\n\n\n  <div class=\"banner has-hover onda-top\" id=\"banner-1904708561\">\n          <div class=\"banner-inner fill\">\n        <div class=\"banner-bg fill\" >\n                                                \n                    <\/div>\n\t\t\n        <div class=\"banner-layers container\">\n            <div class=\"fill banner-link\"><\/div>            \n\n   <div id=\"text-box-2028263526\" class=\"text-box banner-layer x50 md-x50 lg-x50 y50 md-y50 lg-y50 res-text\">\n                                <div class=\"text-box-content text dark\">\n              \n              <div class=\"text-inner text-center\">\n                  \n\n\t<div id=\"text-3121791998\" class=\"text banners-body\">\n\t\t\n\n<h2>2.<\/h2>\r\n<p><strong>Profundizar en su tarea,<\/strong> especialmente en relaci\u00f3n a las habilidades comunicativas y la gesti\u00f3n de las propias emociones.<\/p>\n\t\t\n<style>\n#text-3121791998 {\n  text-align: center;\n  color: rgb(255, 255, 255);\n}\n#text-3121791998 > * {\n  color: rgb(255, 255, 255);\n}\n<\/style>\n\t<\/div>\n\t\n\n              <\/div>\n           <\/div>\n                            \n<style>\n#text-box-2028263526 {\n  width: 90%;\n}\n#text-box-2028263526 .text-box-content {\n  font-size: 100%;\n}\n<\/style>\n    <\/div>\n \n\n        <\/div>\n      <\/div>\n\n            \n<style>\n#banner-1904708561 {\n  padding-top: 317px;\n}\n<\/style>\n  <\/div>\n\n\n\n\t\t<\/div>\n\t\t\t\t\n<style>\n#col-853357110 > .col-inner {\n  padding: 0px 0px 0px 0px;\n}\n<\/style>\n\t<\/div>\n\n\t\n\n\t<div id=\"col-1630670004\" class=\"col medium-4 small-12 large-4\"  >\n\t\t\t\t<div class=\"col-inner text-left\" style=\"background-color:rgb(165, 45, 56);\" >\n\t\t\t\n\t\t\t\n\n\n  <div class=\"banner has-hover onda-top\" id=\"banner-806796785\">\n          <div class=\"banner-inner fill\">\n        <div class=\"banner-bg fill\" >\n                                                \n                    <\/div>\n\t\t\n        <div class=\"banner-layers container\">\n            <div class=\"fill banner-link\"><\/div>            \n\n   <div id=\"text-box-1352358841\" class=\"text-box banner-layer x50 md-x50 lg-x50 y50 md-y50 lg-y50 res-text\">\n                                <div class=\"text-box-content text dark\">\n              \n              <div class=\"text-inner text-center\">\n                  \n\n\t<div id=\"text-3305872017\" class=\"text banners-body\">\n\t\t\n\n<h2>3.<\/h2>\r\n<p><strong>Formaci\u00f3n complementaria<\/strong> que repercute directamente en la mejora de la calidad de la persona que sufre un c\u00e1ncer.<\/p>\n\t\t\n<style>\n#text-3305872017 {\n  text-align: center;\n  color: rgb(255, 255, 255);\n}\n#text-3305872017 > * {\n  color: rgb(255, 255, 255);\n}\n<\/style>\n\t<\/div>\n\t\n\n              <\/div>\n           <\/div>\n                            \n<style>\n#text-box-1352358841 {\n  width: 90%;\n}\n#text-box-1352358841 .text-box-content {\n  font-size: 100%;\n}\n<\/style>\n    <\/div>\n \n\n        <\/div>\n      <\/div>\n\n            \n<style>\n#banner-806796785 {\n  padding-top: 317px;\n}\n<\/style>\n  <\/div>\n\n\n\n\t\t<\/div>\n\t\t\t\t\n<style>\n#col-1630670004 > .col-inner {\n  padding: 0px 0px 0px 0px;\n}\n<\/style>\n\t<\/div>\n\n\t\n\n<\/div>\n\t<div id=\"gap-186410603\" class=\"gap-element clearfix\" style=\"display:block; height:auto;\">\n\t\t\n<style>\n#gap-186410603 {\n  padding-top: 65px;\n}\n<\/style>\n\t<\/div>\n\t\n\n\n\t\t<\/div>\n\n\t\t\n<style>\n#section_204015235 {\n  padding-top: 0px;\n  padding-bottom: 0px;\n}\n<\/style>\n\t<\/section>\n\t\n\n\t<section class=\"section bg-section-top-right\" id=\"section_1645083449\">\n\t\t<div class=\"section-bg fill\" >\n\t\t\t<img loading=\"lazy\" decoding=\"async\" width=\"2500\" height=\"851\" src=\"https:\/\/juntscontraelcancer.cat\/wp-content\/uploads\/2023\/02\/FECEC-Ondas-Corporativas-Granate-1.png\" class=\"bg attachment- size-\" alt=\"\" \/>\t\t\t\t\t\t\n\t\t\t\n\n\t\t<\/div>\n\n\t\t\n\n\t\t<div class=\"section-content relative\">\n\t\t\t\n\n<div class=\"row row-collapse\"  id=\"row-1128900418\">\n\n\n\t<div id=\"col-1921581713\" class=\"col small-12 large-12\"  >\n\t\t\t\t<div class=\"col-inner\"  >\n\t\t\t\n\t\t\t\n\n\t<div id=\"gap-1652366060\" class=\"gap-element clearfix\" style=\"display:block; height:auto;\">\n\t\t\n<style>\n#gap-1652366060 {\n  padding-top: 10px;\n}\n<\/style>\n\t<\/div>\n\t\r\n<h3>Estructura y contenidos:<\/h3>\r\n\t<div id=\"gap-950761852\" class=\"gap-element clearfix\" style=\"display:block; height:auto;\">\n\t\t\n<style>\n#gap-950761852 {\n  padding-top: 15px;\n}\n<\/style>\n\t<\/div>\n\t\n\n\t<div id=\"text-817236878\" class=\"text p2\">\n\t\t\n\n<ul>\r\n \t<li><strong>Bloque 1:<\/strong> La enfermedad<\/li>\r\n \t<li><strong>Bloque 2:<\/strong> Habilidades comunicativas<\/li>\r\n<\/ul>\n\t\t\t<\/div>\n\t\n\n\t\t<\/div>\n\t\t\t\t\t<\/div>\n\n\t\n\n<\/div>\n\n\t\t<\/div>\n\n\t\t\n<style>\n#section_1645083449 {\n  padding-top: 30px;\n  padding-bottom: 30px;\n  background-color: rgb(245, 245, 245);\n}\n<\/style>\n\t<\/section>\n\t\n\n\t<section class=\"section\" id=\"section_2001140279\">\n\t\t<div class=\"section-bg fill\" >\n\t\t\t\t\t\t\t\t\t\n\t\t\t\n\n\t\t<\/div>\n\n\t\t\n\n\t\t<div class=\"section-content relative\">\n\t\t\t\n\n<div class=\"row row-collapse\"  id=\"row-1834141784\">\n\n\n\t<div id=\"col-171511838\" class=\"col small-12 large-12\"  >\n\t\t\t\t<div class=\"col-inner\"  >\n\t\t\t\n\t\t\t\n\n<h3>Duraci\u00f3n:<\/h3>\r\n<p><strong>12<\/strong> horas<\/p>\n\n\t\t<\/div>\n\t\t\t\t\t<\/div>\n\n\t\n\n<\/div>\n<div class=\"row\"  id=\"row-2041146308\">\n\n\n\t<div id=\"col-611721366\" class=\"col small-12 large-12\"  >\n\t\t\t\t<div class=\"col-inner\"  >\n\t\t\t\n\t\t\t\n\n\n  \n    <div class=\"row slides-voluntariat large-columns-2 medium-columns- small-columns- slider row-slider slider-nav-circle slider-nav-light\"  data-flickity-options='{&quot;imagesLoaded&quot;: true, &quot;groupCells&quot;: &quot;100%&quot;, &quot;dragThreshold&quot; : 5, &quot;cellAlign&quot;: &quot;left&quot;,&quot;wrapAround&quot;: true,&quot;prevNextButtons&quot;: true,&quot;percentPosition&quot;: true,&quot;pageDots&quot;: false, &quot;rightToLeft&quot;: false, &quot;autoPlay&quot; : false}' >\n\n  <div class=\"gallery-col col\" >\n          <div class=\"col-inner\">\n            <a class=\"image-lightbox lightbox-gallery\" href=\"https:\/\/juntscontraelcancer.cat\/wp-content\/uploads\/2023\/04\/pexels-pixabay-39284-4.png\" title=\"\">            <div class=\"box has-hover gallery-box box-label\">\n              <div class=\"box-image\" >\n                <img loading=\"lazy\" decoding=\"async\" width=\"300\" height=\"176\" src=\"https:\/\/juntscontraelcancer.cat\/wp-content\/uploads\/2023\/04\/pexels-pixabay-39284-4-300x176.png\" class=\"slides-voluntariat\" alt=\"\" ids=\"4091,4094\" style=\"label\" lightbox_image_size=\"original\" type=\"slider\" columns=\"2\" slider_nav_style=\"circle\" slider_nav_color=\"light\" text_bg=\"rgba(0, 0, 0, 0)\" srcset=\"https:\/\/juntscontraelcancer.cat\/wp-content\/uploads\/2023\/04\/pexels-pixabay-39284-4-300x176.png 300w, https:\/\/juntscontraelcancer.cat\/wp-content\/uploads\/2023\/04\/pexels-pixabay-39284-4.png 539w\" sizes=\"auto, (max-width: 300px) 100vw, 300px\" \/>                                                              <\/div>\n              <div class=\"box-text text-left\" style=\"background-color:rgba(0, 0, 0, 0);\">\n                 <p><\/p>\n              <\/div>\n            <\/div>\n            <\/a>          <\/div>\n         <\/div><div class=\"gallery-col col\" >\n          <div class=\"col-inner\">\n            <a class=\"image-lightbox lightbox-gallery\" href=\"https:\/\/juntscontraelcancer.cat\/wp-content\/uploads\/2023\/04\/pexels-pixabay-39284-1-1.png\" title=\"\">            <div class=\"box has-hover gallery-box box-label\">\n              <div class=\"box-image\" >\n                <img loading=\"lazy\" decoding=\"async\" width=\"300\" height=\"176\" src=\"https:\/\/juntscontraelcancer.cat\/wp-content\/uploads\/2023\/04\/pexels-pixabay-39284-1-1-300x176.png\" class=\"slides-voluntariat\" alt=\"\" ids=\"4091,4094\" style=\"label\" lightbox_image_size=\"original\" type=\"slider\" columns=\"2\" slider_nav_style=\"circle\" slider_nav_color=\"light\" text_bg=\"rgba(0, 0, 0, 0)\" srcset=\"https:\/\/juntscontraelcancer.cat\/wp-content\/uploads\/2023\/04\/pexels-pixabay-39284-1-1-300x176.png 300w, https:\/\/juntscontraelcancer.cat\/wp-content\/uploads\/2023\/04\/pexels-pixabay-39284-1-1.png 539w\" sizes=\"auto, (max-width: 300px) 100vw, 300px\" \/>                                                              <\/div>\n              <div class=\"box-text text-left\" style=\"background-color:rgba(0, 0, 0, 0);\">\n                 <p><\/p>\n              <\/div>\n            <\/div>\n            <\/a>          <\/div>\n         <\/div><\/div>\n\n\n\t\t<\/div>\n\t\t\t\t\t<\/div>\n\n\t\n\n<\/div>\n\n\t\t<\/div>\n\n\t\t\n<style>\n#section_2001140279 {\n  padding-top: 30px;\n  padding-bottom: 30px;\n}\n<\/style>\n\t<\/section>\n\t\n\n\t<section class=\"section\" id=\"section_1253871429\">\n\t\t<div class=\"section-bg fill\" >\n\t\t\t\t\t\t\t\t\t\n\t\t\t\n\n\t\t<\/div>\n\n\t\t\n\n\t\t<div class=\"section-content relative\">\n\t\t\t\n\n<div class=\"row\"  id=\"row-1042425462\">\n\n\n\t<div id=\"col-1059927141\" class=\"col small-12 large-12\"  >\n\t\t\t\t<div class=\"col-inner text-right\"  >\n\t\t\t\n\t\t\t\n\n<a href=\"https:\/\/juntscontraelcancer.cat\/es\/voluntariado\/\" class=\"button primary is-outline\" >\n\t\t<span>Volver<\/span>\n\t<\/a>\n\n\n\n\t\t<\/div>\n\t\t\t\t\t<\/div>\n\n\t\n\n<\/div>\n\t<div id=\"gap-1955056094\" class=\"gap-element clearfix\" style=\"display:block; height:auto;\">\n\t\t\n<style>\n#gap-1955056094 {\n  padding-top: 80px;\n}\n<\/style>\n\t<\/div>\n\t\n\n\n\t\t<\/div>\n\n\t\t\n<style>\n#section_1253871429 {\n  padding-top: 0px;\n  padding-bottom: 0px;\n}\n<\/style>\n\t<\/section>\n\t\n","protected":false},"excerpt":{"rendered":"","protected":false},"author":1,"featured_media":0,"parent":15653,"menu_order":0,"comment_status":"closed","ping_status":"closed","template":"page-blank.php","meta":{"_acf_changed":false,"inline_featured_image":false,"footnotes":""},"class_list":["post-16338","page","type-page","status-publish","hentry"],"acf":[],"yoast_head":"<!-- This site is optimized with the Yoast SEO plugin v27.3 - https:\/\/yoast.com\/product\/yoast-seo-wordpress\/ -->\n<title>Curso de profundizaci\u00f3n de voluntariado en el \u00e1mbito oncol\u00f3gico - Junts contra el c\u00e0ncer - FECEC<\/title>\n<meta name=\"robots\" content=\"index, follow, max-snippet:-1, max-image-preview:large, max-video-preview:-1\" \/>\n<link rel=\"canonical\" href=\"https:\/\/juntscontraelcancer.cat\/es\/voluntariado\/curs-de-profundizacion-de-voluntariado-en-el-ambito-oncologico\/\" \/>\n<meta property=\"og:locale\" content=\"es_ES\" \/>\n<meta property=\"og:type\" content=\"article\" \/>\n<meta property=\"og:title\" content=\"Curso de profundizaci\u00f3n de voluntariado en el \u00e1mbito oncol\u00f3gico - Junts contra el c\u00e0ncer - FECEC\" \/>\n<meta property=\"og:url\" content=\"https:\/\/juntscontraelcancer.cat\/es\/voluntariado\/curs-de-profundizacion-de-voluntariado-en-el-ambito-oncologico\/\" \/>\n<meta property=\"og:site_name\" content=\"Junts contra el c\u00e0ncer - FECEC\" \/>\n<meta property=\"article:publisher\" content=\"https:\/\/www.facebook.com\/fecec.federacio\/\" \/>\n<meta property=\"article:modified_time\" content=\"2023-09-04T10:23:40+00:00\" \/>\n<meta name=\"twitter:card\" content=\"summary_large_image\" \/>\n<meta name=\"twitter:site\" content=\"@FececFederacio\" \/>\n<meta name=\"twitter:label1\" content=\"Tiempo de lectura\" \/>\n\t<meta name=\"twitter:data1\" content=\"2 minutos\" \/>\n<script type=\"application\/ld+json\" class=\"yoast-schema-graph\">{\"@context\":\"https:\\\/\\\/schema.org\",\"@graph\":[{\"@type\":\"WebPage\",\"@id\":\"https:\\\/\\\/juntscontraelcancer.cat\\\/es\\\/voluntariado\\\/curs-de-profundizacion-de-voluntariado-en-el-ambito-oncologico\\\/\",\"url\":\"https:\\\/\\\/juntscontraelcancer.cat\\\/es\\\/voluntariado\\\/curs-de-profundizacion-de-voluntariado-en-el-ambito-oncologico\\\/\",\"name\":\"Curso de profundizaci\u00f3n de voluntariado en el \u00e1mbito oncol\u00f3gico - Junts contra el c\u00e0ncer - FECEC\",\"isPartOf\":{\"@id\":\"https:\\\/\\\/juntscontraelcancer.cat\\\/es\\\/#website\"},\"datePublished\":\"2023-03-08T10:44:00+00:00\",\"dateModified\":\"2023-09-04T10:23:40+00:00\",\"breadcrumb\":{\"@id\":\"https:\\\/\\\/juntscontraelcancer.cat\\\/es\\\/voluntariado\\\/curs-de-profundizacion-de-voluntariado-en-el-ambito-oncologico\\\/#breadcrumb\"},\"inLanguage\":\"es\",\"potentialAction\":[{\"@type\":\"ReadAction\",\"target\":[\"https:\\\/\\\/juntscontraelcancer.cat\\\/es\\\/voluntariado\\\/curs-de-profundizacion-de-voluntariado-en-el-ambito-oncologico\\\/\"]}]},{\"@type\":\"BreadcrumbList\",\"@id\":\"https:\\\/\\\/juntscontraelcancer.cat\\\/es\\\/voluntariado\\\/curs-de-profundizacion-de-voluntariado-en-el-ambito-oncologico\\\/#breadcrumb\",\"itemListElement\":[{\"@type\":\"ListItem\",\"position\":1,\"name\":\"Inicio\",\"item\":\"https:\\\/\\\/juntscontraelcancer.cat\\\/es\\\/\"},{\"@type\":\"ListItem\",\"position\":2,\"name\":\"Voluntariado\",\"item\":\"https:\\\/\\\/juntscontraelcancer.cat\\\/es\\\/voluntariado\\\/\"},{\"@type\":\"ListItem\",\"position\":3,\"name\":\"Curso de profundizaci\u00f3n de voluntariado en el \u00e1mbito oncol\u00f3gico\"}]},{\"@type\":\"WebSite\",\"@id\":\"https:\\\/\\\/juntscontraelcancer.cat\\\/es\\\/#website\",\"url\":\"https:\\\/\\\/juntscontraelcancer.cat\\\/es\\\/\",\"name\":\"Junts contra el c\u00e0ncer - FECEC\",\"description\":\"\",\"publisher\":{\"@id\":\"https:\\\/\\\/juntscontraelcancer.cat\\\/es\\\/#organization\"},\"potentialAction\":[{\"@type\":\"SearchAction\",\"target\":{\"@type\":\"EntryPoint\",\"urlTemplate\":\"https:\\\/\\\/juntscontraelcancer.cat\\\/es\\\/?s={search_term_string}\"},\"query-input\":{\"@type\":\"PropertyValueSpecification\",\"valueRequired\":true,\"valueName\":\"search_term_string\"}}],\"inLanguage\":\"es\"},{\"@type\":\"Organization\",\"@id\":\"https:\\\/\\\/juntscontraelcancer.cat\\\/es\\\/#organization\",\"name\":\"Junts contra el c\u00e0ncer - FECEC\",\"url\":\"https:\\\/\\\/juntscontraelcancer.cat\\\/es\\\/\",\"logo\":{\"@type\":\"ImageObject\",\"inLanguage\":\"es\",\"@id\":\"https:\\\/\\\/juntscontraelcancer.cat\\\/es\\\/#\\\/schema\\\/logo\\\/image\\\/\",\"url\":\"https:\\\/\\\/juntscontraelcancer.cat\\\/wp-content\\\/uploads\\\/2023\\\/01\\\/logo-fecec-header.png\",\"contentUrl\":\"https:\\\/\\\/juntscontraelcancer.cat\\\/wp-content\\\/uploads\\\/2023\\\/01\\\/logo-fecec-header.png\",\"width\":126,\"height\":74,\"caption\":\"Junts contra el c\u00e0ncer - FECEC\"},\"image\":{\"@id\":\"https:\\\/\\\/juntscontraelcancer.cat\\\/es\\\/#\\\/schema\\\/logo\\\/image\\\/\"},\"sameAs\":[\"https:\\\/\\\/www.facebook.com\\\/fecec.federacio\\\/\",\"https:\\\/\\\/x.com\\\/FececFederacio\",\"https:\\\/\\\/www.instagram.com\\\/fececfederacio\\\/?hl=es\",\"https:\\\/\\\/www.youtube.com\\\/channel\\\/UCgAC_6c6hmHwMQhSCQyYBdA\"]}]}<\/script>\n<!-- \/ Yoast SEO plugin. -->","yoast_head_json":{"title":"Curso de profundizaci\u00f3n de voluntariado en el \u00e1mbito oncol\u00f3gico - Junts contra el c\u00e0ncer - FECEC","robots":{"index":"index","follow":"follow","max-snippet":"max-snippet:-1","max-image-preview":"max-image-preview:large","max-video-preview":"max-video-preview:-1"},"canonical":"https:\/\/juntscontraelcancer.cat\/es\/voluntariado\/curs-de-profundizacion-de-voluntariado-en-el-ambito-oncologico\/","og_locale":"es_ES","og_type":"article","og_title":"Curso de profundizaci\u00f3n de voluntariado en el \u00e1mbito oncol\u00f3gico - Junts contra el c\u00e0ncer - FECEC","og_url":"https:\/\/juntscontraelcancer.cat\/es\/voluntariado\/curs-de-profundizacion-de-voluntariado-en-el-ambito-oncologico\/","og_site_name":"Junts contra el c\u00e0ncer - FECEC","article_publisher":"https:\/\/www.facebook.com\/fecec.federacio\/","article_modified_time":"2023-09-04T10:23:40+00:00","twitter_card":"summary_large_image","twitter_site":"@FececFederacio","twitter_misc":{"Tiempo de lectura":"2 minutos"},"schema":{"@context":"https:\/\/schema.org","@graph":[{"@type":"WebPage","@id":"https:\/\/juntscontraelcancer.cat\/es\/voluntariado\/curs-de-profundizacion-de-voluntariado-en-el-ambito-oncologico\/","url":"https:\/\/juntscontraelcancer.cat\/es\/voluntariado\/curs-de-profundizacion-de-voluntariado-en-el-ambito-oncologico\/","name":"Curso de profundizaci\u00f3n de voluntariado en el \u00e1mbito oncol\u00f3gico - Junts contra el c\u00e0ncer - FECEC","isPartOf":{"@id":"https:\/\/juntscontraelcancer.cat\/es\/#website"},"datePublished":"2023-03-08T10:44:00+00:00","dateModified":"2023-09-04T10:23:40+00:00","breadcrumb":{"@id":"https:\/\/juntscontraelcancer.cat\/es\/voluntariado\/curs-de-profundizacion-de-voluntariado-en-el-ambito-oncologico\/#breadcrumb"},"inLanguage":"es","potentialAction":[{"@type":"ReadAction","target":["https:\/\/juntscontraelcancer.cat\/es\/voluntariado\/curs-de-profundizacion-de-voluntariado-en-el-ambito-oncologico\/"]}]},{"@type":"BreadcrumbList","@id":"https:\/\/juntscontraelcancer.cat\/es\/voluntariado\/curs-de-profundizacion-de-voluntariado-en-el-ambito-oncologico\/#breadcrumb","itemListElement":[{"@type":"ListItem","position":1,"name":"Inicio","item":"https:\/\/juntscontraelcancer.cat\/es\/"},{"@type":"ListItem","position":2,"name":"Voluntariado","item":"https:\/\/juntscontraelcancer.cat\/es\/voluntariado\/"},{"@type":"ListItem","position":3,"name":"Curso de profundizaci\u00f3n de voluntariado en el \u00e1mbito oncol\u00f3gico"}]},{"@type":"WebSite","@id":"https:\/\/juntscontraelcancer.cat\/es\/#website","url":"https:\/\/juntscontraelcancer.cat\/es\/","name":"Junts contra el c\u00e0ncer - FECEC","description":"","publisher":{"@id":"https:\/\/juntscontraelcancer.cat\/es\/#organization"},"potentialAction":[{"@type":"SearchAction","target":{"@type":"EntryPoint","urlTemplate":"https:\/\/juntscontraelcancer.cat\/es\/?s={search_term_string}"},"query-input":{"@type":"PropertyValueSpecification","valueRequired":true,"valueName":"search_term_string"}}],"inLanguage":"es"},{"@type":"Organization","@id":"https:\/\/juntscontraelcancer.cat\/es\/#organization","name":"Junts contra el c\u00e0ncer - FECEC","url":"https:\/\/juntscontraelcancer.cat\/es\/","logo":{"@type":"ImageObject","inLanguage":"es","@id":"https:\/\/juntscontraelcancer.cat\/es\/#\/schema\/logo\/image\/","url":"https:\/\/juntscontraelcancer.cat\/wp-content\/uploads\/2023\/01\/logo-fecec-header.png","contentUrl":"https:\/\/juntscontraelcancer.cat\/wp-content\/uploads\/2023\/01\/logo-fecec-header.png","width":126,"height":74,"caption":"Junts contra el c\u00e0ncer - FECEC"},"image":{"@id":"https:\/\/juntscontraelcancer.cat\/es\/#\/schema\/logo\/image\/"},"sameAs":["https:\/\/www.facebook.com\/fecec.federacio\/","https:\/\/x.com\/FececFederacio","https:\/\/www.instagram.com\/fececfederacio\/?hl=es","https:\/\/www.youtube.com\/channel\/UCgAC_6c6hmHwMQhSCQyYBdA"]}]}},"_links":{"self":[{"href":"https:\/\/juntscontraelcancer.cat\/es\/wp-json\/wp\/v2\/pages\/16338","targetHints":{"allow":["GET"]}}],"collection":[{"href":"https:\/\/juntscontraelcancer.cat\/es\/wp-json\/wp\/v2\/pages"}],"about":[{"href":"https:\/\/juntscontraelcancer.cat\/es\/wp-json\/wp\/v2\/types\/page"}],"author":[{"embeddable":true,"href":"https:\/\/juntscontraelcancer.cat\/es\/wp-json\/wp\/v2\/users\/1"}],"replies":[{"embeddable":true,"href":"https:\/\/juntscontraelcancer.cat\/es\/wp-json\/wp\/v2\/comments?post=16338"}],"version-history":[{"count":15,"href":"https:\/\/juntscontraelcancer.cat\/es\/wp-json\/wp\/v2\/pages\/16338\/revisions"}],"predecessor-version":[{"id":30985,"href":"https:\/\/juntscontraelcancer.cat\/es\/wp-json\/wp\/v2\/pages\/16338\/revisions\/30985"}],"up":[{"embeddable":true,"href":"https:\/\/juntscontraelcancer.cat\/es\/wp-json\/wp\/v2\/pages\/15653"}],"wp:attachment":[{"href":"https:\/\/juntscontraelcancer.cat\/es\/wp-json\/wp\/v2\/media?parent=16338"}],"curies":[{"name":"wp","href":"https:\/\/api.w.org\/{rel}","templated":true}]}}