{"id":16030,"date":"2023-03-29T10:04:40","date_gmt":"2023-03-29T08:04:40","guid":{"rendered":"https:\/\/junts.enproceso.es\/diagnostico\/"},"modified":"2024-07-17T09:37:00","modified_gmt":"2024-07-17T07:37:00","slug":"diagnostico","status":"publish","type":"page","link":"https:\/\/juntscontraelcancer.cat\/es\/diagnostico\/","title":{"rendered":"Diagn\u00f3stico"},"content":{"rendered":"\n\n\t<section class=\"section\" id=\"section_1323176069\">\n\t\t<div class=\"section-bg fill\" >\n\t\t\t\t\t\t\t\t\t\n\t\t\t\n\n\t\t<\/div>\n\n\t\t\n\n\t\t<div class=\"section-content relative\">\n\t\t\t\n\n\n  <div class=\"banner has-hover onda-bottom has-parallax\" id=\"banner-1214869910\">\n          <div class=\"banner-inner fill\">\n        <div class=\"banner-bg fill\" data-parallax=\"-3\" data-parallax-container=\".banner\" data-parallax-background>\n            <img loading=\"lazy\" decoding=\"async\" width=\"1440\" height=\"243\" src=\"https:\/\/juntscontraelcancer.cat\/wp-content\/uploads\/2023\/03\/factorsderisc_header.jpg\" class=\"bg attachment-original size-original\" alt=\"\" \/>                                    \n                    <\/div>\n\t\t\n        <div class=\"banner-layers container\">\n            <div class=\"fill banner-link\"><\/div>            \n\n   <div id=\"text-box-67899689\" class=\"text-box banner-layer x50 md-x50 lg-x50 y50 md-y50 lg-y50 res-text\">\n                                <div class=\"text-box-content text dark\">\n              \n              <div class=\"text-inner text-center\">\n                  \n\n<h1><strong>Diagn\u00f3stico<\/strong><\/h1>\n\n              <\/div>\n           <\/div>\n                            \n<style>\n#text-box-67899689 {\n  width: 60%;\n}\n#text-box-67899689 .text-box-content {\n  font-size: 100%;\n}\n<\/style>\n    <\/div>\n \n\n        <\/div>\n      <\/div>\n\n            \n<style>\n#banner-1214869910 {\n  padding-top: 243px;\n}\n<\/style>\n  <\/div>\n\n\n\n\t\t<\/div>\n\n\t\t\n<style>\n#section_1323176069 {\n  padding-top: 0px;\n  padding-bottom: 0px;\n}\n<\/style>\n\t<\/section>\n\t\n\n\t<section class=\"section\" id=\"section_22160307\">\n\t\t<div class=\"section-bg fill\" >\n\t\t\t\t\t\t\t\t\t\n\t\t\t\n\n\t\t<\/div>\n\n\t\t\n\n\t\t<div class=\"section-content relative\">\n\t\t\t\n\n<div class=\"row\"  id=\"row-2051537868\">\n\n\n\t<div id=\"col-1590800529\" class=\"col small-12 large-12\"  >\n\t\t\t\t<div class=\"col-inner\"  >\n\t\t\t\n\t\t\t\n\n<span><span><a href=\"https:\/\/juntscontraelcancer.cat\/es\/\">Inicio<\/a><\/span><\/span>\n\n\t\t<\/div>\n\t\t\t\t\t<\/div>\n\n\t\n\n<\/div>\n\n\t\t<\/div>\n\n\t\t\n<style>\n#section_22160307 {\n  padding-top: 30px;\n  padding-bottom: 30px;\n}\n<\/style>\n\t<\/section>\n\t\n\n\t<section class=\"section\" id=\"section_2075310651\">\n\t\t<div class=\"section-bg fill\" >\n\t\t\t\t\t\t\t\t\t\n\t\t\t\n\n\t\t<\/div>\n\n\t\t\n\n\t\t<div class=\"section-content relative\">\n\t\t\t\n\n<div class=\"row\"  id=\"row-660124680\">\n\n\n\t<div id=\"col-1900402197\" class=\"col small-12 large-12\"  data-animate=\"fadeInUp\">\n\t\t\t\t<div class=\"col-inner\"  >\n\t\t\t\n\t\t\t\n\n\t<div id=\"text-1820941180\" class=\"text\">\n\t\t\n\n<h2><strong>Diagn\u00f3stico<\/strong><\/h2>\n\t\t\n<style>\n#text-1820941180 {\n  font-size: 2.55rem;\n  line-height: 2.15;\n}\n<\/style>\n\t<\/div>\n\t\n<div class=\"is-divider divider clearfix\" style=\"margin-top:24px;margin-bottom:24px;max-width:124px;\"><\/div>\r\n\r\n<p>Para establecer el diagn\u00f3stico de c\u00e1ncer es necesario obtener informaci\u00f3n espec\u00edfica para conocer cu\u00e1l es la enfermedad y su grado de extensi\u00f3n.\r\n\r\nEsta informaci\u00f3n es capital para establecer el plan terap\u00e9utico m\u00e1s adecuado, teniendo en cuenta el conocimiento cient\u00edfico actual y las caracter\u00edsticas individuales de cada persona.<\/p>\r\n\r\n<p>El proceso del diagn\u00f3stico engloba la realizaci\u00f3n de pruebas espec\u00edficas para conocer el tipo de c\u00e1ncer y su extensi\u00f3n o estadio. En funci\u00f3n de la edad de la persona, la gravedad de los s\u00edntomas, la afecci\u00f3n m\u00e9dica, etc., el m\u00e9dico elegir\u00e1 un tipo u otro de pruebas.<\/p>\r\n\r\n<p>Antes de realizar cualquier prueba diagn\u00f3stica, hay que conocer los antecedentes m\u00e9dicos del paciente y realizado una exploraci\u00f3n f\u00edsica. Con esta informaci\u00f3n previa, el m\u00e9dico ya puede pedir las pruebas necesarias para realizar el diagn\u00f3stico.<\/p>\n\n\t\t<\/div>\n\t\t\t\t\t<\/div>\n\n\t\n\n<\/div>\n\n\t\t<\/div>\n\n\t\t\n<style>\n#section_2075310651 {\n  padding-top: 0px;\n  padding-bottom: 0px;\n}\n<\/style>\n\t<\/section>\n\t\n\n\t<section class=\"section bg-section-top-right-organitzacio\" id=\"section_152273404\">\n\t\t<div class=\"section-bg fill\" >\n\t\t\t<img loading=\"lazy\" decoding=\"async\" width=\"2500\" height=\"851\" src=\"https:\/\/juntscontraelcancer.cat\/wp-content\/uploads\/2023\/02\/FECEC-Ondas-Corporativas-Granate-1-1.png\" class=\"bg attachment-original size-original\" alt=\"\" \/>\t\t\t\t\t\t\n\t\t\t\n\n\t\t<\/div>\n\n\t\t\n\n\t\t<div class=\"section-content relative\">\n\t\t\t\n\n<div class=\"row\"  id=\"row-1838101707\">\n\n\n\t<div id=\"col-527531219\" class=\"col small-12 large-12\"  data-animate=\"fadeInUp\">\n\t\t\t\t<div class=\"col-inner\"  >\n\t\t\t\n\t\t\t\n\n\t<div id=\"gap-231401734\" class=\"gap-element clearfix\" style=\"display:block; height:auto;\">\n\t\t\n<style>\n#gap-231401734 {\n  padding-top: 50px;\n}\n<\/style>\n\t<\/div>\n\t\r\n\r\n<h3>Los tipos de diagn\u00f3stico de c\u00e1ncer m\u00e1s habituales son:<\/h3>\n\n\t\t<\/div>\n\t\t\t\t\t<\/div>\n\n\t\n\n<\/div>\n<div class=\"row\"  id=\"row-1388910464\">\n\n\n\t<div id=\"col-338762211\" class=\"col small-12 large-12\"  data-animate=\"fadeInUp\">\n\t\t\t\t<div class=\"col-inner\"  >\n\t\t\t\n\t\t\t\n\n<div class=\"row row-small row-divided\"  id=\"row-675029432\">\n\n\n\t<div id=\"col-739466879\" class=\"col col_img_seg medium-1 small-3 large-1\"  >\n\t\t\t\t<div class=\"col-inner\"  >\n\t\t\t\n\t\t\t\n\n\t<div class=\"img has-hover x md-x lg-x y md-y lg-y\" id=\"image_808387150\">\n\t\t\t\t\t\t\t\t<div class=\"img-inner dark\" >\n\t\t\t<img loading=\"lazy\" decoding=\"async\" width=\"1020\" height=\"1020\" src=\"https:\/\/juntscontraelcancer.cat\/wp-content\/uploads\/2023\/03\/Analitiques.svg\" class=\"attachment-large size-large\" alt=\"\" \/>\t\t\t\t\t\t\n\t\t\t\t\t<\/div>\n\t\t\t\t\t\t\t\t\n<style>\n#image_808387150 {\n  width: 100%;\n}\n@media (min-width:550px) {\n  #image_808387150 {\n    width: 95%;\n  }\n}\n<\/style>\n\t<\/div>\n\t\n\n\n\t\t<\/div>\n\t\t\t\t\t<\/div>\n\n\t\n\n\t<div id=\"col-475008617\" class=\"col medium-5 small-3 large-5\"  >\n\t\t\t\t<div class=\"col-inner\"  >\n\t\t\t\n\t\t\t\n\n<h3>Anal\u00edticas:<\/h3>\n\n\t\t<\/div>\n\t\t\t\t\n<style>\n#col-475008617 > .col-inner {\n  padding: 18px 0px 0px 0px;\n}\n<\/style>\n\t<\/div>\n\n\t\n\n<\/div>\n<p>Son pruebas sencillas, que analizan una muestra de sangre, orina y\/u otros fluidos del cuerpo por saber o confirmar que pasa en el cuerpo. Por algunos tipos de tumor, permite determinar los marcadores tumorales, marcadores que si se encuentran por encima de los niveles normales, pueden indicar la presencia de algunos tipos de tumor. Pero hay que completar el diagn\u00f3stico con otras pruebas. Las anal\u00edticas pueden ser de sangre, heces u otros fluidos corporales.<\/p>\n\n\t\t<\/div>\n\t\t\t\t\t<\/div>\n\n\t\n\n\t<div id=\"col-976852097\" class=\"col small-12 large-12\"  data-animate=\"fadeInUp\">\n\t\t\t\t<div class=\"col-inner\"  >\n\t\t\t\n\t\t\t\n\n<div class=\"row row-small\"  id=\"row-871876852\">\n\n\n\t<div id=\"col-2141051641\" class=\"col col_img_seg medium-1 small-3 large-1\"  >\n\t\t\t\t<div class=\"col-inner\"  >\n\t\t\t\n\t\t\t\n\n\t<div class=\"img has-hover x md-x lg-x y md-y lg-y\" id=\"image_38015925\">\n\t\t\t\t\t\t\t\t<div class=\"img-inner dark\" >\n\t\t\t<img loading=\"lazy\" decoding=\"async\" width=\"1014\" height=\"1024\" src=\"https:\/\/juntscontraelcancer.cat\/wp-content\/uploads\/2023\/03\/ProvesDiagnostic.svg\" class=\"attachment-large size-large\" alt=\"\" \/>\t\t\t\t\t\t\n\t\t\t\t\t<\/div>\n\t\t\t\t\t\t\t\t\n<style>\n#image_38015925 {\n  width: 100%;\n}\n@media (min-width:550px) {\n  #image_38015925 {\n    width: 95%;\n  }\n}\n<\/style>\n\t<\/div>\n\t\n\n\n\t\t<\/div>\n\t\t\t\t\t<\/div>\n\n\t\n\n\t<div id=\"col-249478293\" class=\"col medium-6 small-9 large-6\"  >\n\t\t\t\t<div class=\"col-inner\"  >\n\t\t\t\n\t\t\t\n\n<h3>Pruebas de diagn\u00f3stico de la imagen:<\/h3>\n\n\t\t<\/div>\n\t\t\t\t\n<style>\n#col-249478293 > .col-inner {\n  padding: 18px 0px 0px 0px;\n}\n<\/style>\n\t<\/div>\n\n\t\n\n<\/div>\n<p>Son aquellas en las que se reproducen im\u00e1genes para visualizar el interior del cuerpo. Son las siguientes:<\/p>\r\n<ul>\r\n<li><strong>Radiograf\u00eda:<\/strong> se utilizan rayos X para crear una imagen de las estructuras internas del cuerpo.<\/li>\r\n<li><strong>Mamograf\u00eda:<\/strong> es una radiograf\u00eda de mam\u00e1. Se utiliza tanto para el cribado de mama como para su diagn\u00f3stico.<\/li>\r\n<li><strong>Resonancia magn\u00e9tica:<\/strong> utiliza campos magn\u00e9ticos para generar una imagen. Es una prueba que tiene mayor capacidad para diferenciar las estructuras del cuerpo, sobre todo tejidos blandos.<\/li>\r\n<li><strong>Tomograf\u00eda axial computarizada (TAC o TC):<\/strong> utiliza rayos X para generar una imagen tridimensional del interior del cuerpo. A veces se inyecta un l\u00edquido de contraste para obtener m\u00e1s detalles.<\/li>\r\n<li><strong>Ecograf\u00eda:<\/strong> utiliza ultrasonidos que emiten un eco que recoge un ordenador y los reproduce en forma de imagen. Es una prueba que tiene capacidad de diferenciar una masa s\u00f3lida y una de contenido l\u00edquido.<\/li>\r\n<\/ul>\n\n\t\t<\/div>\n\t\t\t\t\t<\/div>\n\n\t\n\n\t<div id=\"col-1587100370\" class=\"col small-12 large-12\"  data-animate=\"fadeInUp\">\n\t\t\t\t<div class=\"col-inner\"  >\n\t\t\t\n\t\t\t\n\n<div class=\"row row-small\"  id=\"row-2047946975\">\n\n\n\t<div id=\"col-1542279370\" class=\"col col_img_seg medium-1 small-3 large-1\"  >\n\t\t\t\t<div class=\"col-inner\"  >\n\t\t\t\n\t\t\t\n\n\t<div class=\"img has-hover x md-x lg-x y md-y lg-y\" id=\"image_1304251347\">\n\t\t\t\t\t\t\t\t<div class=\"img-inner dark\" >\n\t\t\t<img loading=\"lazy\" decoding=\"async\" width=\"1020\" height=\"1020\" src=\"https:\/\/juntscontraelcancer.cat\/wp-content\/uploads\/2023\/03\/MedicinaNuclear.svg\" class=\"attachment-large size-large\" alt=\"\" \/>\t\t\t\t\t\t\n\t\t\t\t\t<\/div>\n\t\t\t\t\t\t\t\t\n<style>\n#image_1304251347 {\n  width: 100%;\n}\n@media (min-width:550px) {\n  #image_1304251347 {\n    width: 95%;\n  }\n}\n<\/style>\n\t<\/div>\n\t\n\n\n\t\t<\/div>\n\t\t\t\t\t<\/div>\n\n\t\n\n\t<div id=\"col-1881336533\" class=\"col medium-6 small-3 large-6\"  >\n\t\t\t\t<div class=\"col-inner\"  >\n\t\t\t\n\t\t\t\n\n<h3>Medicina nuclear:<\/h3>\n\n\t\t<\/div>\n\t\t\t\t\n<style>\n#col-1881336533 > .col-inner {\n  padding: 18px 0px 0px 0px;\n}\n<\/style>\n\t<\/div>\n\n\t\n\n<\/div>\n<p>La medicina nuclear es un \u00e1rea especializada de la radiolog\u00eda que emplea sustancias radiactivas, generalmente llamadas radiois\u00f3topos, en cantidades muy peque\u00f1as para examinar la funci\u00f3n y estructura de un \u00f3rgano. Estas pruebas son:<\/p>\r\n<ul>\r\n<li><strong>Gammagraf\u00eda:<\/strong> utiliza un marcador radiactivo que se inyecta al paciente para observar un \u00f3rgano o tejido. Una vez administrado se espera un tiempo que se absorba y una c\u00e1mara especial recoge la radioactividad gamma que emite el \u00f3rgano o tejido y lo reproduce en im\u00e1genes en las que se pueden ver las partes sanas y las afectadas.<\/li>\r\n<li><strong>Tomograf\u00eda por emisi\u00f3n de positrones (PET):<\/strong> prueba complementaria que consiste en la inyecci\u00f3n a la vena de una sustancia de az\u00facar en forma radioactiva, y la m\u00e1quina capta im\u00e1genes de c\u00f3mo las c\u00e9lulas utilizan esta sustancia, es decir, identifica la actividad metab\u00f3lica de las c\u00e9lulas. Las c\u00e9lulas malignas suelen identificarse en las im\u00e1genes como \u00e1reas de alta actividad.<\/li>\r\n<li><strong>PET &#8211; TAC:<\/strong> la fusi\u00f3n de las im\u00e1genes que aportan ambas pruebas es \u00fatil para una determinaci\u00f3n muy espec\u00edfica de una zona anat\u00f3mica.<\/li>\r\n<li><strong>Ganglio centinela:<\/strong> el ganglio centinela es el primer ganglio de una cadena linf\u00e1tica (es decir, de varios ganglios) donde drena una zona determinada como mam\u00e1, por ejemplo.<\/li>\r\n<\/ul>\n\n\t\t<\/div>\n\t\t\t\t\t<\/div>\n\n\t\n\n<\/div>\n\n\t\t<\/div>\n\n\t\t\n<style>\n#section_152273404 {\n  padding-top: 0px;\n  padding-bottom: 0px;\n  background-color: rgb(243, 243, 243);\n}\n<\/style>\n\t<\/section>\n\t\n\n\t<section class=\"section bg-section-bottom-left\" id=\"section_2086276945\">\n\t\t<div class=\"section-bg fill\" >\n\t\t\t<img loading=\"lazy\" decoding=\"async\" width=\"2500\" height=\"851\" src=\"https:\/\/juntscontraelcancer.cat\/wp-content\/uploads\/2023\/02\/FECEC-Ondas-Corporativas-Granate-1-1.png\" class=\"bg attachment-original size-original\" alt=\"\" \/>\t\t\t\t\t\t\n\t\t\t\n\n\t\t<\/div>\n\n\t\t\n\n\t\t<div class=\"section-content relative\">\n\t\t\t\n\n<div class=\"row\"  id=\"row-678030592\">\n\n\n\t<div id=\"col-261264717\" class=\"col small-12 large-12\"  data-animate=\"fadeInUp\">\n\t\t\t\t<div class=\"col-inner\"  >\n\t\t\t\n\t\t\t\n\n<div class=\"row row-small\"  id=\"row-1724836060\">\n\n\n\t<div id=\"col-1470263915\" class=\"col col_img_seg medium-1 small-3 large-1\"  >\n\t\t\t\t<div class=\"col-inner\"  >\n\t\t\t\n\t\t\t\n\n\t<div class=\"img has-hover x md-x lg-x y md-y lg-y\" id=\"image_501932065\">\n\t\t\t\t\t\t\t\t<div class=\"img-inner dark\" >\n\t\t\t<img loading=\"lazy\" decoding=\"async\" width=\"1020\" height=\"1020\" src=\"https:\/\/juntscontraelcancer.cat\/wp-content\/uploads\/2023\/03\/AnatomiaPatologica.svg\" class=\"attachment-large size-large\" alt=\"\" \/>\t\t\t\t\t\t\n\t\t\t\t\t<\/div>\n\t\t\t\t\t\t\t\t\n<style>\n#image_501932065 {\n  width: 100%;\n}\n@media (min-width:550px) {\n  #image_501932065 {\n    width: 95%;\n  }\n}\n<\/style>\n\t<\/div>\n\t\n\n\n\t\t<\/div>\n\t\t\t\t\t<\/div>\n\n\t\n\n\t<div id=\"col-454816934\" class=\"col medium-6 small-9 large-6\"  >\n\t\t\t\t<div class=\"col-inner\"  >\n\t\t\t\n\t\t\t\n\n<h3>Anatomia patol\u00f2gica:<\/h3>\n\n\t\t<\/div>\n\t\t\t\t\n<style>\n#col-454816934 > .col-inner {\n  padding: 18px 0px 0px 0px;\n}\n<\/style>\n\t<\/div>\n\n\t\n\n<\/div>\n<p>Suelen permitir un diagn\u00f3stico definitivo.<\/p>\r\n<ul>\r\n<li><strong>Citolog\u00eda:<\/strong> se estudian las c\u00e9lulas que se obtienen o bien por raspado (por ejemplo, en la prueba del Papanicolau), o bien por punci\u00f3n sobre la lesi\u00f3n (por ejemplo, la punci\u00f3n aspirativa con aguja fina, PAAF, en la mama).<\/li>\r\n<li><strong>Biopsia:<\/strong> se analiza el tejido que se puede obtener mediante una punci\u00f3n o bien a trav\u00e9s de una endoscopia o una intervenci\u00f3n quir\u00fargica.<\/li>\r\n<\/ul>\n\n\t\t<\/div>\n\t\t\t\t\t<\/div>\n\n\t\n\n\t<div id=\"col-516665426\" class=\"col small-12 large-12\"  data-animate=\"fadeInUp\">\n\t\t\t\t<div class=\"col-inner\"  >\n\t\t\t\n\t\t\t\n\n<div class=\"row row-small row-divided\"  id=\"row-1563369991\">\n\n\n\t<div id=\"col-1926660979\" class=\"col col_img_seg medium-1 small-3 large-1\"  >\n\t\t\t\t<div class=\"col-inner\"  >\n\t\t\t\n\t\t\t\n\n\t<div class=\"img has-hover x md-x lg-x y md-y lg-y\" id=\"image_1281242895\">\n\t\t\t\t\t\t\t\t<div class=\"img-inner dark\" >\n\t\t\t<img loading=\"lazy\" decoding=\"async\" width=\"1020\" height=\"1020\" src=\"https:\/\/juntscontraelcancer.cat\/wp-content\/uploads\/2023\/03\/AltresProves.svg\" class=\"attachment-large size-large\" alt=\"\" \/>\t\t\t\t\t\t\n\t\t\t\t\t<\/div>\n\t\t\t\t\t\t\t\t\n<style>\n#image_1281242895 {\n  width: 100%;\n}\n@media (min-width:550px) {\n  #image_1281242895 {\n    width: 95%;\n  }\n}\n<\/style>\n\t<\/div>\n\t\n\n\n\t\t<\/div>\n\t\t\t\t\t<\/div>\n\n\t\n\n\t<div id=\"col-605999592\" class=\"col medium-5 small-3 large-5\"  >\n\t\t\t\t<div class=\"col-inner\"  >\n\t\t\t\n\t\t\t\n\n<h3>Otras pruebas:<\/h3>\n\n\t\t<\/div>\n\t\t\t\t\n<style>\n#col-605999592 > .col-inner {\n  padding: 18px 0px 0px 0px;\n}\n<\/style>\n\t<\/div>\n\n\t\n\n<\/div>\n<p><strong>Endoscopia:<\/strong> consiste en la introducci\u00f3n en el cuerpo de un tubo delgado y flexible que permite visualizar un espacio o el interior de los \u00f3rganos. Habitualmente se accede por los orificios naturales: como la boca, para visualizar el es\u00f3fago, el est\u00f3mago y la tripa delgada, o bien por la tr\u00e1quea, para ver los bronquios, o bien por el ano para visualizar el interior del tripa gruesa o colon.<\/p>\r\n\t<div id=\"gap-1807812000\" class=\"gap-element clearfix\" style=\"display:block; height:auto;\">\n\t\t\n<style>\n#gap-1807812000 {\n  padding-top: 60px;\n}\n<\/style>\n\t<\/div>\n\t\r\n\r\n<p>Fuente: <a href=\"https:\/\/canalsalut.gencat.cat\/ca\/salut-a-z\/c\/cancer\/diagnostic\/index.html\" target=\"_blank\" rel=\"noopener\">Canal Salut<\/a><\/p>\n\n\t\t<\/div>\n\t\t\t\t\t<\/div>\n\n\t\n\n<\/div>\n\n\t\t<\/div>\n\n\t\t\n<style>\n#section_2086276945 {\n  padding-top: 0px;\n  padding-bottom: 0px;\n  background-color: rgb(243, 243, 243);\n}\n<\/style>\n\t<\/section>\n\t\n\n","protected":false},"excerpt":{"rendered":"","protected":false},"author":1,"featured_media":0,"parent":0,"menu_order":0,"comment_status":"closed","ping_status":"closed","template":"page-blank.php","meta":{"_acf_changed":false,"inline_featured_image":false,"footnotes":""},"class_list":["post-16030","page","type-page","status-publish","hentry"],"acf":[],"yoast_head":"<!-- This site is optimized with the Yoast SEO plugin v27.3 - https:\/\/yoast.com\/product\/yoast-seo-wordpress\/ -->\n<title>Diagn\u00f3stico - Junts contra el c\u00e0ncer - FECEC<\/title>\n<meta name=\"robots\" content=\"index, follow, max-snippet:-1, max-image-preview:large, max-video-preview:-1\" \/>\n<link rel=\"canonical\" href=\"https:\/\/juntscontraelcancer.cat\/es\/diagnostico\/\" \/>\n<meta property=\"og:locale\" content=\"es_ES\" \/>\n<meta property=\"og:type\" content=\"article\" \/>\n<meta property=\"og:title\" content=\"Diagn\u00f3stico - Junts contra el c\u00e0ncer - FECEC\" \/>\n<meta property=\"og:url\" content=\"https:\/\/juntscontraelcancer.cat\/es\/diagnostico\/\" \/>\n<meta property=\"og:site_name\" content=\"Junts contra el c\u00e0ncer - FECEC\" \/>\n<meta property=\"article:publisher\" content=\"https:\/\/www.facebook.com\/fecec.federacio\/\" \/>\n<meta property=\"article:modified_time\" content=\"2024-07-17T07:37:00+00:00\" \/>\n<meta name=\"twitter:card\" content=\"summary_large_image\" \/>\n<meta name=\"twitter:site\" content=\"@FececFederacio\" \/>\n<meta name=\"twitter:label1\" content=\"Tiempo de lectura\" \/>\n\t<meta name=\"twitter:data1\" content=\"6 minutos\" \/>\n<script type=\"application\/ld+json\" class=\"yoast-schema-graph\">{\"@context\":\"https:\\\/\\\/schema.org\",\"@graph\":[{\"@type\":\"WebPage\",\"@id\":\"https:\\\/\\\/juntscontraelcancer.cat\\\/es\\\/diagnostico\\\/\",\"url\":\"https:\\\/\\\/juntscontraelcancer.cat\\\/es\\\/diagnostico\\\/\",\"name\":\"Diagn\u00f3stico - Junts contra el c\u00e0ncer - FECEC\",\"isPartOf\":{\"@id\":\"https:\\\/\\\/juntscontraelcancer.cat\\\/es\\\/#website\"},\"datePublished\":\"2023-03-29T08:04:40+00:00\",\"dateModified\":\"2024-07-17T07:37:00+00:00\",\"breadcrumb\":{\"@id\":\"https:\\\/\\\/juntscontraelcancer.cat\\\/es\\\/diagnostico\\\/#breadcrumb\"},\"inLanguage\":\"es\",\"potentialAction\":[{\"@type\":\"ReadAction\",\"target\":[\"https:\\\/\\\/juntscontraelcancer.cat\\\/es\\\/diagnostico\\\/\"]}]},{\"@type\":\"BreadcrumbList\",\"@id\":\"https:\\\/\\\/juntscontraelcancer.cat\\\/es\\\/diagnostico\\\/#breadcrumb\",\"itemListElement\":[{\"@type\":\"ListItem\",\"position\":1,\"name\":\"Inicio\",\"item\":\"https:\\\/\\\/juntscontraelcancer.cat\\\/es\\\/\"},{\"@type\":\"ListItem\",\"position\":2,\"name\":\"Diagn\u00f3stico\"}]},{\"@type\":\"WebSite\",\"@id\":\"https:\\\/\\\/juntscontraelcancer.cat\\\/es\\\/#website\",\"url\":\"https:\\\/\\\/juntscontraelcancer.cat\\\/es\\\/\",\"name\":\"Junts contra el c\u00e0ncer - FECEC\",\"description\":\"\",\"publisher\":{\"@id\":\"https:\\\/\\\/juntscontraelcancer.cat\\\/es\\\/#organization\"},\"potentialAction\":[{\"@type\":\"SearchAction\",\"target\":{\"@type\":\"EntryPoint\",\"urlTemplate\":\"https:\\\/\\\/juntscontraelcancer.cat\\\/es\\\/?s={search_term_string}\"},\"query-input\":{\"@type\":\"PropertyValueSpecification\",\"valueRequired\":true,\"valueName\":\"search_term_string\"}}],\"inLanguage\":\"es\"},{\"@type\":\"Organization\",\"@id\":\"https:\\\/\\\/juntscontraelcancer.cat\\\/es\\\/#organization\",\"name\":\"Junts contra el c\u00e0ncer - FECEC\",\"url\":\"https:\\\/\\\/juntscontraelcancer.cat\\\/es\\\/\",\"logo\":{\"@type\":\"ImageObject\",\"inLanguage\":\"es\",\"@id\":\"https:\\\/\\\/juntscontraelcancer.cat\\\/es\\\/#\\\/schema\\\/logo\\\/image\\\/\",\"url\":\"https:\\\/\\\/juntscontraelcancer.cat\\\/wp-content\\\/uploads\\\/2023\\\/01\\\/logo-fecec-header.png\",\"contentUrl\":\"https:\\\/\\\/juntscontraelcancer.cat\\\/wp-content\\\/uploads\\\/2023\\\/01\\\/logo-fecec-header.png\",\"width\":126,\"height\":74,\"caption\":\"Junts contra el c\u00e0ncer - FECEC\"},\"image\":{\"@id\":\"https:\\\/\\\/juntscontraelcancer.cat\\\/es\\\/#\\\/schema\\\/logo\\\/image\\\/\"},\"sameAs\":[\"https:\\\/\\\/www.facebook.com\\\/fecec.federacio\\\/\",\"https:\\\/\\\/x.com\\\/FececFederacio\",\"https:\\\/\\\/www.instagram.com\\\/fececfederacio\\\/?hl=es\",\"https:\\\/\\\/www.youtube.com\\\/channel\\\/UCgAC_6c6hmHwMQhSCQyYBdA\"]}]}<\/script>\n<!-- \/ Yoast SEO plugin. -->","yoast_head_json":{"title":"Diagn\u00f3stico - Junts contra el c\u00e0ncer - FECEC","robots":{"index":"index","follow":"follow","max-snippet":"max-snippet:-1","max-image-preview":"max-image-preview:large","max-video-preview":"max-video-preview:-1"},"canonical":"https:\/\/juntscontraelcancer.cat\/es\/diagnostico\/","og_locale":"es_ES","og_type":"article","og_title":"Diagn\u00f3stico - Junts contra el c\u00e0ncer - FECEC","og_url":"https:\/\/juntscontraelcancer.cat\/es\/diagnostico\/","og_site_name":"Junts contra el c\u00e0ncer - FECEC","article_publisher":"https:\/\/www.facebook.com\/fecec.federacio\/","article_modified_time":"2024-07-17T07:37:00+00:00","twitter_card":"summary_large_image","twitter_site":"@FececFederacio","twitter_misc":{"Tiempo de lectura":"6 minutos"},"schema":{"@context":"https:\/\/schema.org","@graph":[{"@type":"WebPage","@id":"https:\/\/juntscontraelcancer.cat\/es\/diagnostico\/","url":"https:\/\/juntscontraelcancer.cat\/es\/diagnostico\/","name":"Diagn\u00f3stico - Junts contra el c\u00e0ncer - FECEC","isPartOf":{"@id":"https:\/\/juntscontraelcancer.cat\/es\/#website"},"datePublished":"2023-03-29T08:04:40+00:00","dateModified":"2024-07-17T07:37:00+00:00","breadcrumb":{"@id":"https:\/\/juntscontraelcancer.cat\/es\/diagnostico\/#breadcrumb"},"inLanguage":"es","potentialAction":[{"@type":"ReadAction","target":["https:\/\/juntscontraelcancer.cat\/es\/diagnostico\/"]}]},{"@type":"BreadcrumbList","@id":"https:\/\/juntscontraelcancer.cat\/es\/diagnostico\/#breadcrumb","itemListElement":[{"@type":"ListItem","position":1,"name":"Inicio","item":"https:\/\/juntscontraelcancer.cat\/es\/"},{"@type":"ListItem","position":2,"name":"Diagn\u00f3stico"}]},{"@type":"WebSite","@id":"https:\/\/juntscontraelcancer.cat\/es\/#website","url":"https:\/\/juntscontraelcancer.cat\/es\/","name":"Junts contra el c\u00e0ncer - FECEC","description":"","publisher":{"@id":"https:\/\/juntscontraelcancer.cat\/es\/#organization"},"potentialAction":[{"@type":"SearchAction","target":{"@type":"EntryPoint","urlTemplate":"https:\/\/juntscontraelcancer.cat\/es\/?s={search_term_string}"},"query-input":{"@type":"PropertyValueSpecification","valueRequired":true,"valueName":"search_term_string"}}],"inLanguage":"es"},{"@type":"Organization","@id":"https:\/\/juntscontraelcancer.cat\/es\/#organization","name":"Junts contra el c\u00e0ncer - FECEC","url":"https:\/\/juntscontraelcancer.cat\/es\/","logo":{"@type":"ImageObject","inLanguage":"es","@id":"https:\/\/juntscontraelcancer.cat\/es\/#\/schema\/logo\/image\/","url":"https:\/\/juntscontraelcancer.cat\/wp-content\/uploads\/2023\/01\/logo-fecec-header.png","contentUrl":"https:\/\/juntscontraelcancer.cat\/wp-content\/uploads\/2023\/01\/logo-fecec-header.png","width":126,"height":74,"caption":"Junts contra el c\u00e0ncer - FECEC"},"image":{"@id":"https:\/\/juntscontraelcancer.cat\/es\/#\/schema\/logo\/image\/"},"sameAs":["https:\/\/www.facebook.com\/fecec.federacio\/","https:\/\/x.com\/FececFederacio","https:\/\/www.instagram.com\/fececfederacio\/?hl=es","https:\/\/www.youtube.com\/channel\/UCgAC_6c6hmHwMQhSCQyYBdA"]}]}},"_links":{"self":[{"href":"https:\/\/juntscontraelcancer.cat\/es\/wp-json\/wp\/v2\/pages\/16030","targetHints":{"allow":["GET"]}}],"collection":[{"href":"https:\/\/juntscontraelcancer.cat\/es\/wp-json\/wp\/v2\/pages"}],"about":[{"href":"https:\/\/juntscontraelcancer.cat\/es\/wp-json\/wp\/v2\/types\/page"}],"author":[{"embeddable":true,"href":"https:\/\/juntscontraelcancer.cat\/es\/wp-json\/wp\/v2\/users\/1"}],"replies":[{"embeddable":true,"href":"https:\/\/juntscontraelcancer.cat\/es\/wp-json\/wp\/v2\/comments?post=16030"}],"version-history":[{"count":23,"href":"https:\/\/juntscontraelcancer.cat\/es\/wp-json\/wp\/v2\/pages\/16030\/revisions"}],"predecessor-version":[{"id":36813,"href":"https:\/\/juntscontraelcancer.cat\/es\/wp-json\/wp\/v2\/pages\/16030\/revisions\/36813"}],"wp:attachment":[{"href":"https:\/\/juntscontraelcancer.cat\/es\/wp-json\/wp\/v2\/media?parent=16030"}],"curies":[{"name":"wp","href":"https:\/\/api.w.org\/{rel}","templated":true}]}}