{"id":15990,"date":"2023-04-27T13:39:31","date_gmt":"2023-04-27T11:39:31","guid":{"rendered":"https:\/\/junts.enproceso.es\/deteccion-precoz\/"},"modified":"2026-02-16T12:35:47","modified_gmt":"2026-02-16T10:35:47","slug":"deteccion-precoz","status":"publish","type":"page","link":"https:\/\/juntscontraelcancer.cat\/es\/deteccion-precoz\/","title":{"rendered":"Detecci\u00f3n precoz"},"content":{"rendered":"\n\n\t<section class=\"section\" id=\"section_1544716540\">\n\t\t<div class=\"section-bg fill\" >\n\t\t\t\t\t\t\t\t\t\n\t\t\t\n\n\t\t<\/div>\n\n\t\t\n\n\t\t<div class=\"section-content relative\">\n\t\t\t\n\n\n  <div class=\"banner has-hover onda-bottom has-parallax\" id=\"banner-962652069\">\n          <div class=\"banner-inner fill\">\n        <div class=\"banner-bg fill\" data-parallax=\"-3\" data-parallax-container=\".banner\" data-parallax-background>\n            <img loading=\"lazy\" decoding=\"async\" width=\"1440\" height=\"243\" src=\"https:\/\/juntscontraelcancer.cat\/wp-content\/uploads\/2023\/03\/factorsderisc_header.jpg\" class=\"bg attachment-original size-original\" alt=\"\" \/>                                    \n                    <\/div>\n\t\t\n        <div class=\"banner-layers container\">\n            <div class=\"fill banner-link\"><\/div>            \n\n   <div id=\"text-box-1418446364\" class=\"text-box banner-layer x50 md-x50 lg-x50 y50 md-y50 lg-y50 res-text\">\n                                <div class=\"text-box-content text dark\">\n              \n              <div class=\"text-inner text-center\">\n                  \n\n<h1><strong>Detecci\u00f3n precoz<\/strong><\/h1>\n\n              <\/div>\n           <\/div>\n                            \n<style>\n#text-box-1418446364 {\n  width: 60%;\n}\n#text-box-1418446364 .text-box-content {\n  font-size: 100%;\n}\n<\/style>\n    <\/div>\n \n\n        <\/div>\n      <\/div>\n\n            \n<style>\n#banner-962652069 {\n  padding-top: 243px;\n}\n<\/style>\n  <\/div>\n\n\n\n\t\t<\/div>\n\n\t\t\n<style>\n#section_1544716540 {\n  padding-top: 0px;\n  padding-bottom: 0px;\n}\n<\/style>\n\t<\/section>\n\t\n\n\t<section class=\"section\" id=\"section_1514233717\">\n\t\t<div class=\"section-bg fill\" >\n\t\t\t\t\t\t\t\t\t\n\t\t\t\n\n\t\t<\/div>\n\n\t\t\n\n\t\t<div class=\"section-content relative\">\n\t\t\t\n\n<div class=\"row\"  id=\"row-1686103955\">\n\n\n\t<div id=\"col-1994744659\" class=\"col small-12 large-12\"  >\n\t\t\t\t<div class=\"col-inner\"  >\n\t\t\t\n\t\t\t\n\n<span><span><a href=\"https:\/\/juntscontraelcancer.cat\/es\/\">Inicio<\/a><\/span><\/span>\n\n\t\t<\/div>\n\t\t\t\t\t<\/div>\n\n\t\n\n<\/div>\n\n\t\t<\/div>\n\n\t\t\n<style>\n#section_1514233717 {\n  padding-top: 30px;\n  padding-bottom: 30px;\n}\n<\/style>\n\t<\/section>\n\t\n\n\t<section class=\"section\" id=\"section_429668852\">\n\t\t<div class=\"section-bg fill\" >\n\t\t\t\t\t\t\t\t\t\n\t\t\t\n\n\t\t<\/div>\n\n\t\t\n\n\t\t<div class=\"section-content relative\">\n\t\t\t\n\n<div class=\"row\"  id=\"row-728361324\">\n\n\n\t<div id=\"col-1149764505\" class=\"col small-12 large-12\"  data-animate=\"fadeInUp\">\n\t\t\t\t<div class=\"col-inner\"  >\n\t\t\t\n\t\t\t\n\n\t<div id=\"text-1335950466\" class=\"text\">\n\t\t\n\n<h2><strong><span style=\"color: #373737;\">Detecci\u00f3n precoz<\/span><\/strong><\/h2>\n\t\t\n<style>\n#text-1335950466 {\n  font-size: 2.55rem;\n  line-height: 2.15;\n}\n<\/style>\n\t<\/div>\n\t\n<div class=\"is-divider divider clearfix\" style=\"margin-top:24px;margin-bottom:24px;max-width:124px;\"><\/div>\n\n<p>Los programas de\u00a0<strong>detecci\u00f3n precoz\u00a0o\u00a0cribado<\/strong>\u00a0de c\u00e1ncer consisten en ofrecer a las personas, en funci\u00f3n del sexo y la edad, con riesgo de sufrir un tipo de c\u00e1ncer que se hagan una prueba para detectar alg\u00fan signo precoz de ese c\u00e1ncer.<\/p>\n<p>El objetivo principal del cribado es detectar el c\u00e1ncer en las fases iniciales, antes de que se presenten los s\u00edntomas, cuando es m\u00e1s f\u00e1cil tratarlo y curarlo<em>.<\/em>\u00a0En otros casos se detectan alteraciones en las c\u00e9lulas (lesiones precursoras) que no son c\u00e1ncer, pero que si no se tratan, con el tiempo podr\u00edan convertirse en c\u00e1ncer.<\/p>\n<p>Los\u00a0programas de cribado\u00a0en Catalu\u00f1a se aplican al c\u00e1ncer de\u00a0mama,\u00a0cuello uterino\u00a0y\u00a0colorrectal, ya que la evidencia cient\u00edfica ha demostrado, mediante estudios rigurosos, que si se detectan precozmente se puede reducir la mortalidad.<\/p>\n\t<div id=\"gap-1165139393\" class=\"gap-element clearfix\" style=\"display:block; height:auto;\">\n\t\t\n<style>\n#gap-1165139393 {\n  padding-top: 25px;\n}\n<\/style>\n\t<\/div>\n\t\n\n\n\t\t<\/div>\n\t\t\t\t\t<\/div>\n\n\t\n\n<\/div>\n\n\t\t<\/div>\n\n\t\t\n<style>\n#section_429668852 {\n  padding-top: 0px;\n  padding-bottom: 0px;\n}\n<\/style>\n\t<\/section>\n\t\n\n\t<section class=\"section bg-section-top-right-organitzacio\" id=\"section_420656315\">\n\t\t<div class=\"section-bg fill\" >\n\t\t\t<img loading=\"lazy\" decoding=\"async\" width=\"2500\" height=\"851\" src=\"https:\/\/juntscontraelcancer.cat\/wp-content\/uploads\/2023\/02\/FECEC-Ondas-Corporativas-Granate-1-1.png\" class=\"bg attachment-original size-original\" alt=\"\" \/>\t\t\t\t\t\t\n\t\t\t\n\n\t\t<\/div>\n\n\t\t\n\n\t\t<div class=\"section-content relative\">\n\t\t\t\n\n<div class=\"row\"  id=\"row-2036760825\">\n\n\n\t<div id=\"col-43355951\" class=\"col small-12 large-12\"  data-animate=\"fadeInUp\">\n\t\t\t\t<div class=\"col-inner\"  >\n\t\t\t\n\t\t\t\n\n\t<div id=\"gap-119471074\" class=\"gap-element clearfix\" style=\"display:block; height:auto;\">\n\t\t\n<style>\n#gap-119471074 {\n  padding-top: 50px;\n}\n<\/style>\n\t<\/div>\n\t\n\n\n\t\t<\/div>\n\t\t\t\t\t<\/div>\n\n\t\n\n<\/div>\n<div class=\"row\"  id=\"row-1696383418\">\n\n\n\t<div id=\"col-1544568239\" class=\"col small-12 large-12\"  data-animate=\"fadeInUp\">\n\t\t\t\t<div class=\"col-inner\"  >\n\t\t\t\n\t\t\t\n\n<div class=\"row row-small align-middle row-divided\"  id=\"row-1574958018\">\n\n\n\t<div id=\"col-1110779414\" class=\"col col_img_seg medium-1 small-3 large-1\"  >\n\t\t\t\t<div class=\"col-inner\"  >\n\t\t\t\n\t\t\t\n\n\t<div class=\"img has-hover x md-x lg-x y md-y lg-y\" id=\"image_201282687\">\n\t\t\t\t\t\t\t\t<div class=\"img-inner dark\" >\n\t\t\t<img loading=\"lazy\" decoding=\"async\" width=\"131\" height=\"132\" src=\"https:\/\/juntscontraelcancer.cat\/wp-content\/uploads\/2023\/03\/icono-mama.svg\" class=\"attachment-original size-original\" alt=\"\" \/>\t\t\t\t\t\t\n\t\t\t\t\t<\/div>\n\t\t\t\t\t\t\t\t\n<style>\n#image_201282687 {\n  width: 100%;\n}\n@media (min-width:550px) {\n  #image_201282687 {\n    width: 95%;\n  }\n}\n<\/style>\n\t<\/div>\n\t\n\n\n\t\t<\/div>\n\t\t\t\t\t<\/div>\n\n\t\n\n\t<div id=\"col-1782459824\" class=\"col medium-8 small-9 large-8\"  >\n\t\t\t\t<div class=\"col-inner\"  >\n\t\t\t\n\t\t\t\n\n<h3>Programa de detecci\u00f3n precoz del c\u00e1ncer de mama<\/h3>\n\n\t\t<\/div>\n\t\t\t\t\n<style>\n#col-1782459824 > .col-inner {\n  padding: 18px 0px 0px 0px;\n}\n<\/style>\n\t<\/div>\n\n\t\n\n<\/div>\n<p>El <a href=\"https:\/\/juntscontraelcancer.cat\/es\/tipos-de-cancer\/cancer-de-mama\/\"><strong>c\u00e1ncer de mama<\/strong><\/a>\u00a0es el c\u00e1ncer m\u00e1s frecuente en las mujeres de Catalu\u00f1a.<\/p>\n<p>Teniendo en cuenta los conocimientos actuales sobre las causas de este tumor, se considera que no existen estrategias de prevenci\u00f3n primaria del <strong>c\u00e1ncer de mama<\/strong>\u00a0que se hayan demostrado efectivas y sean factibles, ya que los factores de riesgo m\u00e1s importantes (edad, antecedentes familiares, edad de la primera menstruaci\u00f3n, edad del primer embarazo, obesidad postmenopa\u00fasica, etc.) no son modificables o de dif\u00edcil modificaci\u00f3n por motivos de tipo preventivo.<\/p>\n<p>En relaci\u00f3n a la autoexploraci\u00f3n mamaria, la evidencia disponible indica que no aporta beneficio en la reducci\u00f3n de la mortalidad por <strong>c\u00e1ncer de mama<\/strong>.<\/p>\n<p>En Catalu\u00f1a, de acuerdo con la recomendaci\u00f3n de la mayor\u00eda de expertos y de la Comisi\u00f3n Asesora de Cribado de C\u00e1ncer del Plan director de oncolog\u00eda, el\u00a0<a href=\"https:\/\/canalsalut.gencat.cat\/ca\/salut-a-z\/c\/cancer\/deteccio-precoc\/programes\/mama\/organitzacio\/index.html#googtrans(ca|es)\" target=\"_blank\" rel=\"noopener\">Programa de detecci\u00f3n precoz del c\u00e1ncer de mama<\/a>\u00a0est\u00e1 dirigido a todas las mujeres de 50 a 69 a\u00f1os. Consiste en la realizaci\u00f3n de una\u00a0mamograf\u00eda\u00a0(radiograf\u00eda de las mamas) cada\u00a0dos a\u00f1os.<\/p>\n<p>En las mujeres m\u00e1s j\u00f3venes, se aconseja que consulten a su m\u00e9dico sobre los beneficios y limitaciones de la mamograf\u00eda.<\/p>\n\n\t\t<\/div>\n\t\t\t\t\t<\/div>\n\n\t\n\n\t<div id=\"col-527154028\" class=\"col small-12 large-12\"  data-animate=\"fadeInUp\">\n\t\t\t\t<div class=\"col-inner\"  >\n\t\t\t\n\t\t\t\n\n<div class=\"row row-small align-middle\"  id=\"row-340833936\">\n\n\n\t<div id=\"col-1460190176\" class=\"col col_img_seg medium-1 small-3 large-1\"  >\n\t\t\t\t<div class=\"col-inner\"  >\n\t\t\t\n\t\t\t\n\n\t<div class=\"img has-hover x md-x lg-x y md-y lg-y\" id=\"image_1456317405\">\n\t\t\t\t\t\t\t\t<div class=\"img-inner dark\" >\n\t\t\t<img loading=\"lazy\" decoding=\"async\" width=\"132\" height=\"132\" src=\"https:\/\/juntscontraelcancer.cat\/wp-content\/uploads\/2023\/04\/Icono-utero.svg\" class=\"attachment-original size-original\" alt=\"\" \/>\t\t\t\t\t\t\n\t\t\t\t\t<\/div>\n\t\t\t\t\t\t\t\t\n<style>\n#image_1456317405 {\n  width: 100%;\n}\n@media (min-width:550px) {\n  #image_1456317405 {\n    width: 95%;\n  }\n}\n<\/style>\n\t<\/div>\n\t\n\n\n\t\t<\/div>\n\t\t\t\t\t<\/div>\n\n\t\n\n\t<div id=\"col-1637484872\" class=\"col medium-8 small-9 large-8\"  >\n\t\t\t\t<div class=\"col-inner\"  >\n\t\t\t\n\t\t\t\n\n<h3>Programa de detecci\u00f3 precoz del c\u00e1ncer de cuello de \u00fatero<\/h3>\n\n\t\t<\/div>\n\t\t\t\t\n<style>\n#col-1637484872 > .col-inner {\n  padding: 18px 0px 0px 0px;\n}\n<\/style>\n\t<\/div>\n\n\t\n\n<\/div>\n<p>El <strong>c\u00e1ncer de cuello de \u00fatero<\/strong> es uno de los c\u00e1nceres m\u00e1s evitables y minoritarios en Catalu\u00f1a.<\/p>\n<p>La detecci\u00f3n precoz mediante el cribado cervical es el procedimiento que se lleva a cabo para detectar y prevenir el c\u00e1ncer de cuello uterino. Dado que el c\u00e1ncer de cuello uterino tarda muchos a\u00f1os en desarrollarse, tenemos muchas oportunidades de detectarlo a tiempo, tratarlo y curarlo.<\/p>\n<p>La mayor\u00eda de casos de este tipo de c\u00e1ncer se producen en mujeres que no se realizan pruebas de detecci\u00f3n precoz o no lo hacen regularmente. El cribado de <strong>c\u00e1ncer de cuello de \u00fatero<\/strong> ha supuesto una disminuci\u00f3n del n\u00famero de casos nuevos diagnosticados de este tipo de c\u00e1ncer. La evidencia cient\u00edfica ha demostrado, mediante estudios rigurosos, que si este tipo de c\u00e1ncer se detecta precozmente se puede reducir su mortalidad.<\/p>\n<p>Hoy en d\u00eda sabemos que el <a href=\"https:\/\/juntscontraelcancer.cat\/es\/vacuna-del-virus-del-papiloma-humano\/\">VPH<\/a> es el agente principal causante del c\u00e1ncer de cuello uterino. Esto significa que todos los c\u00e1nceres de cuello uterino presentan una infecci\u00f3n previa por el VPH, aunque la presencia del virus no significa que deba desarrollarse el c\u00e1ncer forzosamente.<\/p>\n<p>La detecci\u00f3n precoz de c\u00e1ncer de cuello uterino consiste en la realizaci\u00f3n de una prueba, o bien para detectar una infecci\u00f3n por VPH(prueba de detecci\u00f3n del virus del papiloma humano) o bien para ver si existe\u00a0 lesiones precancerosas en las c\u00e9lulas del cuello uterino(citolog\u00eda o Papanicolau), con el objetivo de prevenir el desarrollo del c\u00e1ncer.<\/p>\n<p>El <a href=\"https:\/\/canalsalut.gencat.cat\/ca\/salut-a-z\/c\/cancer\/deteccio-precoc\/programes-de-deteccio-precoc\/cancer-coll-uter\/\">cribado de c\u00e1ncer de cuello uterino<\/a> en Catalunya comienza a partir de los 25 a\u00f1os en las mujeres que han iniciado sus relaciones sexuales, y la mayor\u00eda de las mujeres lo termina a los 65 a\u00f1os de edad. Las pruebas que se realizan son:<\/p>\n<ul>\n<li>A las mujeres de entre 25 y 29 a\u00f1os se les realiza una citolog\u00eda como prueba de detecci\u00f3n precoz. En caso de que la citolog\u00eda sea negativa, est\u00e1 indicado repetirla a los 3 a\u00f1os.<\/li>\n<li>A las mujeres de entre 30 y 65 a\u00f1os, se les hace una prueba de detecci\u00f3n de VPH. Si se realiza la prueba de detecci\u00f3n de VPH y \u00e9sta es negativa, est\u00e1 indicado repetirla cada 5 a\u00f1os.<\/li>\n<\/ul>\n\n\t\t<\/div>\n\t\t\t\t\t<\/div>\n\n\t\n\n<\/div>\n\n\t\t<\/div>\n\n\t\t\n<style>\n#section_420656315 {\n  padding-top: 0px;\n  padding-bottom: 0px;\n  background-color: rgb(243, 243, 243);\n}\n<\/style>\n\t<\/section>\n\t\n\n\t<section class=\"section bg-section-bottom-left\" id=\"section_502570179\">\n\t\t<div class=\"section-bg fill\" >\n\t\t\t<img loading=\"lazy\" decoding=\"async\" width=\"2500\" height=\"851\" src=\"https:\/\/juntscontraelcancer.cat\/wp-content\/uploads\/2023\/02\/FECEC-Ondas-Corporativas-Granate-1-1.png\" class=\"bg attachment-original size-original\" alt=\"\" \/>\t\t\t\t\t\t\n\t\t\t\n\n\t\t<\/div>\n\n\t\t\n\n\t\t<div class=\"section-content relative\">\n\t\t\t\n\n<div class=\"row align-middle\"  id=\"row-1345245524\">\n\n\n\t<div id=\"col-1512478576\" class=\"col col_img_seg medium-1 small-3 large-1\"  >\n\t\t\t\t<div class=\"col-inner\"  >\n\t\t\t\n\t\t\t\n\n\t<div class=\"img has-hover x md-x lg-x y md-y lg-y\" id=\"image_858430741\">\n\t\t\t\t\t\t\t\t<div class=\"img-inner dark\" >\n\t\t\t<img loading=\"lazy\" decoding=\"async\" width=\"132\" height=\"132\" src=\"https:\/\/juntscontraelcancer.cat\/wp-content\/uploads\/2023\/03\/icono-cancer-colon.svg\" class=\"attachment-original size-original\" alt=\"\" \/>\t\t\t\t\t\t\n\t\t\t\t\t<\/div>\n\t\t\t\t\t\t\t\t\n<style>\n#image_858430741 {\n  width: 100%;\n}\n@media (min-width:550px) {\n  #image_858430741 {\n    width: 95%;\n  }\n}\n<\/style>\n\t<\/div>\n\t\n\n\n\t\t<\/div>\n\t\t\t\t\t<\/div>\n\n\t\n\n\t<div id=\"col-1326721771\" class=\"col medium-9 small-9 large-9\"  >\n\t\t\t\t<div class=\"col-inner\"  >\n\t\t\t\n\t\t\t\n\n<h3>Programa de detecci\u00f3 precoz del c\u00e1ncer de colon y recto<\/h3>\n\n\t\t<\/div>\n\t\t\t\t\n<style>\n#col-1326721771 > .col-inner {\n  padding: 18px 0px 0px 0px;\n}\n<\/style>\n\t<\/div>\n\n\t\n\n\t<div id=\"col-900809800\" class=\"col small-12 large-12\"  data-animate=\"fadeInUp\">\n\t\t\t\t<div class=\"col-inner\"  >\n\t\t\t\n\t\t\t\n\n<p>El <a href=\"https:\/\/juntscontraelcancer.cat\/es\/tipos-de-cancer\/cancer-de-colon-y-recto\/\"><u>c\u00e1ncer de colon y recto<\/u><\/a> es el segundo tipo de c\u00e1ncer tanto en hombres como en mujeres y el m\u00e1s frecuente en Catalu\u00f1a y el m\u00e1s frecuente si sumamos ambos sexos.<\/p>\n<p>La detecci\u00f3n precoz del c\u00e1ncer colorrectal tiene por objetivo detectar el c\u00e1ncer en etapas muy precoces, cuando las personas no tienen s\u00edntomas, lo que permite que los tratamientos sean m\u00e1s efectivos. Los estudios realizados indican que la detecci\u00f3n precoz del c\u00e1ncer colorrectal mediante esta prueba aumenta las posibilidades de curaci\u00f3n y puede disminuir la mortalidad por este tumor hasta el 16% en los participantes en el programa.<\/p>\n<p>En otros casos, la detecci\u00f3n precoz puede detectar p\u00f3lipos, que son alteraciones benignas del interior de la tripa, pero que en el transcurso del tiempo, podr\u00edan volverse malignos. Su detecci\u00f3n y extirpaci\u00f3n evita esta posible progresi\u00f3n.<\/p>\n<p>En algunos casos, aunque la prueba de detecci\u00f3n precoz detecte sangre en las heces, la colonoscopia diagn\u00f3stica determina que la causa de los indicios de sangre en las heces es una alteraci\u00f3n benigna y no un c\u00e1ncer.<\/p>\n<p>En Catalu\u00f1a, el <a href=\"https:\/\/canalsalut.gencat.cat\/ca\/salut-a-z\/c\/cancer\/deteccio-precoc\/programes-de-deteccio-precoc\/cancer-de-colon- i-recte\/\">programa de detecci\u00f3n precoz del c\u00e1ncer de colon y recto<\/a> se dirige a todos los hombres y mujeres de entre 50 y 69 a\u00f1os y consiste en hacerse, cada dos a\u00f1os, una sencilla prueba en casa para detectar si las deposiciones contienen peque\u00f1as cantidades de sangre que no se ven a simple vista.<\/p>\n\t<div id=\"gap-146436700\" class=\"gap-element clearfix\" style=\"display:block; height:auto;\">\n\t\t\n<style>\n#gap-146436700 {\n  padding-top: 60px;\n}\n<\/style>\n\t<\/div>\n\t\n\n<p>Fuente: <a href=\"https:\/\/canalsalut.gencat.cat\/ca\/salut-a-z\/c\/cancer\/deteccio-precoc\/programes\/index.html#googtrans(ca|es)\" target=\"_blank\" rel=\"noopener\">Canal Salut<\/a><\/p>\n\n\t\t<\/div>\n\t\t\t\t\t<\/div>\n\n\t\n\n<\/div>\n\n\t\t<\/div>\n\n\t\t\n<style>\n#section_502570179 {\n  padding-top: 0px;\n  padding-bottom: 0px;\n  background-color: rgb(243, 243, 243);\n}\n<\/style>\n\t<\/section>\n\t\n\n","protected":false},"excerpt":{"rendered":"","protected":false},"author":1,"featured_media":0,"parent":0,"menu_order":0,"comment_status":"closed","ping_status":"closed","template":"page-blank.php","meta":{"_acf_changed":false,"inline_featured_image":false,"footnotes":""},"class_list":["post-15990","page","type-page","status-publish","hentry"],"acf":[],"yoast_head":"<!-- This site is optimized with the Yoast SEO plugin v27.3 - https:\/\/yoast.com\/product\/yoast-seo-wordpress\/ -->\n<title>Detecci\u00f3n precoz - Junts contra el c\u00e0ncer - FECEC<\/title>\n<meta name=\"robots\" content=\"index, follow, max-snippet:-1, max-image-preview:large, max-video-preview:-1\" \/>\n<link rel=\"canonical\" href=\"https:\/\/juntscontraelcancer.cat\/es\/deteccion-precoz\/\" \/>\n<meta property=\"og:locale\" content=\"es_ES\" \/>\n<meta property=\"og:type\" content=\"article\" \/>\n<meta property=\"og:title\" content=\"Detecci\u00f3n precoz - Junts contra el c\u00e0ncer - FECEC\" \/>\n<meta property=\"og:url\" content=\"https:\/\/juntscontraelcancer.cat\/es\/deteccion-precoz\/\" \/>\n<meta property=\"og:site_name\" content=\"Junts contra el c\u00e0ncer - FECEC\" \/>\n<meta property=\"article:publisher\" content=\"https:\/\/www.facebook.com\/fecec.federacio\/\" \/>\n<meta property=\"article:modified_time\" content=\"2026-02-16T10:35:47+00:00\" \/>\n<meta name=\"twitter:card\" content=\"summary_large_image\" \/>\n<meta name=\"twitter:site\" content=\"@FececFederacio\" \/>\n<meta name=\"twitter:label1\" content=\"Tiempo de lectura\" \/>\n\t<meta name=\"twitter:data1\" content=\"6 minutos\" \/>\n<script type=\"application\/ld+json\" class=\"yoast-schema-graph\">{\"@context\":\"https:\\\/\\\/schema.org\",\"@graph\":[{\"@type\":\"WebPage\",\"@id\":\"https:\\\/\\\/juntscontraelcancer.cat\\\/es\\\/deteccion-precoz\\\/\",\"url\":\"https:\\\/\\\/juntscontraelcancer.cat\\\/es\\\/deteccion-precoz\\\/\",\"name\":\"Detecci\u00f3n precoz - Junts contra el c\u00e0ncer - FECEC\",\"isPartOf\":{\"@id\":\"https:\\\/\\\/juntscontraelcancer.cat\\\/es\\\/#website\"},\"datePublished\":\"2023-04-27T11:39:31+00:00\",\"dateModified\":\"2026-02-16T10:35:47+00:00\",\"breadcrumb\":{\"@id\":\"https:\\\/\\\/juntscontraelcancer.cat\\\/es\\\/deteccion-precoz\\\/#breadcrumb\"},\"inLanguage\":\"es\",\"potentialAction\":[{\"@type\":\"ReadAction\",\"target\":[\"https:\\\/\\\/juntscontraelcancer.cat\\\/es\\\/deteccion-precoz\\\/\"]}]},{\"@type\":\"BreadcrumbList\",\"@id\":\"https:\\\/\\\/juntscontraelcancer.cat\\\/es\\\/deteccion-precoz\\\/#breadcrumb\",\"itemListElement\":[{\"@type\":\"ListItem\",\"position\":1,\"name\":\"Inicio\",\"item\":\"https:\\\/\\\/juntscontraelcancer.cat\\\/es\\\/\"},{\"@type\":\"ListItem\",\"position\":2,\"name\":\"Detecci\u00f3n precoz\"}]},{\"@type\":\"WebSite\",\"@id\":\"https:\\\/\\\/juntscontraelcancer.cat\\\/es\\\/#website\",\"url\":\"https:\\\/\\\/juntscontraelcancer.cat\\\/es\\\/\",\"name\":\"Junts contra el c\u00e0ncer - FECEC\",\"description\":\"\",\"publisher\":{\"@id\":\"https:\\\/\\\/juntscontraelcancer.cat\\\/es\\\/#organization\"},\"potentialAction\":[{\"@type\":\"SearchAction\",\"target\":{\"@type\":\"EntryPoint\",\"urlTemplate\":\"https:\\\/\\\/juntscontraelcancer.cat\\\/es\\\/?s={search_term_string}\"},\"query-input\":{\"@type\":\"PropertyValueSpecification\",\"valueRequired\":true,\"valueName\":\"search_term_string\"}}],\"inLanguage\":\"es\"},{\"@type\":\"Organization\",\"@id\":\"https:\\\/\\\/juntscontraelcancer.cat\\\/es\\\/#organization\",\"name\":\"Junts contra el c\u00e0ncer - FECEC\",\"url\":\"https:\\\/\\\/juntscontraelcancer.cat\\\/es\\\/\",\"logo\":{\"@type\":\"ImageObject\",\"inLanguage\":\"es\",\"@id\":\"https:\\\/\\\/juntscontraelcancer.cat\\\/es\\\/#\\\/schema\\\/logo\\\/image\\\/\",\"url\":\"https:\\\/\\\/juntscontraelcancer.cat\\\/wp-content\\\/uploads\\\/2023\\\/01\\\/logo-fecec-header.png\",\"contentUrl\":\"https:\\\/\\\/juntscontraelcancer.cat\\\/wp-content\\\/uploads\\\/2023\\\/01\\\/logo-fecec-header.png\",\"width\":126,\"height\":74,\"caption\":\"Junts contra el c\u00e0ncer - FECEC\"},\"image\":{\"@id\":\"https:\\\/\\\/juntscontraelcancer.cat\\\/es\\\/#\\\/schema\\\/logo\\\/image\\\/\"},\"sameAs\":[\"https:\\\/\\\/www.facebook.com\\\/fecec.federacio\\\/\",\"https:\\\/\\\/x.com\\\/FececFederacio\",\"https:\\\/\\\/www.instagram.com\\\/fececfederacio\\\/?hl=es\",\"https:\\\/\\\/www.youtube.com\\\/channel\\\/UCgAC_6c6hmHwMQhSCQyYBdA\"]}]}<\/script>\n<!-- \/ Yoast SEO plugin. -->","yoast_head_json":{"title":"Detecci\u00f3n precoz - Junts contra el c\u00e0ncer - FECEC","robots":{"index":"index","follow":"follow","max-snippet":"max-snippet:-1","max-image-preview":"max-image-preview:large","max-video-preview":"max-video-preview:-1"},"canonical":"https:\/\/juntscontraelcancer.cat\/es\/deteccion-precoz\/","og_locale":"es_ES","og_type":"article","og_title":"Detecci\u00f3n precoz - Junts contra el c\u00e0ncer - FECEC","og_url":"https:\/\/juntscontraelcancer.cat\/es\/deteccion-precoz\/","og_site_name":"Junts contra el c\u00e0ncer - FECEC","article_publisher":"https:\/\/www.facebook.com\/fecec.federacio\/","article_modified_time":"2026-02-16T10:35:47+00:00","twitter_card":"summary_large_image","twitter_site":"@FececFederacio","twitter_misc":{"Tiempo de lectura":"6 minutos"},"schema":{"@context":"https:\/\/schema.org","@graph":[{"@type":"WebPage","@id":"https:\/\/juntscontraelcancer.cat\/es\/deteccion-precoz\/","url":"https:\/\/juntscontraelcancer.cat\/es\/deteccion-precoz\/","name":"Detecci\u00f3n precoz - Junts contra el c\u00e0ncer - FECEC","isPartOf":{"@id":"https:\/\/juntscontraelcancer.cat\/es\/#website"},"datePublished":"2023-04-27T11:39:31+00:00","dateModified":"2026-02-16T10:35:47+00:00","breadcrumb":{"@id":"https:\/\/juntscontraelcancer.cat\/es\/deteccion-precoz\/#breadcrumb"},"inLanguage":"es","potentialAction":[{"@type":"ReadAction","target":["https:\/\/juntscontraelcancer.cat\/es\/deteccion-precoz\/"]}]},{"@type":"BreadcrumbList","@id":"https:\/\/juntscontraelcancer.cat\/es\/deteccion-precoz\/#breadcrumb","itemListElement":[{"@type":"ListItem","position":1,"name":"Inicio","item":"https:\/\/juntscontraelcancer.cat\/es\/"},{"@type":"ListItem","position":2,"name":"Detecci\u00f3n precoz"}]},{"@type":"WebSite","@id":"https:\/\/juntscontraelcancer.cat\/es\/#website","url":"https:\/\/juntscontraelcancer.cat\/es\/","name":"Junts contra el c\u00e0ncer - FECEC","description":"","publisher":{"@id":"https:\/\/juntscontraelcancer.cat\/es\/#organization"},"potentialAction":[{"@type":"SearchAction","target":{"@type":"EntryPoint","urlTemplate":"https:\/\/juntscontraelcancer.cat\/es\/?s={search_term_string}"},"query-input":{"@type":"PropertyValueSpecification","valueRequired":true,"valueName":"search_term_string"}}],"inLanguage":"es"},{"@type":"Organization","@id":"https:\/\/juntscontraelcancer.cat\/es\/#organization","name":"Junts contra el c\u00e0ncer - FECEC","url":"https:\/\/juntscontraelcancer.cat\/es\/","logo":{"@type":"ImageObject","inLanguage":"es","@id":"https:\/\/juntscontraelcancer.cat\/es\/#\/schema\/logo\/image\/","url":"https:\/\/juntscontraelcancer.cat\/wp-content\/uploads\/2023\/01\/logo-fecec-header.png","contentUrl":"https:\/\/juntscontraelcancer.cat\/wp-content\/uploads\/2023\/01\/logo-fecec-header.png","width":126,"height":74,"caption":"Junts contra el c\u00e0ncer - FECEC"},"image":{"@id":"https:\/\/juntscontraelcancer.cat\/es\/#\/schema\/logo\/image\/"},"sameAs":["https:\/\/www.facebook.com\/fecec.federacio\/","https:\/\/x.com\/FececFederacio","https:\/\/www.instagram.com\/fececfederacio\/?hl=es","https:\/\/www.youtube.com\/channel\/UCgAC_6c6hmHwMQhSCQyYBdA"]}]}},"_links":{"self":[{"href":"https:\/\/juntscontraelcancer.cat\/es\/wp-json\/wp\/v2\/pages\/15990","targetHints":{"allow":["GET"]}}],"collection":[{"href":"https:\/\/juntscontraelcancer.cat\/es\/wp-json\/wp\/v2\/pages"}],"about":[{"href":"https:\/\/juntscontraelcancer.cat\/es\/wp-json\/wp\/v2\/types\/page"}],"author":[{"embeddable":true,"href":"https:\/\/juntscontraelcancer.cat\/es\/wp-json\/wp\/v2\/users\/1"}],"replies":[{"embeddable":true,"href":"https:\/\/juntscontraelcancer.cat\/es\/wp-json\/wp\/v2\/comments?post=15990"}],"version-history":[{"count":47,"href":"https:\/\/juntscontraelcancer.cat\/es\/wp-json\/wp\/v2\/pages\/15990\/revisions"}],"predecessor-version":[{"id":43182,"href":"https:\/\/juntscontraelcancer.cat\/es\/wp-json\/wp\/v2\/pages\/15990\/revisions\/43182"}],"wp:attachment":[{"href":"https:\/\/juntscontraelcancer.cat\/es\/wp-json\/wp\/v2\/media?parent=15990"}],"curies":[{"name":"wp","href":"https:\/\/api.w.org\/{rel}","templated":true}]}}