{"id":15697,"date":"2023-04-27T13:51:26","date_gmt":"2023-04-27T11:51:26","guid":{"rendered":"https:\/\/junts.enproceso.es\/consejo-genetico\/"},"modified":"2023-06-14T09:02:29","modified_gmt":"2023-06-14T07:02:29","slug":"consejo-genetico","status":"publish","type":"page","link":"https:\/\/juntscontraelcancer.cat\/es\/consejo-genetico\/","title":{"rendered":"Consejo gen\u00e9tico"},"content":{"rendered":"\n\n\t<section class=\"section\" id=\"section_908242132\">\n\t\t<div class=\"section-bg fill\" >\n\t\t\t\t\t\t\t\t\t\n\t\t\t\n\n\t\t<\/div>\n\n\t\t\n\n\t\t<div class=\"section-content relative\">\n\t\t\t\n\n\n  <div class=\"banner has-hover onda-bottom has-parallax\" id=\"banner-483855516\">\n          <div class=\"banner-inner fill\">\n        <div class=\"banner-bg fill\" data-parallax=\"-3\" data-parallax-container=\".banner\" data-parallax-background>\n            <img loading=\"lazy\" decoding=\"async\" width=\"1440\" height=\"243\" src=\"https:\/\/juntscontraelcancer.cat\/wp-content\/uploads\/2023\/03\/factorsderisc_header.jpg\" class=\"bg attachment-original size-original\" alt=\"\" \/>                                    \n                    <\/div>\n\t\t\n        <div class=\"banner-layers container\">\n            <div class=\"fill banner-link\"><\/div>            \n\n   <div id=\"text-box-643142093\" class=\"text-box banner-layer x50 md-x50 lg-x50 y50 md-y50 lg-y50 res-text\">\n                                <div class=\"text-box-content text dark\">\n              \n              <div class=\"text-inner text-center\">\n                  \n\n<h1><strong>Consejo gen\u00e9tico<\/strong><\/h1>\n\n              <\/div>\n           <\/div>\n                            \n<style>\n#text-box-643142093 {\n  width: 60%;\n}\n#text-box-643142093 .text-box-content {\n  font-size: 100%;\n}\n<\/style>\n    <\/div>\n \n\n        <\/div>\n      <\/div>\n\n            \n<style>\n#banner-483855516 {\n  padding-top: 243px;\n}\n<\/style>\n  <\/div>\n\n\n\n\t\t<\/div>\n\n\t\t\n<style>\n#section_908242132 {\n  padding-top: 0px;\n  padding-bottom: 0px;\n}\n<\/style>\n\t<\/section>\n\t\n\n\t<section class=\"section\" id=\"section_922252417\">\n\t\t<div class=\"section-bg fill\" >\n\t\t\t\t\t\t\t\t\t\n\t\t\t\n\n\t\t<\/div>\n\n\t\t\n\n\t\t<div class=\"section-content relative\">\n\t\t\t\n\n<div class=\"row\"  id=\"row-1606653294\">\n\n\n\t<div id=\"col-872538794\" class=\"col small-12 large-12\"  >\n\t\t\t\t<div class=\"col-inner\"  >\n\t\t\t\n\t\t\t\n\n<span><span><a href=\"https:\/\/juntscontraelcancer.cat\/es\/\">Inicio<\/a><\/span><\/span>\n\n\t\t<\/div>\n\t\t\t\t\t<\/div>\n\n\t\n\n<\/div>\n\n\t\t<\/div>\n\n\t\t\n<style>\n#section_922252417 {\n  padding-top: 30px;\n  padding-bottom: 30px;\n}\n<\/style>\n\t<\/section>\n\t\n\n\t<section class=\"section\" id=\"section_985384099\">\n\t\t<div class=\"section-bg fill\" >\n\t\t\t\t\t\t\t\t\t\n\t\t\t\n\n\t\t<\/div>\n\n\t\t\n\n\t\t<div class=\"section-content relative\">\n\t\t\t\n\n<div class=\"row\"  id=\"row-1050775398\">\n\n\n\t<div id=\"col-608742396\" class=\"col small-12 large-12\"  data-animate=\"fadeInUp\">\n\t\t\t\t<div class=\"col-inner\"  >\n\t\t\t\n\t\t\t\n\n\t<div id=\"text-1279477395\" class=\"text\">\n\t\t\n\n<h2><strong><span style=\"color: #373737;\">Consejo gen\u00e9tico <\/span><\/strong><\/h2>\n\t\t\n<style>\n#text-1279477395 {\n  font-size: 2.55rem;\n  line-height: 2.15;\n}\n<\/style>\n\t<\/div>\n\t\n<div class=\"is-divider divider clearfix\" style=\"margin-top:24px;margin-bottom:24px;max-width:124px;\"><\/div>\r\n\r\n<p>A trav\u00e9s de la herencia gen\u00e9tica, de padres a hijos, se pueden transmitir algunas enfermedades concretas o bien una tendencia a desarrollaras.<\/p>\r\n\r\n<p>Esto se debe a los genes que est\u00e1n presentes en cada c\u00e9lula del cuerpo, dentro de unas estructuras llamadas\u00a0cromosomas. Los genes son secuencias de ADN que contienen las instrucciones para fabricar las sustancias que ayudan las c\u00e9lulas a reproducirse y a funcionar correctamente. A veces se producen alteraciones del ADN llamadas\u00a0mutaciones.<\/p>\r\n\r\n<p>Si en los padres hay alg\u00fan gen alterado (alteraci\u00f3n gen\u00e9tica) que predisponga a desarrollar una enfermedad concreta, los hijos tendr\u00e1n m\u00e1s riesgo de desarrollar esta enfermedad que el resto de la poblaci\u00f3n general.<\/p>\r\n\r\n<p>Si bien, b\u00e1sicamente, el c\u00e1ncer es una enfermedad gen\u00e9tica, la mayor\u00eda de los casos de c\u00e1ncer no est\u00e1n asociados a la herencia. Solo en un n\u00famero reducido de todos los casos de c\u00e1ncer (5-10%), este puede estar relacionado con alteraciones gen\u00e9ticas que se pueden transmitir de padres a hijos\/as. A estos se les llama c\u00e1nceres hereditarios.<\/p>\r\n\r\n<p>Los tipos de c\u00e1ncer con m\u00e1s predisposici\u00f3n hereditaria son mama, ovario, endometrio\u00a0y colon.<\/p>\n\n\t\t<\/div>\n\t\t\t\t\t<\/div>\n\n\t\n\n<\/div>\n\n\t\t<\/div>\n\n\t\t\n<style>\n#section_985384099 {\n  padding-top: 0px;\n  padding-bottom: 0px;\n}\n<\/style>\n\t<\/section>\n\t\n\n\t<section class=\"section bg-section-top-right-organitzacio\" id=\"section_716855075\">\n\t\t<div class=\"section-bg fill\" >\n\t\t\t<img loading=\"lazy\" decoding=\"async\" width=\"2500\" height=\"851\" src=\"https:\/\/juntscontraelcancer.cat\/wp-content\/uploads\/2023\/02\/FECEC-Ondas-Corporativas-Granate-1-1.png\" class=\"bg attachment-original size-original\" alt=\"\" \/>\t\t\t\t\t\t\n\t\t\t\n\n\t\t<\/div>\n\n\t\t\n\n\t\t<div class=\"section-content relative\">\n\t\t\t\n\n<div class=\"row\"  id=\"row-1601316607\">\n\n\n\t<div id=\"col-898248341\" class=\"col small-12 large-12\"  data-animate=\"fadeInUp\">\n\t\t\t\t<div class=\"col-inner\"  >\n\t\t\t\n\t\t\t\n\n<div class=\"row row-small row-divided\"  id=\"row-1697018164\">\n\n\n\t<div id=\"col-1550155330\" class=\"col small-11 large-12\"  >\n\t\t\t\t<div class=\"col-inner\"  >\n\t\t\t\n\t\t\t\n\n<h3>\u00bfQu\u00e9 es el consejo gen\u00e9tico?<\/h3>\n\n\t\t<\/div>\n\t\t\t\t\n<style>\n#col-1550155330 > .col-inner {\n  padding: 18px 0px 0px 0px;\n}\n<\/style>\n\t<\/div>\n\n\t\n\n<\/div>\n<p>El\u00a0consejo gen\u00e9tico en c\u00e1ncer hereditario\u00a0es un proceso de detecci\u00f3n y comunicaci\u00f3n en el que se informa a las personas y\/o familias con predisposici\u00f3n hereditaria al c\u00e1ncer de:<\/p>\r\n<ul>\r\n<li>la probabilidad de transmitir la susceptibilidad hereditaria,<\/li>\r\n<li>el riesgo de presentar la enfermedad,<\/li>\r\n<li>las medidas de detecci\u00f3n precoz y prevenci\u00f3n,<\/li>\r\n<li>la posibilidad de realizar un estudio gen\u00e9tico, y<\/li>\r\n<li>las medidas preventivas y de tratamiento indicadas para los portadores de mutaci\u00f3n.<\/li>\r\n<\/ul>\r\n<p>Hay que consultar con los profesionales de la salud si se sospecha que puede haber una mutaci\u00f3n gen\u00e9tica familiar que predisponga al c\u00e1ncer. Se recomienda recibir consejo o asesoramiento gen\u00e9tico a individuos que tengan una historia personal y\/o familiar de:<\/p>\r\n<ul>\r\n<li>Dos o m\u00e1s casos del mismo tumor (o tumores relacionados) a familiares directos (hermanos, hijos, padres)<\/li>\r\n<li>C\u00e1ncer a una edad inusualmente joven<\/li>\r\n<li>C\u00e1nceres raros o infrecuentes (c\u00e1ncer de pecho en hombres, c\u00e1ncer medular, de tiroides, etc.)<\/li>\r\n<li>M\u00e1s de un diagn\u00f3stico de c\u00e1ncer en el mismo individuo<\/li>\r\n<li>Mutaci\u00f3n conocida a la familia en un gen que predispone al c\u00e1ncer<\/li>\r\n<\/ul>\r\n<p>Son estos profesionales de la salud quienes pueden orientarnos y dirigirnos a una Unidad de alto riesgo o Unidad de Consejo gen\u00e9tico en caso de que lo consideren necesario. <a href=\"https:\/\/seom.org\/informacion-sobre-el-cancer\/consejo-genetico\/unidades-consejo-genetico\" target=\"_blank\" rel=\"noopener\">Consulta en este enlace el mapa de centros <\/a>.<\/p>\r\n<p>Las unidades del consejo gen\u00e9tico son unidades especializadas en las que se lleva a cabo:<\/p>\r\n<ul>\r\n<li>Una valoraci\u00f3n y evaluaci\u00f3n del riesgo de c\u00e1ncer en funci\u00f3n de la historia personal y familiar. <\/li>\r\n<li>La elaboraci\u00f3n de un plan de detecci\u00f3n precoz de c\u00e1ncer adecuado a su riesgo y recomendaciones de prevenci\u00f3n.<\/li>\r\n<li>Consejo gen\u00e9tico si la valoraci\u00f3n de su historia personal o familiar sugiere la presencia de un s\u00edndrome de predisposici\u00f3n hereditaria al c\u00e1ncer. <\/li>\r\n<li>Apoyo y asesoramiento psicol\u00f3gico y emocional.<\/li>\r\n<\/ul>\n\n\t\t<\/div>\n\t\t\t\t\t<\/div>\n\n\t\n\n\t<div id=\"col-735391980\" class=\"col small-12 large-12\"  data-animate=\"fadeInUp\">\n\t\t\t\t<div class=\"col-inner\"  >\n\t\t\t\n\t\t\t\n\n<p>Fuente: <a href=\"https:\/\/canalsalut.gencat.cat\/ca\/salut-a-z\/c\/cancer\/deteccio-precoc\/consell-genetic\/\" target=\"_blank\" rel=\"noopener\">Canal Salut<\/a><\/p>\n\n\t\t<\/div>\n\t\t\t\t\t<\/div>\n\n\t\n\n<\/div>\n\n\t\t<\/div>\n\n\t\t\n<style>\n#section_716855075 {\n  padding-top: 30px;\n  padding-bottom: 30px;\n  background-color: rgb(243, 243, 243);\n}\n<\/style>\n\t<\/section>\n\t\n\n","protected":false},"excerpt":{"rendered":"","protected":false},"author":1,"featured_media":0,"parent":0,"menu_order":0,"comment_status":"closed","ping_status":"closed","template":"page-blank.php","meta":{"_acf_changed":false,"inline_featured_image":false,"footnotes":""},"class_list":["post-15697","page","type-page","status-publish","hentry"],"acf":[],"yoast_head":"<!-- This site is optimized with the Yoast SEO plugin v27.3 - https:\/\/yoast.com\/product\/yoast-seo-wordpress\/ -->\n<title>Consejo gen\u00e9tico - Junts contra el c\u00e0ncer - FECEC<\/title>\n<meta name=\"robots\" content=\"index, follow, max-snippet:-1, max-image-preview:large, max-video-preview:-1\" \/>\n<link rel=\"canonical\" href=\"https:\/\/juntscontraelcancer.cat\/es\/consejo-genetico\/\" \/>\n<meta property=\"og:locale\" content=\"es_ES\" \/>\n<meta property=\"og:type\" content=\"article\" \/>\n<meta property=\"og:title\" content=\"Consejo gen\u00e9tico - Junts contra el c\u00e0ncer - FECEC\" \/>\n<meta property=\"og:url\" content=\"https:\/\/juntscontraelcancer.cat\/es\/consejo-genetico\/\" \/>\n<meta property=\"og:site_name\" content=\"Junts contra el c\u00e0ncer - FECEC\" \/>\n<meta property=\"article:publisher\" content=\"https:\/\/www.facebook.com\/fecec.federacio\/\" \/>\n<meta property=\"article:modified_time\" content=\"2023-06-14T07:02:29+00:00\" \/>\n<meta name=\"twitter:card\" content=\"summary_large_image\" \/>\n<meta name=\"twitter:site\" content=\"@FececFederacio\" \/>\n<meta name=\"twitter:label1\" content=\"Tiempo de lectura\" \/>\n\t<meta name=\"twitter:data1\" content=\"3 minutos\" \/>\n<script type=\"application\/ld+json\" class=\"yoast-schema-graph\">{\"@context\":\"https:\\\/\\\/schema.org\",\"@graph\":[{\"@type\":\"WebPage\",\"@id\":\"https:\\\/\\\/juntscontraelcancer.cat\\\/es\\\/consejo-genetico\\\/\",\"url\":\"https:\\\/\\\/juntscontraelcancer.cat\\\/es\\\/consejo-genetico\\\/\",\"name\":\"Consejo gen\u00e9tico - Junts contra el c\u00e0ncer - FECEC\",\"isPartOf\":{\"@id\":\"https:\\\/\\\/juntscontraelcancer.cat\\\/es\\\/#website\"},\"datePublished\":\"2023-04-27T11:51:26+00:00\",\"dateModified\":\"2023-06-14T07:02:29+00:00\",\"breadcrumb\":{\"@id\":\"https:\\\/\\\/juntscontraelcancer.cat\\\/es\\\/consejo-genetico\\\/#breadcrumb\"},\"inLanguage\":\"es\",\"potentialAction\":[{\"@type\":\"ReadAction\",\"target\":[\"https:\\\/\\\/juntscontraelcancer.cat\\\/es\\\/consejo-genetico\\\/\"]}]},{\"@type\":\"BreadcrumbList\",\"@id\":\"https:\\\/\\\/juntscontraelcancer.cat\\\/es\\\/consejo-genetico\\\/#breadcrumb\",\"itemListElement\":[{\"@type\":\"ListItem\",\"position\":1,\"name\":\"Inicio\",\"item\":\"https:\\\/\\\/juntscontraelcancer.cat\\\/es\\\/\"},{\"@type\":\"ListItem\",\"position\":2,\"name\":\"Consejo gen\u00e9tico\"}]},{\"@type\":\"WebSite\",\"@id\":\"https:\\\/\\\/juntscontraelcancer.cat\\\/es\\\/#website\",\"url\":\"https:\\\/\\\/juntscontraelcancer.cat\\\/es\\\/\",\"name\":\"Junts contra el c\u00e0ncer - FECEC\",\"description\":\"\",\"publisher\":{\"@id\":\"https:\\\/\\\/juntscontraelcancer.cat\\\/es\\\/#organization\"},\"potentialAction\":[{\"@type\":\"SearchAction\",\"target\":{\"@type\":\"EntryPoint\",\"urlTemplate\":\"https:\\\/\\\/juntscontraelcancer.cat\\\/es\\\/?s={search_term_string}\"},\"query-input\":{\"@type\":\"PropertyValueSpecification\",\"valueRequired\":true,\"valueName\":\"search_term_string\"}}],\"inLanguage\":\"es\"},{\"@type\":\"Organization\",\"@id\":\"https:\\\/\\\/juntscontraelcancer.cat\\\/es\\\/#organization\",\"name\":\"Junts contra el c\u00e0ncer - FECEC\",\"url\":\"https:\\\/\\\/juntscontraelcancer.cat\\\/es\\\/\",\"logo\":{\"@type\":\"ImageObject\",\"inLanguage\":\"es\",\"@id\":\"https:\\\/\\\/juntscontraelcancer.cat\\\/es\\\/#\\\/schema\\\/logo\\\/image\\\/\",\"url\":\"https:\\\/\\\/juntscontraelcancer.cat\\\/wp-content\\\/uploads\\\/2023\\\/01\\\/logo-fecec-header.png\",\"contentUrl\":\"https:\\\/\\\/juntscontraelcancer.cat\\\/wp-content\\\/uploads\\\/2023\\\/01\\\/logo-fecec-header.png\",\"width\":126,\"height\":74,\"caption\":\"Junts contra el c\u00e0ncer - FECEC\"},\"image\":{\"@id\":\"https:\\\/\\\/juntscontraelcancer.cat\\\/es\\\/#\\\/schema\\\/logo\\\/image\\\/\"},\"sameAs\":[\"https:\\\/\\\/www.facebook.com\\\/fecec.federacio\\\/\",\"https:\\\/\\\/x.com\\\/FececFederacio\",\"https:\\\/\\\/www.instagram.com\\\/fececfederacio\\\/?hl=es\",\"https:\\\/\\\/www.youtube.com\\\/channel\\\/UCgAC_6c6hmHwMQhSCQyYBdA\"]}]}<\/script>\n<!-- \/ Yoast SEO plugin. -->","yoast_head_json":{"title":"Consejo gen\u00e9tico - Junts contra el c\u00e0ncer - FECEC","robots":{"index":"index","follow":"follow","max-snippet":"max-snippet:-1","max-image-preview":"max-image-preview:large","max-video-preview":"max-video-preview:-1"},"canonical":"https:\/\/juntscontraelcancer.cat\/es\/consejo-genetico\/","og_locale":"es_ES","og_type":"article","og_title":"Consejo gen\u00e9tico - Junts contra el c\u00e0ncer - FECEC","og_url":"https:\/\/juntscontraelcancer.cat\/es\/consejo-genetico\/","og_site_name":"Junts contra el c\u00e0ncer - FECEC","article_publisher":"https:\/\/www.facebook.com\/fecec.federacio\/","article_modified_time":"2023-06-14T07:02:29+00:00","twitter_card":"summary_large_image","twitter_site":"@FececFederacio","twitter_misc":{"Tiempo de lectura":"3 minutos"},"schema":{"@context":"https:\/\/schema.org","@graph":[{"@type":"WebPage","@id":"https:\/\/juntscontraelcancer.cat\/es\/consejo-genetico\/","url":"https:\/\/juntscontraelcancer.cat\/es\/consejo-genetico\/","name":"Consejo gen\u00e9tico - Junts contra el c\u00e0ncer - FECEC","isPartOf":{"@id":"https:\/\/juntscontraelcancer.cat\/es\/#website"},"datePublished":"2023-04-27T11:51:26+00:00","dateModified":"2023-06-14T07:02:29+00:00","breadcrumb":{"@id":"https:\/\/juntscontraelcancer.cat\/es\/consejo-genetico\/#breadcrumb"},"inLanguage":"es","potentialAction":[{"@type":"ReadAction","target":["https:\/\/juntscontraelcancer.cat\/es\/consejo-genetico\/"]}]},{"@type":"BreadcrumbList","@id":"https:\/\/juntscontraelcancer.cat\/es\/consejo-genetico\/#breadcrumb","itemListElement":[{"@type":"ListItem","position":1,"name":"Inicio","item":"https:\/\/juntscontraelcancer.cat\/es\/"},{"@type":"ListItem","position":2,"name":"Consejo gen\u00e9tico"}]},{"@type":"WebSite","@id":"https:\/\/juntscontraelcancer.cat\/es\/#website","url":"https:\/\/juntscontraelcancer.cat\/es\/","name":"Junts contra el c\u00e0ncer - FECEC","description":"","publisher":{"@id":"https:\/\/juntscontraelcancer.cat\/es\/#organization"},"potentialAction":[{"@type":"SearchAction","target":{"@type":"EntryPoint","urlTemplate":"https:\/\/juntscontraelcancer.cat\/es\/?s={search_term_string}"},"query-input":{"@type":"PropertyValueSpecification","valueRequired":true,"valueName":"search_term_string"}}],"inLanguage":"es"},{"@type":"Organization","@id":"https:\/\/juntscontraelcancer.cat\/es\/#organization","name":"Junts contra el c\u00e0ncer - FECEC","url":"https:\/\/juntscontraelcancer.cat\/es\/","logo":{"@type":"ImageObject","inLanguage":"es","@id":"https:\/\/juntscontraelcancer.cat\/es\/#\/schema\/logo\/image\/","url":"https:\/\/juntscontraelcancer.cat\/wp-content\/uploads\/2023\/01\/logo-fecec-header.png","contentUrl":"https:\/\/juntscontraelcancer.cat\/wp-content\/uploads\/2023\/01\/logo-fecec-header.png","width":126,"height":74,"caption":"Junts contra el c\u00e0ncer - FECEC"},"image":{"@id":"https:\/\/juntscontraelcancer.cat\/es\/#\/schema\/logo\/image\/"},"sameAs":["https:\/\/www.facebook.com\/fecec.federacio\/","https:\/\/x.com\/FececFederacio","https:\/\/www.instagram.com\/fececfederacio\/?hl=es","https:\/\/www.youtube.com\/channel\/UCgAC_6c6hmHwMQhSCQyYBdA"]}]}},"_links":{"self":[{"href":"https:\/\/juntscontraelcancer.cat\/es\/wp-json\/wp\/v2\/pages\/15697","targetHints":{"allow":["GET"]}}],"collection":[{"href":"https:\/\/juntscontraelcancer.cat\/es\/wp-json\/wp\/v2\/pages"}],"about":[{"href":"https:\/\/juntscontraelcancer.cat\/es\/wp-json\/wp\/v2\/types\/page"}],"author":[{"embeddable":true,"href":"https:\/\/juntscontraelcancer.cat\/es\/wp-json\/wp\/v2\/users\/1"}],"replies":[{"embeddable":true,"href":"https:\/\/juntscontraelcancer.cat\/es\/wp-json\/wp\/v2\/comments?post=15697"}],"version-history":[{"count":11,"href":"https:\/\/juntscontraelcancer.cat\/es\/wp-json\/wp\/v2\/pages\/15697\/revisions"}],"predecessor-version":[{"id":26395,"href":"https:\/\/juntscontraelcancer.cat\/es\/wp-json\/wp\/v2\/pages\/15697\/revisions\/26395"}],"wp:attachment":[{"href":"https:\/\/juntscontraelcancer.cat\/es\/wp-json\/wp\/v2\/media?parent=15697"}],"curies":[{"name":"wp","href":"https:\/\/api.w.org\/{rel}","templated":true}]}}