{"id":15674,"date":"2023-03-29T09:23:25","date_gmt":"2023-03-29T07:23:25","guid":{"rendered":"https:\/\/junts.enproceso.es\/el-cancer\/"},"modified":"2023-06-14T09:03:39","modified_gmt":"2023-06-14T07:03:39","slug":"el-cancer","status":"publish","type":"page","link":"https:\/\/juntscontraelcancer.cat\/es\/el-cancer\/","title":{"rendered":"El c\u00e1ncer"},"content":{"rendered":"\n\n\t<section class=\"section\" id=\"section_909920511\">\n\t\t<div class=\"section-bg fill\" >\n\t\t\t\t\t\t\t\t\t\n\t\t\t\n\n\t\t<\/div>\n\n\t\t\n\n\t\t<div class=\"section-content relative\">\n\t\t\t\n\n\n  <div class=\"banner has-hover onda-top-left-banners has-parallax\" id=\"banner-121202029\">\n          <div class=\"banner-inner fill\">\n        <div class=\"banner-bg fill\" data-parallax=\"-5\" data-parallax-container=\".banner\" data-parallax-background>\n            <img loading=\"lazy\" decoding=\"async\" width=\"1440\" height=\"243\" src=\"https:\/\/juntscontraelcancer.cat\/wp-content\/uploads\/2023\/03\/factorsderisc_header.jpg\" class=\"bg attachment-original size-original\" alt=\"\" \/>                                    \n                    <\/div>\n\t\t\n        <div class=\"banner-layers container\">\n            <div class=\"fill banner-link\"><\/div>            \n\n   <div id=\"text-box-121178968\" class=\"text-box banner-layer x50 md-x50 lg-x50 y50 md-y50 lg-y50 res-text\">\n                                <div class=\"text-box-content text dark\">\n              \n              <div class=\"text-inner text-center\">\n                  \n\n<h1><strong>El c\u00e1ncer<\/strong><\/h1>\n\n              <\/div>\n           <\/div>\n                            \n<style>\n#text-box-121178968 {\n  width: 60%;\n}\n#text-box-121178968 .text-box-content {\n  font-size: 100%;\n}\n<\/style>\n    <\/div>\n \n\n        <\/div>\n      <\/div>\n\n            \n<style>\n#banner-121202029 {\n  padding-top: 243px;\n}\n<\/style>\n  <\/div>\n\n\n\n\t\t<\/div>\n\n\t\t\n<style>\n#section_909920511 {\n  padding-top: 0px;\n  padding-bottom: 0px;\n}\n<\/style>\n\t<\/section>\n\t\n\n\t<section class=\"section\" id=\"section_1203598143\">\n\t\t<div class=\"section-bg fill\" >\n\t\t\t\t\t\t\t\t\t\n\t\t\t\n\n\t\t<\/div>\n\n\t\t\n\n\t\t<div class=\"section-content relative\">\n\t\t\t\n\n<div class=\"row\"  id=\"row-66427867\">\n\n\n\t<div id=\"col-642695618\" class=\"col small-12 large-12\"  >\n\t\t\t\t<div class=\"col-inner\"  >\n\t\t\t\n\t\t\t\n\n\t<div id=\"text-3181655730\" class=\"text p3\">\n\t\t\n\n<span><span><a href=\"https:\/\/juntscontraelcancer.cat\/es\/\">Inicio<\/a><\/span><\/span>\n\t\t\t<\/div>\n\t\n\n\t\t<\/div>\n\t\t\t\t\t<\/div>\n\n\t\n\n<\/div>\n\n\t\t<\/div>\n\n\t\t\n<style>\n#section_1203598143 {\n  padding-top: 30px;\n  padding-bottom: 30px;\n}\n<\/style>\n\t<\/section>\n\t\n\n\t<section class=\"section\" id=\"section_1353272058\">\n\t\t<div class=\"section-bg fill\" >\n\t\t\t\t\t\t\t\t\t\n\t\t\t\n\n\t\t<\/div>\n\n\t\t\n\n\t\t<div class=\"section-content relative\">\n\t\t\t\n\n<div class=\"row\"  id=\"row-1294207043\">\n\n\n\t<div id=\"col-727932265\" class=\"col small-12 large-12\"  data-animate=\"fadeInUp\">\n\t\t\t\t<div class=\"col-inner\"  >\n\t\t\t\n\t\t\t\n\n\t<div id=\"text-3169738742\" class=\"text\">\n\t\t\n\n<h2>El c\u00e1ncer<\/h2>\n\t\t\n<style>\n#text-3169738742 {\n  font-size: 1.5rem;\n}\n<\/style>\n\t<\/div>\n\t\n<div class=\"is-divider divider clearfix\" style=\"margin-top:24px;margin-bottom:24px;max-width:122px;\"><\/div>\r\n\r\n<p>El c\u00e1ncer es un conjunto de enfermedades que se caracterizan por el crecimiento y diseminaci\u00f3n an\u00f3mala de c\u00e9lulas como consecuencia de la acumulaci\u00f3n del ADN de m\u00faltiples lesiones gen\u00e9ticas. Las lesiones de un c\u00e1ncer pueden ser por <strong>herencia o adquiridas<\/strong> en los genes que toman parte en los procesos de proliferaci\u00f3n, diferenciaci\u00f3n y muerte celular.<\/p>\r\n<p>Es decir, <strong>las c\u00e9lulas de un c\u00e1ncer no mueren cuando deber\u00edan hacerlo<\/strong>, a la vez que van creando nuevas, de modo que el cuerpo dispone de un exceso de cielo que no necesita. Estas c\u00e9lulas pueden formar una masa o un tejido que se denomina tumor. Los tumores benignos de un c\u00e1ncer son aquellos de lento crecimiento que no invaden otras partes del cuerpo, generalmente se pueden quitar y no suelen volver a aparecer. Los tumores malignos de un c\u00e1ncer tienen c\u00e9lulas que invaden los tejidos vecinos, entran en los vasos sangu\u00edneos y pueden diseminarse por otras partes del cuerpo, proceso que se llama <strong>met\u00e1stasis<\/strong>.<\/p>\r\n<p>Las causas de la aparici\u00f3n de un c\u00e1ncer son muy diversas: algunas dependen de <strong>factores externos<\/strong> (tabaco, otras sustancias qu\u00edmicas, radiaciones, agentes infecciosos), <strong>y otros internos <\/strong> (mutaciones gen\u00e9ticas heredadas, hormonas, estado inmunitario\u2026). Estos factores pueden iniciar o promover el desarrollo de la enfermedad de forma individual o combinada. De todas formas, existen muchos tipos de c\u00e1ncer en los que las causas son totalmente desconocidas.<\/p>\n\n\t\t<\/div>\n\t\t\t\t\t<\/div>\n\n\t\n\n<\/div>\n\t<div id=\"gap-1328536544\" class=\"gap-element clearfix\" style=\"display:block; height:auto;\">\n\t\t\n<style>\n#gap-1328536544 {\n  padding-top: 50px;\n}\n<\/style>\n\t<\/div>\n\t\n\n\n\t\t<\/div>\n\n\t\t\n<style>\n#section_1353272058 {\n  padding-top: 0px;\n  padding-bottom: 0px;\n}\n<\/style>\n\t<\/section>\n\t\n\n\t<section class=\"section bg-section-top-right-organitzacio\" id=\"section_1092008619\">\n\t\t<div class=\"section-bg fill\" >\n\t\t\t<img loading=\"lazy\" decoding=\"async\" width=\"2500\" height=\"851\" src=\"https:\/\/juntscontraelcancer.cat\/wp-content\/uploads\/2023\/02\/FECEC-Ondas-Corporativas-Granate-1.png\" class=\"bg attachment- size-\" alt=\"\" \/>\t\t\t\t\t\t\n\t\t\t\n\n\t\t<\/div>\n\n\t\t\n\n\t\t<div class=\"section-content relative\">\n\t\t\t\n\n\t<div id=\"gap-161375211\" class=\"gap-element clearfix\" style=\"display:block; height:auto;\">\n\t\t\n<style>\n#gap-161375211 {\n  padding-top: 60px;\n}\n<\/style>\n\t<\/div>\n\t\n\n<div class=\"row\"  id=\"row-293821488\">\n\n\n\t<div id=\"col-49817444\" class=\"col small-12 large-12\"  >\n\t\t\t\t<div class=\"col-inner\"  >\n\t\t\t\n\t\t\t\n\n<h3>Clasificaci\u00f3n del c\u00e1ncer<\/h3>\r\n<p>Bajo el nombre de c\u00e1ncer podemos diferenciar m\u00e1s de cien enfermedades con distinta etiolog\u00eda, pron\u00f3stico y tratamiento, pero con el rasgo com\u00fan de su crecimiento no controlado por mecanismos biol\u00f3gicos humanos. Clasificamos los tipos de c\u00e1ncer seg\u00fan el \u00e1rea afectada en:<\/p>\n\n\t\t<\/div>\n\t\t\t\t\t<\/div>\n\n\t\n\n<\/div>\n<div class=\"row rowone_cancer\"  id=\"row-824513805\">\n\n\n\t<div id=\"col-1385341800\" class=\"col medium-4 small-12 large-4\"  data-animate=\"fadeInUp\">\n\t\t\t\t<div class=\"col-inner text-center\"  >\n\t\t\t\n\t\t\t\n\n\t<div class=\"img has-hover x md-x lg-x y md-y lg-y\" id=\"image_1299149812\">\n\t\t\t\t\t\t\t\t<div class=\"img-inner dark\" >\n\t\t\t<img loading=\"lazy\" decoding=\"async\" width=\"132\" height=\"132\" src=\"https:\/\/juntscontraelcancer.cat\/wp-content\/uploads\/2023\/03\/carcinoma.svg\" class=\"attachment-original size-original\" alt=\"\" \/>\t\t\t\t\t\t\n\t\t\t\t\t<\/div>\n\t\t\t\t\t\t\t\t\n<style>\n#image_1299149812 {\n  width: 40%;\n}\n<\/style>\n\t<\/div>\n\t\n\n\t<div id=\"gap-670830558\" class=\"gap-element clearfix\" style=\"display:block; height:auto;\">\n\t\t\n<style>\n#gap-670830558 {\n  padding-top: 30px;\n}\n<\/style>\n\t<\/div>\n\t\n\n\t<div id=\"text-4065513331\" class=\"text\">\n\t\t\n\n<h3>Carcinoma<\/h3>\n\t\t\n<style>\n#text-4065513331 {\n  text-align: center;\n}\n<\/style>\n\t<\/div>\n\t\n\t<div id=\"text-1245182929\" class=\"text p2\">\n\t\t\n\n<p>El c\u00e1ncer se inicia en la piel o en los tejidos que rodean a los \u00f3rganos internos (el pulm\u00f3n, la mama, colon, \u00fatero\u2026). Es el tipo de c\u00e1ncer m\u00e1s frecuente.\r\n<\/p>\n\t\t\t<\/div>\n\t\n\n\t\t<\/div>\n\t\t\t\t\t<\/div>\n\n\t\n\n\t<div id=\"col-1191851674\" class=\"col medium-4 small-12 large-4\"  data-animate=\"fadeInUp\">\n\t\t\t\t<div class=\"col-inner text-center\"  >\n\t\t\t\n\t\t\t\n\n\t<div class=\"img has-hover x md-x lg-x y md-y lg-y\" id=\"image_770636408\">\n\t\t\t\t\t\t\t\t<div class=\"img-inner dark\" >\n\t\t\t<img loading=\"lazy\" decoding=\"async\" width=\"132\" height=\"132\" src=\"https:\/\/juntscontraelcancer.cat\/wp-content\/uploads\/2023\/03\/sarcoma.svg\" class=\"attachment-original size-original\" alt=\"\" \/>\t\t\t\t\t\t\n\t\t\t\t\t<\/div>\n\t\t\t\t\t\t\t\t\n<style>\n#image_770636408 {\n  width: 45%;\n}\n<\/style>\n\t<\/div>\n\t\n\n\t<div id=\"gap-75172854\" class=\"gap-element clearfix\" style=\"display:block; height:auto;\">\n\t\t\n<style>\n#gap-75172854 {\n  padding-top: 30px;\n}\n<\/style>\n\t<\/div>\n\t\n\n\t<div id=\"text-8379861\" class=\"text\">\n\t\t\n\n<h3>Sarcoma<\/h3>\n\t\t\n<style>\n#text-8379861 {\n  text-align: center;\n}\n<\/style>\n\t<\/div>\n\t\n\t<div id=\"text-1816901356\" class=\"text p2\">\n\t\t\n\n<p>El c\u00e1ncer comienza en los huesos, los cart\u00edlagos, la grasa, los m\u00fasculos, los vasos sangu\u00edneos o en otros tejidos conectivos o de soporte.<\/p>\n\t\t\t<\/div>\n\t\n\n\t\t<\/div>\n\t\t\t\t\t<\/div>\n\n\t\n\n\t<div id=\"col-68601340\" class=\"col medium-4 small-12 large-4\"  data-animate=\"fadeInUp\">\n\t\t\t\t<div class=\"col-inner text-center\"  >\n\t\t\t\n\t\t\t\n\n\t<div class=\"img has-hover x md-x lg-x y md-y lg-y\" id=\"image_1648028495\">\n\t\t\t\t\t\t\t\t<div class=\"img-inner dark\" >\n\t\t\t<img loading=\"lazy\" decoding=\"async\" width=\"132\" height=\"132\" src=\"https:\/\/juntscontraelcancer.cat\/wp-content\/uploads\/2023\/03\/leucemia.svg\" class=\"attachment-original size-original\" alt=\"\" \/>\t\t\t\t\t\t\n\t\t\t\t\t<\/div>\n\t\t\t\t\t\t\t\t\n<style>\n#image_1648028495 {\n  width: 45%;\n}\n<\/style>\n\t<\/div>\n\t\n\n\t<div id=\"gap-1190085818\" class=\"gap-element clearfix\" style=\"display:block; height:auto;\">\n\t\t\n<style>\n#gap-1190085818 {\n  padding-top: 30px;\n}\n<\/style>\n\t<\/div>\n\t\r\n\r\n<h3>Leucemia<\/h3>\n\t<div id=\"text-3194997765\" class=\"text p2\">\n\t\t\n\n<p>Este tipo de c\u00e1ncer se inicia en el tejido formador de las c\u00e9lulas sangu\u00edneas, como es la m\u00e9dula \u00f3sea, donde se generan c\u00e9lulas anormales que entran en la sangre.<\/p>\n\t\t\t<\/div>\n\t\n\n\t\t<\/div>\n\t\t\t\t\t<\/div>\n\n\t\n\n<\/div>\n\n\t\t<\/div>\n\n\t\t\n<style>\n#section_1092008619 {\n  padding-top: 0px;\n  padding-bottom: 0px;\n  background-color: rgb(243, 243, 243);\n}\n<\/style>\n\t<\/section>\n\t\n\n\t<section class=\"section bg-section-bottom-left\" id=\"section_678588716\">\n\t\t<div class=\"section-bg fill\" >\n\t\t\t<img loading=\"lazy\" decoding=\"async\" width=\"2500\" height=\"851\" src=\"https:\/\/juntscontraelcancer.cat\/wp-content\/uploads\/2023\/02\/FECEC-Ondas-Corporativas-Granate-1.png\" class=\"bg attachment- size-\" alt=\"\" \/>\t\t\t\t\t\t\n\t\t\t\n\n\t\t<\/div>\n\n\t\t\n\n\t\t<div class=\"section-content relative\">\n\t\t\t\n\n\t<div id=\"gap-1382847758\" class=\"gap-element clearfix\" style=\"display:block; height:auto;\">\n\t\t\n<style>\n#gap-1382847758 {\n  padding-top: 30px;\n}\n<\/style>\n\t<\/div>\n\t\n\n<div class=\"row align-center rowtwo_cancer\"  id=\"row-1360687883\">\n\n\n\t<div id=\"col-1848508316\" class=\"col medium-4 small-12 large-4\"  data-animate=\"fadeInUp\">\n\t\t\t\t<div class=\"col-inner text-center\"  >\n\t\t\t\n\t\t\t\n\n\t<div class=\"img has-hover x md-x lg-x y md-y lg-y\" id=\"image_2056830290\">\n\t\t\t\t\t\t\t\t<div class=\"img-inner dark\" >\n\t\t\t<img loading=\"lazy\" decoding=\"async\" width=\"132\" height=\"132\" src=\"https:\/\/juntscontraelcancer.cat\/wp-content\/uploads\/2023\/03\/sistema-nervios-central.svg\" class=\"attachment-original size-original\" alt=\"\" \/>\t\t\t\t\t\t\n\t\t\t\t\t<\/div>\n\t\t\t\t\t\t\t\t\n<style>\n#image_2056830290 {\n  width: 45%;\n}\n<\/style>\n\t<\/div>\n\t\n\n\t<div id=\"gap-465067944\" class=\"gap-element clearfix\" style=\"display:block; height:auto;\">\n\t\t\n<style>\n#gap-465067944 {\n  padding-top: 30px;\n}\n<\/style>\n\t<\/div>\n\t\n\n\t<div id=\"text-2190106276\" class=\"text\">\n\t\t\n\n<h3>Sistema nervioso central<\/h3>\n\t\t\n<style>\n#text-2190106276 {\n  text-align: center;\n}\n<\/style>\n\t<\/div>\n\t\n\t<div id=\"text-2082075735\" class=\"text p2\">\n\t\t\n\n<p>El c\u00e1ncer comienza en los tejidos del cerebro y la m\u00e9dula espinal.<\/p>\n\t\t\t<\/div>\n\t\n\n\t\t<\/div>\n\t\t\t\t\t<\/div>\n\n\t\n\n\t<div id=\"col-992990601\" class=\"col medium-4 small-12 large-4\"  data-animate=\"fadeInUp\">\n\t\t\t\t<div class=\"col-inner text-center\"  >\n\t\t\t\n\t\t\t\n\n\t<div class=\"img has-hover x md-x lg-x y md-y lg-y\" id=\"image_1183635413\">\n\t\t\t\t\t\t\t\t<div class=\"img-inner dark\" >\n\t\t\t<img loading=\"lazy\" decoding=\"async\" width=\"132\" height=\"132\" src=\"https:\/\/juntscontraelcancer.cat\/wp-content\/uploads\/2023\/03\/limfoma-i-mieloma.svg\" class=\"attachment-original size-original\" alt=\"\" \/>\t\t\t\t\t\t\n\t\t\t\t\t<\/div>\n\t\t\t\t\t\t\t\t\n<style>\n#image_1183635413 {\n  width: 45%;\n}\n<\/style>\n\t<\/div>\n\t\n\n\t<div id=\"gap-1247050032\" class=\"gap-element clearfix\" style=\"display:block; height:auto;\">\n\t\t\n<style>\n#gap-1247050032 {\n  padding-top: 30px;\n}\n<\/style>\n\t<\/div>\n\t\n\n\t<div id=\"text-4062120167\" class=\"text\">\n\t\t\n\n<h3>Linfoma y mieloma<\/h3>\n\t\t\n<style>\n#text-4062120167 {\n  text-align: center;\n}\n<\/style>\n\t<\/div>\n\t\n\t<div id=\"text-3296631931\" class=\"text p2\">\n\t\t\n\n<p>Este tipo de c\u00e1ncer comienza en las c\u00e9lulas del sistema inmunitario (de las defensas).<\/p>\n\t\t\t<\/div>\n\t\n\n\t\t<\/div>\n\t\t\t\t\t<\/div>\n\n\t\n\n<\/div>\n\t<div id=\"gap-12967676\" class=\"gap-element clearfix\" style=\"display:block; height:auto;\">\n\t\t\n<style>\n#gap-12967676 {\n  padding-top: 30px;\n}\n<\/style>\n\t<\/div>\n\t\n\n<div class=\"row\"  id=\"row-1889534610\">\n\n\n\t<div id=\"col-182331686\" class=\"col small-12 large-12\"  >\n\t\t\t\t<div class=\"col-inner\"  >\n\t\t\t\n\t\t\t\n\n<p>Fuente: <a href=\"https:\/\/canalsalut.gencat.cat\/ca\/salut-a-z\/c\/cancer\/\">Canal Salut<\/a><\/p>\n\n\t\t<\/div>\n\t\t\t\t\t<\/div>\n\n\t\n\n<\/div>\n\n\t\t<\/div>\n\n\t\t\n<style>\n#section_678588716 {\n  padding-top: 0px;\n  padding-bottom: 0px;\n  background-color: rgb(243, 243, 243);\n}\n<\/style>\n\t<\/section>\n\t\n\n","protected":false},"excerpt":{"rendered":"","protected":false},"author":1,"featured_media":0,"parent":0,"menu_order":0,"comment_status":"closed","ping_status":"closed","template":"page-blank.php","meta":{"_acf_changed":false,"inline_featured_image":false,"footnotes":""},"class_list":["post-15674","page","type-page","status-publish","hentry"],"acf":[],"yoast_head":"<!-- This site is optimized with the Yoast SEO plugin v27.2 - https:\/\/yoast.com\/product\/yoast-seo-wordpress\/ -->\n<title>El c\u00e1ncer - Junts contra el c\u00e0ncer - FECEC<\/title>\n<meta name=\"robots\" content=\"index, follow, max-snippet:-1, max-image-preview:large, max-video-preview:-1\" \/>\n<link rel=\"canonical\" href=\"https:\/\/juntscontraelcancer.cat\/es\/el-cancer\/\" \/>\n<meta property=\"og:locale\" content=\"es_ES\" \/>\n<meta property=\"og:type\" content=\"article\" \/>\n<meta property=\"og:title\" content=\"El c\u00e1ncer - Junts contra el c\u00e0ncer - FECEC\" \/>\n<meta property=\"og:url\" content=\"https:\/\/juntscontraelcancer.cat\/es\/el-cancer\/\" \/>\n<meta property=\"og:site_name\" content=\"Junts contra el c\u00e0ncer - FECEC\" \/>\n<meta property=\"article:publisher\" content=\"https:\/\/www.facebook.com\/fecec.federacio\/\" \/>\n<meta property=\"article:modified_time\" content=\"2023-06-14T07:03:39+00:00\" \/>\n<meta name=\"twitter:card\" content=\"summary_large_image\" \/>\n<meta name=\"twitter:site\" content=\"@FececFederacio\" \/>\n<meta name=\"twitter:label1\" content=\"Tiempo de lectura\" \/>\n\t<meta name=\"twitter:data1\" content=\"4 minutos\" \/>\n<script type=\"application\/ld+json\" class=\"yoast-schema-graph\">{\"@context\":\"https:\/\/schema.org\",\"@graph\":[{\"@type\":\"WebPage\",\"@id\":\"https:\/\/juntscontraelcancer.cat\/es\/el-cancer\/\",\"url\":\"https:\/\/juntscontraelcancer.cat\/es\/el-cancer\/\",\"name\":\"El c\u00e1ncer - Junts contra el c\u00e0ncer - FECEC\",\"isPartOf\":{\"@id\":\"https:\/\/juntscontraelcancer.cat\/es\/#website\"},\"datePublished\":\"2023-03-29T07:23:25+00:00\",\"dateModified\":\"2023-06-14T07:03:39+00:00\",\"breadcrumb\":{\"@id\":\"https:\/\/juntscontraelcancer.cat\/es\/el-cancer\/#breadcrumb\"},\"inLanguage\":\"es\",\"potentialAction\":[{\"@type\":\"ReadAction\",\"target\":[\"https:\/\/juntscontraelcancer.cat\/es\/el-cancer\/\"]}]},{\"@type\":\"BreadcrumbList\",\"@id\":\"https:\/\/juntscontraelcancer.cat\/es\/el-cancer\/#breadcrumb\",\"itemListElement\":[{\"@type\":\"ListItem\",\"position\":1,\"name\":\"Inicio\",\"item\":\"https:\/\/juntscontraelcancer.cat\/es\/\"},{\"@type\":\"ListItem\",\"position\":2,\"name\":\"El c\u00e1ncer\"}]},{\"@type\":\"WebSite\",\"@id\":\"https:\/\/juntscontraelcancer.cat\/es\/#website\",\"url\":\"https:\/\/juntscontraelcancer.cat\/es\/\",\"name\":\"Junts contra el c\u00e0ncer - FECEC\",\"description\":\"\",\"publisher\":{\"@id\":\"https:\/\/juntscontraelcancer.cat\/es\/#organization\"},\"potentialAction\":[{\"@type\":\"SearchAction\",\"target\":{\"@type\":\"EntryPoint\",\"urlTemplate\":\"https:\/\/juntscontraelcancer.cat\/es\/?s={search_term_string}\"},\"query-input\":{\"@type\":\"PropertyValueSpecification\",\"valueRequired\":true,\"valueName\":\"search_term_string\"}}],\"inLanguage\":\"es\"},{\"@type\":\"Organization\",\"@id\":\"https:\/\/juntscontraelcancer.cat\/es\/#organization\",\"name\":\"Junts contra el c\u00e0ncer - FECEC\",\"url\":\"https:\/\/juntscontraelcancer.cat\/es\/\",\"logo\":{\"@type\":\"ImageObject\",\"inLanguage\":\"es\",\"@id\":\"https:\/\/juntscontraelcancer.cat\/es\/#\/schema\/logo\/image\/\",\"url\":\"https:\/\/juntscontraelcancer.cat\/wp-content\/uploads\/2023\/01\/logo-fecec-header.png\",\"contentUrl\":\"https:\/\/juntscontraelcancer.cat\/wp-content\/uploads\/2023\/01\/logo-fecec-header.png\",\"width\":126,\"height\":74,\"caption\":\"Junts contra el c\u00e0ncer - FECEC\"},\"image\":{\"@id\":\"https:\/\/juntscontraelcancer.cat\/es\/#\/schema\/logo\/image\/\"},\"sameAs\":[\"https:\/\/www.facebook.com\/fecec.federacio\/\",\"https:\/\/x.com\/FececFederacio\",\"https:\/\/www.instagram.com\/fececfederacio\/?hl=es\",\"https:\/\/www.youtube.com\/channel\/UCgAC_6c6hmHwMQhSCQyYBdA\"]}]}<\/script>\n<!-- \/ Yoast SEO plugin. -->","yoast_head_json":{"title":"El c\u00e1ncer - Junts contra el c\u00e0ncer - FECEC","robots":{"index":"index","follow":"follow","max-snippet":"max-snippet:-1","max-image-preview":"max-image-preview:large","max-video-preview":"max-video-preview:-1"},"canonical":"https:\/\/juntscontraelcancer.cat\/es\/el-cancer\/","og_locale":"es_ES","og_type":"article","og_title":"El c\u00e1ncer - Junts contra el c\u00e0ncer - FECEC","og_url":"https:\/\/juntscontraelcancer.cat\/es\/el-cancer\/","og_site_name":"Junts contra el c\u00e0ncer - FECEC","article_publisher":"https:\/\/www.facebook.com\/fecec.federacio\/","article_modified_time":"2023-06-14T07:03:39+00:00","twitter_card":"summary_large_image","twitter_site":"@FececFederacio","twitter_misc":{"Tiempo de lectura":"4 minutos"},"schema":{"@context":"https:\/\/schema.org","@graph":[{"@type":"WebPage","@id":"https:\/\/juntscontraelcancer.cat\/es\/el-cancer\/","url":"https:\/\/juntscontraelcancer.cat\/es\/el-cancer\/","name":"El c\u00e1ncer - Junts contra el c\u00e0ncer - FECEC","isPartOf":{"@id":"https:\/\/juntscontraelcancer.cat\/es\/#website"},"datePublished":"2023-03-29T07:23:25+00:00","dateModified":"2023-06-14T07:03:39+00:00","breadcrumb":{"@id":"https:\/\/juntscontraelcancer.cat\/es\/el-cancer\/#breadcrumb"},"inLanguage":"es","potentialAction":[{"@type":"ReadAction","target":["https:\/\/juntscontraelcancer.cat\/es\/el-cancer\/"]}]},{"@type":"BreadcrumbList","@id":"https:\/\/juntscontraelcancer.cat\/es\/el-cancer\/#breadcrumb","itemListElement":[{"@type":"ListItem","position":1,"name":"Inicio","item":"https:\/\/juntscontraelcancer.cat\/es\/"},{"@type":"ListItem","position":2,"name":"El c\u00e1ncer"}]},{"@type":"WebSite","@id":"https:\/\/juntscontraelcancer.cat\/es\/#website","url":"https:\/\/juntscontraelcancer.cat\/es\/","name":"Junts contra el c\u00e0ncer - FECEC","description":"","publisher":{"@id":"https:\/\/juntscontraelcancer.cat\/es\/#organization"},"potentialAction":[{"@type":"SearchAction","target":{"@type":"EntryPoint","urlTemplate":"https:\/\/juntscontraelcancer.cat\/es\/?s={search_term_string}"},"query-input":{"@type":"PropertyValueSpecification","valueRequired":true,"valueName":"search_term_string"}}],"inLanguage":"es"},{"@type":"Organization","@id":"https:\/\/juntscontraelcancer.cat\/es\/#organization","name":"Junts contra el c\u00e0ncer - FECEC","url":"https:\/\/juntscontraelcancer.cat\/es\/","logo":{"@type":"ImageObject","inLanguage":"es","@id":"https:\/\/juntscontraelcancer.cat\/es\/#\/schema\/logo\/image\/","url":"https:\/\/juntscontraelcancer.cat\/wp-content\/uploads\/2023\/01\/logo-fecec-header.png","contentUrl":"https:\/\/juntscontraelcancer.cat\/wp-content\/uploads\/2023\/01\/logo-fecec-header.png","width":126,"height":74,"caption":"Junts contra el c\u00e0ncer - FECEC"},"image":{"@id":"https:\/\/juntscontraelcancer.cat\/es\/#\/schema\/logo\/image\/"},"sameAs":["https:\/\/www.facebook.com\/fecec.federacio\/","https:\/\/x.com\/FececFederacio","https:\/\/www.instagram.com\/fececfederacio\/?hl=es","https:\/\/www.youtube.com\/channel\/UCgAC_6c6hmHwMQhSCQyYBdA"]}]}},"_links":{"self":[{"href":"https:\/\/juntscontraelcancer.cat\/es\/wp-json\/wp\/v2\/pages\/15674","targetHints":{"allow":["GET"]}}],"collection":[{"href":"https:\/\/juntscontraelcancer.cat\/es\/wp-json\/wp\/v2\/pages"}],"about":[{"href":"https:\/\/juntscontraelcancer.cat\/es\/wp-json\/wp\/v2\/types\/page"}],"author":[{"embeddable":true,"href":"https:\/\/juntscontraelcancer.cat\/es\/wp-json\/wp\/v2\/users\/1"}],"replies":[{"embeddable":true,"href":"https:\/\/juntscontraelcancer.cat\/es\/wp-json\/wp\/v2\/comments?post=15674"}],"version-history":[{"count":6,"href":"https:\/\/juntscontraelcancer.cat\/es\/wp-json\/wp\/v2\/pages\/15674\/revisions"}],"predecessor-version":[{"id":26397,"href":"https:\/\/juntscontraelcancer.cat\/es\/wp-json\/wp\/v2\/pages\/15674\/revisions\/26397"}],"wp:attachment":[{"href":"https:\/\/juntscontraelcancer.cat\/es\/wp-json\/wp\/v2\/media?parent=15674"}],"curies":[{"name":"wp","href":"https:\/\/api.w.org\/{rel}","templated":true}]}}