{"id":15333,"date":"2023-02-27T13:54:02","date_gmt":"2023-02-27T12:54:02","guid":{"rendered":"https:\/\/junts.enproceso.es\/humanizacion-espacios-hospitalarios\/"},"modified":"2025-03-13T13:16:46","modified_gmt":"2025-03-13T12:16:46","slug":"humanizacion-espacios-hospitalarios","status":"publish","type":"page","link":"https:\/\/juntscontraelcancer.cat\/es\/humanizacion-espacios-hospitalarios\/","title":{"rendered":"Humanizaci\u00f3n espacios hospitalarios"},"content":{"rendered":"\n\n\t<section class=\"section\" id=\"section_1900430994\">\n\t\t<div class=\"section-bg fill\" >\n\t\t\t\t\t\t\t\t\t\n\t\t\t\n\n\t\t<\/div>\n\n\t\t\n\n\t\t<div class=\"section-content relative\">\n\t\t\t\n\n\n  <div class=\"banner has-hover onda-bottom\" id=\"banner-1981797785\">\n          <div class=\"banner-inner fill\">\n        <div class=\"banner-bg fill\" >\n            <img loading=\"lazy\" decoding=\"async\" width=\"1440\" height=\"245\" src=\"https:\/\/juntscontraelcancer.cat\/wp-content\/uploads\/2023\/03\/espais-hospitalaris.jpg\" class=\"bg attachment-original size-original\" alt=\"\" \/>                                    \n                    <\/div>\n\t\t\n        <div class=\"banner-layers container\">\n            <div class=\"fill banner-link\"><\/div>            \n\n   <div id=\"text-box-1578261340\" class=\"text-box banner-layer x50 md-x50 lg-x50 y50 md-y50 lg-y50 res-text\">\n                                <div class=\"text-box-content text dark\">\n              \n              <div class=\"text-inner text-center\">\n                  \n\n<h1>Humanizaci\u00f3n de espacios hospitalarios<\/h1>\n\n              <\/div>\n           <\/div>\n                            \n<style>\n#text-box-1578261340 {\n  width: 100%;\n}\n#text-box-1578261340 .text-box-content {\n  font-size: 100%;\n}\n<\/style>\n    <\/div>\n \n\n        <\/div>\n      <\/div>\n\n            \n<style>\n#banner-1981797785 {\n  padding-top: 243px;\n}\n#banner-1981797785 .banner-bg img {\n  object-position: 50% 100%;\n}\n<\/style>\n  <\/div>\n\n\n\n\t\t<\/div>\n\n\t\t\n<style>\n#section_1900430994 {\n  padding-top: 0px;\n  padding-bottom: 0px;\n}\n<\/style>\n\t<\/section>\n\t\n\n\t<section class=\"section\" id=\"section_1178009744\">\n\t\t<div class=\"section-bg fill\" >\n\t\t\t\t\t\t\t\t\t\n\t\t\t\n\n\t\t<\/div>\n\n\t\t\n\n\t\t<div class=\"section-content relative\">\n\t\t\t\n\n<div class=\"row\"  id=\"row-2076834754\">\n\n\n\t<div id=\"col-235176960\" class=\"col small-12 large-12\"  >\n\t\t\t\t<div class=\"col-inner\"  >\n\t\t\t\n\t\t\t\n\n<span><span><a href=\"https:\/\/juntscontraelcancer.cat\/es\/\">Inicio<\/a><\/span><\/span>\n\n\t\t<\/div>\n\t\t\t\t\t<\/div>\n\n\t\n\n<\/div>\n\n\t\t<\/div>\n\n\t\t\n<style>\n#section_1178009744 {\n  padding-top: 30px;\n  padding-bottom: 30px;\n}\n<\/style>\n\t<\/section>\n\t\n\n\t<section class=\"section\" id=\"section_1103529244\">\n\t\t<div class=\"section-bg fill\" >\n\t\t\t\t\t\t\t\t\t\n\t\t\t\n\n\t\t<\/div>\n\n\t\t\n\n\t\t<div class=\"section-content relative\">\n\t\t\t\n\n<div class=\"row\"  id=\"row-1042017499\">\n\n\n\t<div id=\"col-1697179769\" class=\"col small-12 large-12\"  data-animate=\"fadeInUp\">\n\t\t\t\t<div class=\"col-inner\"  >\n\t\t\t\n\t\t\t\n\n<h1>Humanizaci\u00f3n de espacios hospitalarios<\/h1>\r\n<div class=\"is-divider divider clearfix\" style=\"margin-top:24px;margin-bottom:24px;max-width:122px;\"><\/div>\r\n\r\n<p>La FECEC, Junts contra el C\u00e0ncer, da apoyo a <a href=\"https:\/\/www.mayasillusion.com\/\" target=\"_blank\" rel=\"noopener\">Maya&#8217;s Illusion, Decoramos el C\u00e1ncer<\/a> un proyecto de humanizaci\u00f3n las salas de quimioterapia que tiene el objetivo de conseguir crear espacios m\u00e1s acogedores, que ayuden a hacer volar la imaginaci\u00f3n y mejore el bienestar de los pacientes, familiares y personal m\u00e9dico. Sus creadoras, la paciente de c\u00e1ncer Maya Recio (1971-2023), paciente con c\u00e1ncer, y Nat\u00e0lia Roca, gerente de una empresa del mundo de la decoraci\u00f3n, quieren llegar con Maya&#8217;s Illusion a tantas salas de quimioterapia de adultos como sea posible con decoradores de renombre. Los proyectos no tienen ning\u00fan coste ni inicial ni recurrente para los hospitales.<\/p>\r\n\r\n<p>Actualmente, Maya\u2019s Illusion ha decorado la sala de espera de consultas externas de oncolog\u00eda del Hospital Universitario M\u00fatua Terrassa y las salas de oncolog\u00eda y hematolog\u00eda del Hospital Universitario Arnau de Vilanova de Lleida.<\/p>\n\n\t\t<\/div>\n\t\t\t\t\t<\/div>\n\n\t\n\n<\/div>\n\n\t\t<\/div>\n\n\t\t\n<style>\n#section_1103529244 {\n  padding-top: 0px;\n  padding-bottom: 0px;\n}\n<\/style>\n\t<\/section>\n\t\n\n\t<section class=\"section\" id=\"section_687767480\">\n\t\t<div class=\"section-bg fill\" >\n\t\t\t\t\t\t\t\t\t\n\t\t\t\n\n\t\t<\/div>\n\n\t\t\n\n\t\t<div class=\"section-content relative\">\n\t\t\t\n\n<div class=\"row\"  id=\"row-2142576968\">\n\n\n\t<div id=\"col-1983042953\" class=\"col small-12 large-12\"  data-animate=\"fadeInUp\">\n\t\t\t\t<div class=\"col-inner\"  >\n\t\t\t\n\t\t\t\n\n<h3>Hospital Universitari M\u00fatuaTerrassa<\/h3>\r\n\t<div id=\"gap-688768978\" class=\"gap-element clearfix\" style=\"display:block; height:auto;\">\n\t\t\n<style>\n#gap-688768978 {\n  padding-top: 20px;\n}\n<\/style>\n\t<\/div>\n\t\n\n\n\t\t<\/div>\n\t\t\t\t\t<\/div>\n\n\t\n\n<\/div>\n<div class=\"row row-small\"  id=\"row-898905061\">\n\n\n\t<div id=\"col-278718912\" class=\"col medium-4 small-12 large-4\"  data-animate=\"fadeInUp\">\n\t\t\t\t<div class=\"col-inner\"  >\n\t\t\t\n\t\t\t\n\n\t<div class=\"img has-hover x md-x lg-x y md-y lg-y\" id=\"image_611193354\">\n\t\t\t\t\t\t\t\t<div class=\"img-inner image-cover dark\" style=\"padding-top:317px;\">\n\t\t\t<img loading=\"lazy\" decoding=\"async\" width=\"357\" height=\"317\" src=\"https:\/\/juntscontraelcancer.cat\/wp-content\/uploads\/2023\/02\/pexels-pixabay-39284.jpg\" class=\"attachment-original size-original\" alt=\"\" srcset=\"https:\/\/juntscontraelcancer.cat\/wp-content\/uploads\/2023\/02\/pexels-pixabay-39284.jpg 357w, https:\/\/juntscontraelcancer.cat\/wp-content\/uploads\/2023\/02\/pexels-pixabay-39284-300x266.jpg 300w\" sizes=\"auto, (max-width: 357px) 100vw, 357px\" \/>\t\t\t\t\t\t\n\t\t\t\t\t<\/div>\n\t\t\t\t\t\t\t\t\n<style>\n#image_611193354 {\n  width: 100%;\n}\n<\/style>\n\t<\/div>\n\t\n\n\n\t\t<\/div>\n\t\t\t\t\t<\/div>\n\n\t\n\n\t<div id=\"col-1612375026\" class=\"col medium-4 small-12 large-4\"  data-animate=\"fadeInUp\">\n\t\t\t\t<div class=\"col-inner\"  >\n\t\t\t\n\t\t\t\n\n\t<div class=\"img has-hover x md-x lg-x y md-y lg-y\" id=\"image_533464146\">\n\t\t\t\t\t\t\t\t<div class=\"img-inner image-cover dark\" style=\"padding-top:317px;\">\n\t\t\t<img loading=\"lazy\" decoding=\"async\" width=\"358\" height=\"317\" src=\"https:\/\/juntscontraelcancer.cat\/wp-content\/uploads\/2023\/02\/pexels-pixabay-39284-2.jpg\" class=\"attachment-original size-original\" alt=\"\" srcset=\"https:\/\/juntscontraelcancer.cat\/wp-content\/uploads\/2023\/02\/pexels-pixabay-39284-2.jpg 358w, https:\/\/juntscontraelcancer.cat\/wp-content\/uploads\/2023\/02\/pexels-pixabay-39284-2-300x266.jpg 300w\" sizes=\"auto, (max-width: 358px) 100vw, 358px\" \/>\t\t\t\t\t\t\n\t\t\t\t\t<\/div>\n\t\t\t\t\t\t\t\t\n<style>\n#image_533464146 {\n  width: 100%;\n}\n<\/style>\n\t<\/div>\n\t\n\n\n\t\t<\/div>\n\t\t\t\t\t<\/div>\n\n\t\n\n\t<div id=\"col-1521310412\" class=\"col medium-4 small-12 large-4\"  data-animate=\"fadeInUp\">\n\t\t\t\t<div class=\"col-inner\"  >\n\t\t\t\n\t\t\t\n\n\t<div class=\"img has-hover x md-x lg-x y md-y lg-y\" id=\"image_1509129027\">\n\t\t\t\t\t\t\t\t<div class=\"img-inner image-cover dark\" style=\"padding-top:317px;\">\n\t\t\t<img loading=\"lazy\" decoding=\"async\" width=\"357\" height=\"317\" src=\"https:\/\/juntscontraelcancer.cat\/wp-content\/uploads\/2023\/02\/pexels-pixabay-39284-3.jpg\" class=\"attachment-original size-original\" alt=\"\" srcset=\"https:\/\/juntscontraelcancer.cat\/wp-content\/uploads\/2023\/02\/pexels-pixabay-39284-3.jpg 357w, https:\/\/juntscontraelcancer.cat\/wp-content\/uploads\/2023\/02\/pexels-pixabay-39284-3-300x266.jpg 300w\" sizes=\"auto, (max-width: 357px) 100vw, 357px\" \/>\t\t\t\t\t\t\n\t\t\t\t\t<\/div>\n\t\t\t\t\t\t\t\t\n<style>\n#image_1509129027 {\n  width: 100%;\n}\n<\/style>\n\t<\/div>\n\t\n\n\n\t\t<\/div>\n\t\t\t\t\t<\/div>\n\n\t\n\n<\/div>\n<div class=\"row\"  id=\"row-1558855520\">\n\n\n\t<div id=\"col-717130162\" class=\"col small-12 large-12\"  data-animate=\"fadeInUp\">\n\t\t\t\t<div class=\"col-inner\"  >\n\t\t\t\n\t\t\t\n\n<h3>Hospital Arnau de Vilanova &#8211; Lleida<\/h3>\r\n\t<div id=\"gap-468718066\" class=\"gap-element clearfix\" style=\"display:block; height:auto;\">\n\t\t\n<style>\n#gap-468718066 {\n  padding-top: 20px;\n}\n<\/style>\n\t<\/div>\n\t\n\n\n\t\t<\/div>\n\t\t\t\t\t<\/div>\n\n\t\n\n<\/div>\n<div class=\"row row-small align-middle\"  id=\"row-650968589\">\n\n\n\t<div id=\"col-1859677853\" class=\"col medium-4 small-12 large-4\"  data-animate=\"fadeInUp\">\n\t\t\t\t<div class=\"col-inner\"  >\n\t\t\t\n\t\t\t\n\n\t<div class=\"img has-hover x md-x lg-x y md-y lg-y\" id=\"image_144131354\">\n\t\t\t\t\t\t\t\t<div class=\"img-inner image-cover dark\" style=\"padding-top:317px;\">\n\t\t\t<img loading=\"lazy\" decoding=\"async\" width=\"357\" height=\"317\" src=\"https:\/\/juntscontraelcancer.cat\/wp-content\/uploads\/2023\/02\/pexels-pixabay-39284-4.jpg\" class=\"attachment-original size-original\" alt=\"\" srcset=\"https:\/\/juntscontraelcancer.cat\/wp-content\/uploads\/2023\/02\/pexels-pixabay-39284-4.jpg 357w, https:\/\/juntscontraelcancer.cat\/wp-content\/uploads\/2023\/02\/pexels-pixabay-39284-4-300x266.jpg 300w\" sizes=\"auto, (max-width: 357px) 100vw, 357px\" \/>\t\t\t\t\t\t\n\t\t\t\t\t<\/div>\n\t\t\t\t\t\t\t\t\n<style>\n#image_144131354 {\n  width: 100%;\n}\n<\/style>\n\t<\/div>\n\t\n\n\n\t\t<\/div>\n\t\t\t\t\t<\/div>\n\n\t\n\n\t<div id=\"col-2101539749\" class=\"col medium-4 small-12 large-4\"  data-animate=\"fadeInUp\">\n\t\t\t\t<div class=\"col-inner\"  >\n\t\t\t\n\t\t\t\n\n\t<div class=\"img has-hover x md-x lg-x y md-y lg-y\" id=\"image_1200535310\">\n\t\t\t\t\t\t\t\t<div class=\"img-inner image-cover dark\" style=\"padding-top:317px;\">\n\t\t\t<img loading=\"lazy\" decoding=\"async\" width=\"358\" height=\"317\" src=\"https:\/\/juntscontraelcancer.cat\/wp-content\/uploads\/2023\/02\/pexels-pixabay-39284-5.jpg\" class=\"attachment-original size-original\" alt=\"\" srcset=\"https:\/\/juntscontraelcancer.cat\/wp-content\/uploads\/2023\/02\/pexels-pixabay-39284-5.jpg 358w, https:\/\/juntscontraelcancer.cat\/wp-content\/uploads\/2023\/02\/pexels-pixabay-39284-5-300x266.jpg 300w\" sizes=\"auto, (max-width: 358px) 100vw, 358px\" \/>\t\t\t\t\t\t\n\t\t\t\t\t<\/div>\n\t\t\t\t\t\t\t\t\n<style>\n#image_1200535310 {\n  width: 100%;\n}\n<\/style>\n\t<\/div>\n\t\n\n\n\t\t<\/div>\n\t\t\t\t\t<\/div>\n\n\t\n\n\t<div id=\"col-846485237\" class=\"col medium-4 small-12 large-4\"  data-animate=\"fadeInUp\">\n\t\t\t\t<div class=\"col-inner\"  >\n\t\t\t\n\t\t\t\n\n\t<div class=\"img has-hover x md-x lg-x y md-y lg-y\" id=\"image_600610883\">\n\t\t\t\t\t\t\t\t<div class=\"img-inner image-cover dark\" style=\"padding-top:317px;\">\n\t\t\t<img loading=\"lazy\" decoding=\"async\" width=\"357\" height=\"317\" src=\"https:\/\/juntscontraelcancer.cat\/wp-content\/uploads\/2023\/02\/pexels-pixabay-39284-6.jpg\" class=\"attachment-original size-original\" alt=\"\" srcset=\"https:\/\/juntscontraelcancer.cat\/wp-content\/uploads\/2023\/02\/pexels-pixabay-39284-6.jpg 357w, https:\/\/juntscontraelcancer.cat\/wp-content\/uploads\/2023\/02\/pexels-pixabay-39284-6-300x266.jpg 300w\" sizes=\"auto, (max-width: 357px) 100vw, 357px\" \/>\t\t\t\t\t\t\n\t\t\t\t\t<\/div>\n\t\t\t\t\t\t\t\t\n<style>\n#image_600610883 {\n  width: 100%;\n}\n<\/style>\n\t<\/div>\n\t\n\n\n\t\t<\/div>\n\t\t\t\t\t<\/div>\n\n\t\n\n<\/div>\n<div class=\"row\"  id=\"row-1877267087\">\n\n\n\t<div id=\"col-1779426038\" class=\"col small-12 large-12\"  data-animate=\"fadeInUp\">\n\t\t\t\t<div class=\"col-inner\"  >\n\t\t\t\n\t\t\t\n\n\t<div id=\"gap-1034064546\" class=\"gap-element clearfix\" style=\"display:block; height:auto;\">\n\t\t\n<style>\n#gap-1034064546 {\n  padding-top: 20px;\n}\n<\/style>\n\t<\/div>\n\t\r\n\r\n<h3>Hospital Universitari de Vic<\/h3>\r\n\t<div id=\"gap-942031867\" class=\"gap-element clearfix\" style=\"display:block; height:auto;\">\n\t\t\n<style>\n#gap-942031867 {\n  padding-top: 20px;\n}\n<\/style>\n\t<\/div>\n\t\n\n\n\t\t<\/div>\n\t\t\t\t\t<\/div>\n\n\t\n\n<\/div>\n<div class=\"row row-small align-middle\"  id=\"row-1073285479\">\n\n\n\t<div id=\"col-476171234\" class=\"col medium-4 small-12 large-4\"  data-animate=\"fadeInUp\">\n\t\t\t\t<div class=\"col-inner\"  >\n\t\t\t\n\t\t\t\n\n\t<div class=\"img has-hover x md-x lg-x y md-y lg-y\" id=\"image_446936477\">\n\t\t\t\t\t\t\t\t<div class=\"img-inner image-cover dark\" style=\"padding-top:317px;\">\n\t\t\t\t\t\t\t\t\t\n\t\t\t\t\t<\/div>\n\t\t\t\t\t\t\t\t\n<style>\n#image_446936477 {\n  width: 100%;\n}\n<\/style>\n\t<\/div>\n\t\n\n\n\t\t<\/div>\n\t\t\t\t\t<\/div>\n\n\t\n\n\t<div id=\"col-1016309669\" class=\"col medium-4 small-12 large-4\"  data-animate=\"fadeInUp\">\n\t\t\t\t<div class=\"col-inner\"  >\n\t\t\t\n\t\t\t\n\n\t<div class=\"img has-hover x md-x lg-x y md-y lg-y\" id=\"image_826921485\">\n\t\t\t\t\t\t\t\t<div class=\"img-inner image-cover dark\" style=\"padding-top:317px;\">\n\t\t\t<img loading=\"lazy\" decoding=\"async\" width=\"2560\" height=\"1920\" src=\"https:\/\/juntscontraelcancer.cat\/wp-content\/uploads\/2025\/02\/junts-contra-el-cancer-mayas-illusion-vic-2-scaled.jpg\" class=\"attachment-original size-original\" alt=\"\" srcset=\"https:\/\/juntscontraelcancer.cat\/wp-content\/uploads\/2025\/02\/junts-contra-el-cancer-mayas-illusion-vic-2-scaled.jpg 2560w, https:\/\/juntscontraelcancer.cat\/wp-content\/uploads\/2025\/02\/junts-contra-el-cancer-mayas-illusion-vic-2-300x225.jpg 300w, https:\/\/juntscontraelcancer.cat\/wp-content\/uploads\/2025\/02\/junts-contra-el-cancer-mayas-illusion-vic-2-1024x768.jpg 1024w, https:\/\/juntscontraelcancer.cat\/wp-content\/uploads\/2025\/02\/junts-contra-el-cancer-mayas-illusion-vic-2-768x576.jpg 768w, https:\/\/juntscontraelcancer.cat\/wp-content\/uploads\/2025\/02\/junts-contra-el-cancer-mayas-illusion-vic-2-1536x1152.jpg 1536w, https:\/\/juntscontraelcancer.cat\/wp-content\/uploads\/2025\/02\/junts-contra-el-cancer-mayas-illusion-vic-2-2048x1536.jpg 2048w\" sizes=\"auto, (max-width: 2560px) 100vw, 2560px\" \/>\t\t\t\t\t\t\n\t\t\t\t\t<\/div>\n\t\t\t\t\t\t\t\t\n<style>\n#image_826921485 {\n  width: 100%;\n}\n<\/style>\n\t<\/div>\n\t\n\n\n\t\t<\/div>\n\t\t\t\t\t<\/div>\n\n\t\n\n\t<div id=\"col-831183003\" class=\"col medium-4 small-12 large-4\"  data-animate=\"fadeInUp\">\n\t\t\t\t<div class=\"col-inner\"  >\n\t\t\t\n\t\t\t\n\n\t<div class=\"img has-hover x md-x lg-x y md-y lg-y\" id=\"image_82720494\">\n\t\t\t\t\t\t\t\t<div class=\"img-inner image-cover dark\" style=\"padding-top:317px;\">\n\t\t\t<img loading=\"lazy\" decoding=\"async\" width=\"2560\" height=\"1152\" src=\"https:\/\/juntscontraelcancer.cat\/wp-content\/uploads\/2025\/02\/20250204_194506-scaled.jpg\" class=\"attachment-original size-original\" alt=\"\" srcset=\"https:\/\/juntscontraelcancer.cat\/wp-content\/uploads\/2025\/02\/20250204_194506-scaled.jpg 2560w, https:\/\/juntscontraelcancer.cat\/wp-content\/uploads\/2025\/02\/20250204_194506-300x135.jpg 300w, https:\/\/juntscontraelcancer.cat\/wp-content\/uploads\/2025\/02\/20250204_194506-1024x461.jpg 1024w, https:\/\/juntscontraelcancer.cat\/wp-content\/uploads\/2025\/02\/20250204_194506-768x346.jpg 768w, https:\/\/juntscontraelcancer.cat\/wp-content\/uploads\/2025\/02\/20250204_194506-1536x691.jpg 1536w, https:\/\/juntscontraelcancer.cat\/wp-content\/uploads\/2025\/02\/20250204_194506-2048x922.jpg 2048w\" sizes=\"auto, (max-width: 2560px) 100vw, 2560px\" \/>\t\t\t\t\t\t\n\t\t\t\t\t<\/div>\n\t\t\t\t\t\t\t\t\n<style>\n#image_82720494 {\n  width: 100%;\n}\n<\/style>\n\t<\/div>\n\t\n\n\n\t\t<\/div>\n\t\t\t\t\t<\/div>\n\n\t\n\n<\/div>\n\n\t\t<\/div>\n\n\t\t\n<style>\n#section_687767480 {\n  padding-top: 30px;\n  padding-bottom: 30px;\n}\n<\/style>\n\t<\/section>\n\t\n\t<div id=\"gap-153082813\" class=\"gap-element clearfix\" style=\"display:block; height:auto;\">\n\t\t\n<style>\n#gap-153082813 {\n  padding-top: 70px;\n}\n<\/style>\n\t<\/div>\n\t\n\n\t<div id=\"gap-475882741\" class=\"gap-element clearfix\" style=\"display:block; height:auto;\">\n\t\t\n<style>\n#gap-475882741 {\n  padding-top: 60px;\n}\n<\/style>\n\t<\/div>\n\t\n\n\n","protected":false},"excerpt":{"rendered":"","protected":false},"author":1,"featured_media":0,"parent":0,"menu_order":0,"comment_status":"closed","ping_status":"closed","template":"page-blank.php","meta":{"_acf_changed":false,"inline_featured_image":false,"footnotes":""},"class_list":["post-15333","page","type-page","status-publish","hentry"],"acf":[],"yoast_head":"<!-- This site is optimized with the Yoast SEO plugin v27.3 - https:\/\/yoast.com\/product\/yoast-seo-wordpress\/ -->\n<title>Humanizaci\u00f3n espacios hospitalarios - Junts contra el c\u00e0ncer - FECEC<\/title>\n<meta name=\"robots\" content=\"index, follow, max-snippet:-1, max-image-preview:large, max-video-preview:-1\" \/>\n<link rel=\"canonical\" href=\"https:\/\/juntscontraelcancer.cat\/es\/humanizacion-espacios-hospitalarios\/\" \/>\n<meta property=\"og:locale\" content=\"es_ES\" \/>\n<meta property=\"og:type\" content=\"article\" \/>\n<meta property=\"og:title\" content=\"Humanizaci\u00f3n espacios hospitalarios - Junts contra el c\u00e0ncer - FECEC\" \/>\n<meta property=\"og:url\" content=\"https:\/\/juntscontraelcancer.cat\/es\/humanizacion-espacios-hospitalarios\/\" \/>\n<meta property=\"og:site_name\" content=\"Junts contra el c\u00e0ncer - FECEC\" \/>\n<meta property=\"article:publisher\" content=\"https:\/\/www.facebook.com\/fecec.federacio\/\" \/>\n<meta property=\"article:modified_time\" content=\"2025-03-13T12:16:46+00:00\" \/>\n<meta name=\"twitter:card\" content=\"summary_large_image\" \/>\n<meta name=\"twitter:site\" content=\"@FececFederacio\" \/>\n<meta name=\"twitter:label1\" content=\"Tiempo de lectura\" \/>\n\t<meta name=\"twitter:data1\" content=\"2 minutos\" \/>\n<script type=\"application\/ld+json\" class=\"yoast-schema-graph\">{\"@context\":\"https:\\\/\\\/schema.org\",\"@graph\":[{\"@type\":\"WebPage\",\"@id\":\"https:\\\/\\\/juntscontraelcancer.cat\\\/es\\\/humanizacion-espacios-hospitalarios\\\/\",\"url\":\"https:\\\/\\\/juntscontraelcancer.cat\\\/es\\\/humanizacion-espacios-hospitalarios\\\/\",\"name\":\"Humanizaci\u00f3n espacios hospitalarios - Junts contra el c\u00e0ncer - FECEC\",\"isPartOf\":{\"@id\":\"https:\\\/\\\/juntscontraelcancer.cat\\\/es\\\/#website\"},\"datePublished\":\"2023-02-27T12:54:02+00:00\",\"dateModified\":\"2025-03-13T12:16:46+00:00\",\"breadcrumb\":{\"@id\":\"https:\\\/\\\/juntscontraelcancer.cat\\\/es\\\/humanizacion-espacios-hospitalarios\\\/#breadcrumb\"},\"inLanguage\":\"es\",\"potentialAction\":[{\"@type\":\"ReadAction\",\"target\":[\"https:\\\/\\\/juntscontraelcancer.cat\\\/es\\\/humanizacion-espacios-hospitalarios\\\/\"]}]},{\"@type\":\"BreadcrumbList\",\"@id\":\"https:\\\/\\\/juntscontraelcancer.cat\\\/es\\\/humanizacion-espacios-hospitalarios\\\/#breadcrumb\",\"itemListElement\":[{\"@type\":\"ListItem\",\"position\":1,\"name\":\"Inicio\",\"item\":\"https:\\\/\\\/juntscontraelcancer.cat\\\/es\\\/\"},{\"@type\":\"ListItem\",\"position\":2,\"name\":\"Humanizaci\u00f3n espacios hospitalarios\"}]},{\"@type\":\"WebSite\",\"@id\":\"https:\\\/\\\/juntscontraelcancer.cat\\\/es\\\/#website\",\"url\":\"https:\\\/\\\/juntscontraelcancer.cat\\\/es\\\/\",\"name\":\"Junts contra el c\u00e0ncer - FECEC\",\"description\":\"\",\"publisher\":{\"@id\":\"https:\\\/\\\/juntscontraelcancer.cat\\\/es\\\/#organization\"},\"potentialAction\":[{\"@type\":\"SearchAction\",\"target\":{\"@type\":\"EntryPoint\",\"urlTemplate\":\"https:\\\/\\\/juntscontraelcancer.cat\\\/es\\\/?s={search_term_string}\"},\"query-input\":{\"@type\":\"PropertyValueSpecification\",\"valueRequired\":true,\"valueName\":\"search_term_string\"}}],\"inLanguage\":\"es\"},{\"@type\":\"Organization\",\"@id\":\"https:\\\/\\\/juntscontraelcancer.cat\\\/es\\\/#organization\",\"name\":\"Junts contra el c\u00e0ncer - FECEC\",\"url\":\"https:\\\/\\\/juntscontraelcancer.cat\\\/es\\\/\",\"logo\":{\"@type\":\"ImageObject\",\"inLanguage\":\"es\",\"@id\":\"https:\\\/\\\/juntscontraelcancer.cat\\\/es\\\/#\\\/schema\\\/logo\\\/image\\\/\",\"url\":\"https:\\\/\\\/juntscontraelcancer.cat\\\/wp-content\\\/uploads\\\/2023\\\/01\\\/logo-fecec-header.png\",\"contentUrl\":\"https:\\\/\\\/juntscontraelcancer.cat\\\/wp-content\\\/uploads\\\/2023\\\/01\\\/logo-fecec-header.png\",\"width\":126,\"height\":74,\"caption\":\"Junts contra el c\u00e0ncer - FECEC\"},\"image\":{\"@id\":\"https:\\\/\\\/juntscontraelcancer.cat\\\/es\\\/#\\\/schema\\\/logo\\\/image\\\/\"},\"sameAs\":[\"https:\\\/\\\/www.facebook.com\\\/fecec.federacio\\\/\",\"https:\\\/\\\/x.com\\\/FececFederacio\",\"https:\\\/\\\/www.instagram.com\\\/fececfederacio\\\/?hl=es\",\"https:\\\/\\\/www.youtube.com\\\/channel\\\/UCgAC_6c6hmHwMQhSCQyYBdA\"]}]}<\/script>\n<!-- \/ Yoast SEO plugin. -->","yoast_head_json":{"title":"Humanizaci\u00f3n espacios hospitalarios - Junts contra el c\u00e0ncer - FECEC","robots":{"index":"index","follow":"follow","max-snippet":"max-snippet:-1","max-image-preview":"max-image-preview:large","max-video-preview":"max-video-preview:-1"},"canonical":"https:\/\/juntscontraelcancer.cat\/es\/humanizacion-espacios-hospitalarios\/","og_locale":"es_ES","og_type":"article","og_title":"Humanizaci\u00f3n espacios hospitalarios - Junts contra el c\u00e0ncer - FECEC","og_url":"https:\/\/juntscontraelcancer.cat\/es\/humanizacion-espacios-hospitalarios\/","og_site_name":"Junts contra el c\u00e0ncer - FECEC","article_publisher":"https:\/\/www.facebook.com\/fecec.federacio\/","article_modified_time":"2025-03-13T12:16:46+00:00","twitter_card":"summary_large_image","twitter_site":"@FececFederacio","twitter_misc":{"Tiempo de lectura":"2 minutos"},"schema":{"@context":"https:\/\/schema.org","@graph":[{"@type":"WebPage","@id":"https:\/\/juntscontraelcancer.cat\/es\/humanizacion-espacios-hospitalarios\/","url":"https:\/\/juntscontraelcancer.cat\/es\/humanizacion-espacios-hospitalarios\/","name":"Humanizaci\u00f3n espacios hospitalarios - Junts contra el c\u00e0ncer - FECEC","isPartOf":{"@id":"https:\/\/juntscontraelcancer.cat\/es\/#website"},"datePublished":"2023-02-27T12:54:02+00:00","dateModified":"2025-03-13T12:16:46+00:00","breadcrumb":{"@id":"https:\/\/juntscontraelcancer.cat\/es\/humanizacion-espacios-hospitalarios\/#breadcrumb"},"inLanguage":"es","potentialAction":[{"@type":"ReadAction","target":["https:\/\/juntscontraelcancer.cat\/es\/humanizacion-espacios-hospitalarios\/"]}]},{"@type":"BreadcrumbList","@id":"https:\/\/juntscontraelcancer.cat\/es\/humanizacion-espacios-hospitalarios\/#breadcrumb","itemListElement":[{"@type":"ListItem","position":1,"name":"Inicio","item":"https:\/\/juntscontraelcancer.cat\/es\/"},{"@type":"ListItem","position":2,"name":"Humanizaci\u00f3n espacios hospitalarios"}]},{"@type":"WebSite","@id":"https:\/\/juntscontraelcancer.cat\/es\/#website","url":"https:\/\/juntscontraelcancer.cat\/es\/","name":"Junts contra el c\u00e0ncer - FECEC","description":"","publisher":{"@id":"https:\/\/juntscontraelcancer.cat\/es\/#organization"},"potentialAction":[{"@type":"SearchAction","target":{"@type":"EntryPoint","urlTemplate":"https:\/\/juntscontraelcancer.cat\/es\/?s={search_term_string}"},"query-input":{"@type":"PropertyValueSpecification","valueRequired":true,"valueName":"search_term_string"}}],"inLanguage":"es"},{"@type":"Organization","@id":"https:\/\/juntscontraelcancer.cat\/es\/#organization","name":"Junts contra el c\u00e0ncer - FECEC","url":"https:\/\/juntscontraelcancer.cat\/es\/","logo":{"@type":"ImageObject","inLanguage":"es","@id":"https:\/\/juntscontraelcancer.cat\/es\/#\/schema\/logo\/image\/","url":"https:\/\/juntscontraelcancer.cat\/wp-content\/uploads\/2023\/01\/logo-fecec-header.png","contentUrl":"https:\/\/juntscontraelcancer.cat\/wp-content\/uploads\/2023\/01\/logo-fecec-header.png","width":126,"height":74,"caption":"Junts contra el c\u00e0ncer - FECEC"},"image":{"@id":"https:\/\/juntscontraelcancer.cat\/es\/#\/schema\/logo\/image\/"},"sameAs":["https:\/\/www.facebook.com\/fecec.federacio\/","https:\/\/x.com\/FececFederacio","https:\/\/www.instagram.com\/fececfederacio\/?hl=es","https:\/\/www.youtube.com\/channel\/UCgAC_6c6hmHwMQhSCQyYBdA"]}]}},"_links":{"self":[{"href":"https:\/\/juntscontraelcancer.cat\/es\/wp-json\/wp\/v2\/pages\/15333","targetHints":{"allow":["GET"]}}],"collection":[{"href":"https:\/\/juntscontraelcancer.cat\/es\/wp-json\/wp\/v2\/pages"}],"about":[{"href":"https:\/\/juntscontraelcancer.cat\/es\/wp-json\/wp\/v2\/types\/page"}],"author":[{"embeddable":true,"href":"https:\/\/juntscontraelcancer.cat\/es\/wp-json\/wp\/v2\/users\/1"}],"replies":[{"embeddable":true,"href":"https:\/\/juntscontraelcancer.cat\/es\/wp-json\/wp\/v2\/comments?post=15333"}],"version-history":[{"count":34,"href":"https:\/\/juntscontraelcancer.cat\/es\/wp-json\/wp\/v2\/pages\/15333\/revisions"}],"predecessor-version":[{"id":39875,"href":"https:\/\/juntscontraelcancer.cat\/es\/wp-json\/wp\/v2\/pages\/15333\/revisions\/39875"}],"wp:attachment":[{"href":"https:\/\/juntscontraelcancer.cat\/es\/wp-json\/wp\/v2\/media?parent=15333"}],"curies":[{"name":"wp","href":"https:\/\/api.w.org\/{rel}","templated":true}]}}